{"id":48113,"date":"2024-07-22T14:50:22","date_gmt":"2024-07-22T12:50:22","guid":{"rendered":"https:\/\/shivaplus.com\/?post_type=product&#038;p=48113"},"modified":"2024-07-31T16:06:06","modified_gmt":"2024-07-31T14:06:06","slug":"groupe-electrogene-dieselinsonorise-1kva-jusqua-20kva","status":"publish","type":"product","link":"https:\/\/shivaplus.com\/index.php\/produit\/groupe-electrogene-dieselinsonorise-1kva-jusqua-20kva\/","title":{"rendered":"groupe \u00e9lectrog\u00e8ne DIESEL insonoris\u00e9-1KVA-jusqua-20KVA"},"content":{"rendered":"<p><img decoding=\"async\" loading=\"lazy\" class=\"aligncenter size-medium wp-image-48114\" src=\"http:\/\/shivaplus.com\/wp-content\/uploads\/2024\/07\/groupe-electrogene-DIESELinsonorise-1KVA-jusqua-20KVA-300x281.jpg\" alt=\"\" width=\"300\" height=\"281\" \/><\/p>\n","protected":false},"excerpt":{"rendered":"","protected":false},"featured_media":48114,"comment_status":"open","ping_status":"closed","template":"","meta":[],"product_cat":[15],"product_tag":[],"_links":{"self":[{"href":"https:\/\/shivaplus.com\/index.php\/wp-json\/wp\/v2\/product\/48113"}],"collection":[{"href":"https:\/\/shivaplus.com\/index.php\/wp-json\/wp\/v2\/product"}],"about":[{"href":"https:\/\/shivaplus.com\/index.php\/wp-json\/wp\/v2\/types\/product"}],"replies":[{"embeddable":true,"href":"https:\/\/shivaplus.com\/index.php\/wp-json\/wp\/v2\/comments?post=48113"}],"version-history":[{"count":3,"href":"https:\/\/shivaplus.com\/index.php\/wp-json\/wp\/v2\/product\/48113\/revisions"}],"predecessor-version":[{"id":48352,"href":"https:\/\/shivaplus.com\/index.php\/wp-json\/wp\/v2\/product\/48113\/revisions\/48352"}],"wp:featuredmedia":[{"embeddable":true,"href":"https:\/\/shivaplus.com\/index.php\/wp-json\/wp\/v2\/media\/48114"}],"wp:attachment":[{"href":"https:\/\/shivaplus.com\/index.php\/wp-json\/wp\/v2\/media?parent=48113"}],"wp:term":[{"taxonomy":"product_cat","embeddable":true,"href":"https:\/\/shivaplus.com\/index.php\/wp-json\/wp\/v2\/product_cat?post=48113"},{"taxonomy":"product_tag","embeddable":true,"href":"https:\/\/shivaplus.com\/index.php\/wp-json\/wp\/v2\/product_tag?post=48113"}],"curies":[{"name":"wp","href":"https:\/\/api.w.org\/{rel}","templated":true}]}}