{"id":47871,"date":"2023-09-06T14:22:15","date_gmt":"2023-09-06T12:22:15","guid":{"rendered":"https:\/\/shivaplus.com\/?post_type=product&#038;p=47871"},"modified":"2023-11-01T14:22:06","modified_gmt":"2023-11-01T13:22:06","slug":"climatiseur-dualcool-inverter-24-000-btu-10-ans-de-garantie-economie-denergie-refroidissement-rapide","status":"publish","type":"product","link":"https:\/\/shivaplus.com\/index.php\/produit\/climatiseur-dualcool-inverter-24-000-btu-10-ans-de-garantie-economie-denergie-refroidissement-rapide\/","title":{"rendered":"Climatiseur LG, DUALCOOL Inverter, 24 000 BTU, 10 ans de garantie, \u00e9conomie d\u2019\u00e9nergie, refroidissement rapide"},"content":{"rendered":"<ul class=\"feature-list on\">\n<li>DUAL INVERTER COMPRESSOR\u2122 GARANTI 10 ANS<\/li>\n<li>Refroidissement rapide &amp; \u00c9conomie d\u2019\u00e9nergie<\/li>\n<li>Dual Inverter Compressor\u2122<\/li>\n<li>Gen Mode+\u2122<\/li>\n<li>Silencieux<\/li>\n<li>DESIGN SIMPLE ET \u00c9LANC\u00c9 AVEC \u00c9CRAN INVISIBLE<\/li>\n<\/ul>\n","protected":false},"excerpt":{"rendered":"<p>DUAL INVERTER COMPRESSOR\u2122 GARANTI 10 ANS Refroidissement rapide &amp; \u00c9conomie d\u2019\u00e9nergie Dual Inverter Compressor\u2122 Gen Mode+\u2122 Silencieux DESIGN SIMPLE ET \u00c9LANC\u00c9 AVEC \u00c9CRAN INVISIBLE<\/p>\n","protected":false},"featured_media":47872,"comment_status":"open","ping_status":"closed","template":"","meta":[],"product_cat":[152],"product_tag":[],"_links":{"self":[{"href":"https:\/\/shivaplus.com\/index.php\/wp-json\/wp\/v2\/product\/47871"}],"collection":[{"href":"https:\/\/shivaplus.com\/index.php\/wp-json\/wp\/v2\/product"}],"about":[{"href":"https:\/\/shivaplus.com\/index.php\/wp-json\/wp\/v2\/types\/product"}],"replies":[{"embeddable":true,"href":"https:\/\/shivaplus.com\/index.php\/wp-json\/wp\/v2\/comments?post=47871"}],"version-history":[{"count":2,"href":"https:\/\/shivaplus.com\/index.php\/wp-json\/wp\/v2\/product\/47871\/revisions"}],"predecessor-version":[{"id":47998,"href":"https:\/\/shivaplus.com\/index.php\/wp-json\/wp\/v2\/product\/47871\/revisions\/47998"}],"wp:featuredmedia":[{"embeddable":true,"href":"https:\/\/shivaplus.com\/index.php\/wp-json\/wp\/v2\/media\/47872"}],"wp:attachment":[{"href":"https:\/\/shivaplus.com\/index.php\/wp-json\/wp\/v2\/media?parent=47871"}],"wp:term":[{"taxonomy":"product_cat","embeddable":true,"href":"https:\/\/shivaplus.com\/index.php\/wp-json\/wp\/v2\/product_cat?post=47871"},{"taxonomy":"product_tag","embeddable":true,"href":"https:\/\/shivaplus.com\/index.php\/wp-json\/wp\/v2\/product_tag?post=47871"}],"curies":[{"name":"wp","href":"https:\/\/api.w.org\/{rel}","templated":true}]}}