{"id":47862,"date":"2023-09-06T14:07:04","date_gmt":"2023-09-06T12:07:04","guid":{"rendered":"https:\/\/shivaplus.com\/?post_type=product&#038;p=47862"},"modified":"2023-09-06T14:07:04","modified_gmt":"2023-09-06T12:07:04","slug":"climatiseur-lg-artcool-inverter-compressor-s4q24k2rtd-24000-btu-3-cv-12-mois","status":"publish","type":"product","link":"https:\/\/shivaplus.com\/index.php\/produit\/climatiseur-lg-artcool-inverter-compressor-s4q24k2rtd-24000-btu-3-cv-12-mois\/","title":{"rendered":"Climatiseur LG ARTCOOL &#8211; Inverter Compressor &#8211; S4Q24K2RTD &#8211; 24000 BTU &#8211; 3 Cv -12 mois"},"content":{"rendered":"<ul>\n<li><span data-sheets-value=\"{&quot;1&quot;:2,&quot;2&quot;:&quot;Type Produit : Climatiseur Split\\nMarque : Glamstar\\nCat\u00e9gorie : Electrom\u00e9nager\\nPuissance : 1.25 Cv\\ncapacit\u00e9 de refroidissement\u202f: 9000 BTU\/h\\ntension : 220V-240V\\nfr\u00e9quence : 50Hz\\nr\u00e9frig\u00e9rant\/charge : R22\/0.580Kg\\ncourant de refroidissement nominal : 5.62A\\ncourant d\u2019entr\u00e9e maximum : 8.73A\\nRated inut ;1500W\\nvolume d\u2019air int\u00e9rieur : 550m3\/h\\npuissance de refroidissement nominal : 955W\\npuissance d\u2019entr\u00e9e maximum : 1200W\\nCouleur : Blanc\\nGarantie : 12 Mois\\nR\u00e9f\u00e9rence: Roc-44436-&quot;}\" data-sheets-userformat=\"{&quot;2&quot;:4226,&quot;4&quot;:{&quot;1&quot;:2,&quot;2&quot;:16777215},&quot;10&quot;:2,&quot;15&quot;:&quot;Arial&quot;}\"><strong>Type Produit :<\/strong>\u00a0Climatiseur Split<br \/>\n<\/span><\/li>\n<li><span data-sheets-value=\"{&quot;1&quot;:2,&quot;2&quot;:&quot;Type Produit : Climatiseur Split\\nMarque : Glamstar\\nCat\u00e9gorie : Electrom\u00e9nager\\nPuissance : 1.25 Cv\\ncapacit\u00e9 de refroidissement\u202f: 9000 BTU\/h\\ntension : 220V-240V\\nfr\u00e9quence : 50Hz\\nr\u00e9frig\u00e9rant\/charge : R22\/0.580Kg\\ncourant de refroidissement nominal : 5.62A\\ncourant d\u2019entr\u00e9e maximum : 8.73A\\nRated inut ;1500W\\nvolume d\u2019air int\u00e9rieur : 550m3\/h\\npuissance de refroidissement nominal : 955W\\npuissance d\u2019entr\u00e9e maximum : 1200W\\nCouleur : Blanc\\nGarantie : 12 Mois\\nR\u00e9f\u00e9rence: Roc-44436-&quot;}\" data-sheets-userformat=\"{&quot;2&quot;:4226,&quot;4&quot;:{&quot;1&quot;:2,&quot;2&quot;:16777215},&quot;10&quot;:2,&quot;15&quot;:&quot;Arial&quot;}\"><strong>Marque :<\/strong>\u00a0LG<br \/>\n<\/span><\/li>\n<li><span data-sheets-value=\"{&quot;1&quot;:2,&quot;2&quot;:&quot;Type Produit : Climatiseur Split\\nMarque : Glamstar\\nCat\u00e9gorie : Electrom\u00e9nager\\nPuissance : 1.25 Cv\\ncapacit\u00e9 de refroidissement\u202f: 9000 BTU\/h\\ntension : 220V-240V\\nfr\u00e9quence : 50Hz\\nr\u00e9frig\u00e9rant\/charge : R22\/0.580Kg\\ncourant de refroidissement nominal : 5.62A\\ncourant d\u2019entr\u00e9e maximum : 8.73A\\nRated inut ;1500W\\nvolume d\u2019air int\u00e9rieur : 550m3\/h\\npuissance de refroidissement nominal : 955W\\npuissance d\u2019entr\u00e9e maximum : 1200W\\nCouleur : Blanc\\nGarantie : 12 Mois\\nR\u00e9f\u00e9rence: Roc-44436-&quot;}\" data-sheets-userformat=\"{&quot;2&quot;:4226,&quot;4&quot;:{&quot;1&quot;:2,&quot;2&quot;:16777215},&quot;10&quot;:2,&quot;15&quot;:&quot;Arial&quot;}\"><strong>Cat\u00e9gorie :<\/strong>\u00a0Electrom\u00e9nager<br \/>\n<\/span><\/li>\n<li><span data-sheets-value=\"{&quot;1&quot;:2,&quot;2&quot;:&quot;Type Produit : Climatiseur Split\\nMarque : Glamstar\\nCat\u00e9gorie : Electrom\u00e9nager\\nPuissance : 1.25 Cv\\ncapacit\u00e9 de refroidissement\u202f: 9000 BTU\/h\\ntension : 220V-240V\\nfr\u00e9quence : 50Hz\\nr\u00e9frig\u00e9rant\/charge : R22\/0.580Kg\\ncourant de refroidissement nominal : 5.62A\\ncourant d\u2019entr\u00e9e maximum : 8.73A\\nRated inut ;1500W\\nvolume d\u2019air int\u00e9rieur : 550m3\/h\\npuissance de refroidissement nominal : 955W\\npuissance d\u2019entr\u00e9e maximum : 1200W\\nCouleur : Blanc\\nGarantie : 12 Mois\\nR\u00e9f\u00e9rence: Roc-44436-&quot;}\" data-sheets-userformat=\"{&quot;2&quot;:4226,&quot;4&quot;:{&quot;1&quot;:2,&quot;2&quot;:16777215},&quot;10&quot;:2,&quot;15&quot;:&quot;Arial&quot;}\"><strong>Puissance :<\/strong>\u00a03 Cv<br \/>\n<\/span><\/li>\n<li><span data-sheets-value=\"{&quot;1&quot;:2,&quot;2&quot;:&quot;Type Produit : Climatiseur Split\\nMarque : Glamstar\\nCat\u00e9gorie : Electrom\u00e9nager\\nPuissance : 1.25 Cv\\ncapacit\u00e9 de refroidissement\u202f: 9000 BTU\/h\\ntension : 220V-240V\\nfr\u00e9quence : 50Hz\\nr\u00e9frig\u00e9rant\/charge : R22\/0.580Kg\\ncourant de refroidissement nominal : 5.62A\\ncourant d\u2019entr\u00e9e maximum : 8.73A\\nRated inut ;1500W\\nvolume d\u2019air int\u00e9rieur : 550m3\/h\\npuissance de refroidissement nominal : 955W\\npuissance d\u2019entr\u00e9e maximum : 1200W\\nCouleur : Blanc\\nGarantie : 12 Mois\\nR\u00e9f\u00e9rence: Roc-44436-&quot;}\" data-sheets-userformat=\"{&quot;2&quot;:4226,&quot;4&quot;:{&quot;1&quot;:2,&quot;2&quot;:16777215},&quot;10&quot;:2,&quot;15&quot;:&quot;Arial&quot;}\"><strong>Capacit\u00e9 de refroidissement\u202f:<\/strong>\u00a024000 BTU\/h<br \/>\n<\/span><\/li>\n<li><strong>Tension :<\/strong>\u00a0220V-240V<\/li>\n<li><strong>Puissance \u00e9lectrique:<\/strong>\u00a02010W<\/li>\n<li><span data-sheets-value=\"{&quot;1&quot;:2,&quot;2&quot;:&quot;Type Produit : Climatiseur Split\\nMarque : Glamstar\\nCat\u00e9gorie : Electrom\u00e9nager\\nPuissance : 1.25 Cv\\ncapacit\u00e9 de refroidissement\u202f: 9000 BTU\/h\\ntension : 220V-240V\\nfr\u00e9quence : 50Hz\\nr\u00e9frig\u00e9rant\/charge : R22\/0.580Kg\\ncourant de refroidissement nominal : 5.62A\\ncourant d\u2019entr\u00e9e maximum : 8.73A\\nRated inut ;1500W\\nvolume d\u2019air int\u00e9rieur : 550m3\/h\\npuissance de refroidissement nominal : 955W\\npuissance d\u2019entr\u00e9e maximum : 1200W\\nCouleur : Blanc\\nGarantie : 12 Mois\\nR\u00e9f\u00e9rence: Roc-44436-&quot;}\" data-sheets-userformat=\"{&quot;2&quot;:4226,&quot;4&quot;:{&quot;1&quot;:2,&quot;2&quot;:16777215},&quot;10&quot;:2,&quot;15&quot;:&quot;Arial&quot;}\"><strong>Intervalle de fonctionnement &#8211; Refroidissement:<\/strong>\u00a018 ~ 48\u00b0C<\/span><\/li>\n<li><strong>Niveau de pression sonore &#8211; Refroidissement Max\/H\/M\/B\/SB:<\/strong>\u00a055\/45\/43\/38\/32 dB(A)+1<\/li>\n<li><strong>Capacit\u00e9 de chauffage:\u00a0<\/strong>6.45kW<\/li>\n<li><strong>Puissance \u00e9l\u00e9ctrique absorb\u00e9e &#8211; Chauffage:<\/strong>\u00a01,890W<\/li>\n<\/ul>\n","protected":false},"excerpt":{"rendered":"<p>Type Produit :\u00a0Climatiseur Split Marque :\u00a0LG Cat\u00e9gorie :\u00a0Electrom\u00e9nager Puissance :\u00a03 Cv Capacit\u00e9 de refroidissement\u202f:\u00a024000 BTU\/h Tension :\u00a0220V-240V Puissance \u00e9lectrique:\u00a02010W Intervalle de fonctionnement &#8211; Refroidissement:\u00a018 ~ 48\u00b0C Niveau de pression sonore &#8211; Refroidissement Max\/H\/M\/B\/SB:\u00a055\/45\/43\/38\/32 dB(A)+1 Capacit\u00e9 de chauffage:\u00a06.45kW Puissance \u00e9l\u00e9ctrique absorb\u00e9e &#8211; Chauffage:\u00a01,890W<\/p>\n","protected":false},"featured_media":47863,"comment_status":"open","ping_status":"closed","template":"","meta":[],"product_cat":[152],"product_tag":[],"_links":{"self":[{"href":"https:\/\/shivaplus.com\/index.php\/wp-json\/wp\/v2\/product\/47862"}],"collection":[{"href":"https:\/\/shivaplus.com\/index.php\/wp-json\/wp\/v2\/product"}],"about":[{"href":"https:\/\/shivaplus.com\/index.php\/wp-json\/wp\/v2\/types\/product"}],"replies":[{"embeddable":true,"href":"https:\/\/shivaplus.com\/index.php\/wp-json\/wp\/v2\/comments?post=47862"}],"version-history":[{"count":1,"href":"https:\/\/shivaplus.com\/index.php\/wp-json\/wp\/v2\/product\/47862\/revisions"}],"predecessor-version":[{"id":47865,"href":"https:\/\/shivaplus.com\/index.php\/wp-json\/wp\/v2\/product\/47862\/revisions\/47865"}],"wp:featuredmedia":[{"embeddable":true,"href":"https:\/\/shivaplus.com\/index.php\/wp-json\/wp\/v2\/media\/47863"}],"wp:attachment":[{"href":"https:\/\/shivaplus.com\/index.php\/wp-json\/wp\/v2\/media?parent=47862"}],"wp:term":[{"taxonomy":"product_cat","embeddable":true,"href":"https:\/\/shivaplus.com\/index.php\/wp-json\/wp\/v2\/product_cat?post=47862"},{"taxonomy":"product_tag","embeddable":true,"href":"https:\/\/shivaplus.com\/index.php\/wp-json\/wp\/v2\/product_tag?post=47862"}],"curies":[{"name":"wp","href":"https:\/\/api.w.org\/{rel}","templated":true}]}}