{"id":47857,"date":"2023-09-06T13:54:23","date_gmt":"2023-09-06T11:54:23","guid":{"rendered":"https:\/\/shivaplus.com\/?post_type=product&#038;p=47857"},"modified":"2023-11-01T14:22:34","modified_gmt":"2023-11-01T13:22:34","slug":"climatiseur-artcool-inverter-ac-de-2-hp-avec-un-ioniseur-la-technologie-smart-diagnosis-et-la-technologie-dual-inverter-compressor","status":"publish","type":"product","link":"https:\/\/shivaplus.com\/index.php\/produit\/climatiseur-artcool-inverter-ac-de-2-hp-avec-un-ioniseur-la-technologie-smart-diagnosis-et-la-technologie-dual-inverter-compressor\/","title":{"rendered":"Climatiseur LG, ARTCOOL Inverter AC de 2 HP, avec un ioniseur, la technologie Smart Diagnosis et la technologie Dual Inverter Compressor\u2122"},"content":{"rendered":"<ul class=\"feature-list on\">\n<li>Design \u00e9l\u00e9gant ARTCOOL<\/li>\n<li>Compresseur \u00e0 onduleur<\/li>\n<li>70\u00a0% d\u2019\u00e9conomies d\u2019\u00e9nergie l Refroidissement 40\u00a0% plus rapide<\/li>\n<li>Ioniseur<\/li>\n<li>Smart ThinQ\u2122<\/li>\n<\/ul>\n","protected":false},"excerpt":{"rendered":"<p>Design \u00e9l\u00e9gant ARTCOOL Compresseur \u00e0 onduleur 70\u00a0% d\u2019\u00e9conomies d\u2019\u00e9nergie l Refroidissement 40\u00a0% plus rapide Ioniseur Smart ThinQ\u2122<\/p>\n","protected":false},"featured_media":47858,"comment_status":"open","ping_status":"closed","template":"","meta":[],"product_cat":[152],"product_tag":[],"_links":{"self":[{"href":"https:\/\/shivaplus.com\/index.php\/wp-json\/wp\/v2\/product\/47857"}],"collection":[{"href":"https:\/\/shivaplus.com\/index.php\/wp-json\/wp\/v2\/product"}],"about":[{"href":"https:\/\/shivaplus.com\/index.php\/wp-json\/wp\/v2\/types\/product"}],"replies":[{"embeddable":true,"href":"https:\/\/shivaplus.com\/index.php\/wp-json\/wp\/v2\/comments?post=47857"}],"version-history":[{"count":2,"href":"https:\/\/shivaplus.com\/index.php\/wp-json\/wp\/v2\/product\/47857\/revisions"}],"predecessor-version":[{"id":48000,"href":"https:\/\/shivaplus.com\/index.php\/wp-json\/wp\/v2\/product\/47857\/revisions\/48000"}],"wp:featuredmedia":[{"embeddable":true,"href":"https:\/\/shivaplus.com\/index.php\/wp-json\/wp\/v2\/media\/47858"}],"wp:attachment":[{"href":"https:\/\/shivaplus.com\/index.php\/wp-json\/wp\/v2\/media?parent=47857"}],"wp:term":[{"taxonomy":"product_cat","embeddable":true,"href":"https:\/\/shivaplus.com\/index.php\/wp-json\/wp\/v2\/product_cat?post=47857"},{"taxonomy":"product_tag","embeddable":true,"href":"https:\/\/shivaplus.com\/index.php\/wp-json\/wp\/v2\/product_tag?post=47857"}],"curies":[{"name":"wp","href":"https:\/\/api.w.org\/{rel}","templated":true}]}}