{"id":47848,"date":"2023-09-06T13:12:43","date_gmt":"2023-09-06T11:12:43","guid":{"rendered":"https:\/\/shivaplus.com\/?post_type=product&#038;p=47848"},"modified":"2023-09-06T13:12:43","modified_gmt":"2023-09-06T11:12:43","slug":"lg-f0l9dyp2s-machine-a-laver-intelligente-et-pratique","status":"publish","type":"product","link":"https:\/\/shivaplus.com\/index.php\/produit\/lg-f0l9dyp2s-machine-a-laver-intelligente-et-pratique\/","title":{"rendered":"LG F0L9DYP2S Machine \u00e0 laver: intelligente et pratique"},"content":{"rendered":"<ul class=\"feature-list on\">\n<li>Moteur AI DD<\/li>\n<li>Vapeur<\/li>\n<li>ThinQ<\/li>\n<li>\u00c9l\u00e9vateur en acier inoxydable<\/li>\n<li>Mettre en pause et ajouter des \u00e9l\u00e9ments<\/li>\n<\/ul>\n","protected":false},"excerpt":{"rendered":"<p>Moteur AI DD Vapeur ThinQ \u00c9l\u00e9vateur en acier inoxydable Mettre en pause et ajouter des \u00e9l\u00e9ments<\/p>\n","protected":false},"featured_media":47849,"comment_status":"open","ping_status":"closed","template":"","meta":[],"product_cat":[155],"product_tag":[],"_links":{"self":[{"href":"https:\/\/shivaplus.com\/index.php\/wp-json\/wp\/v2\/product\/47848"}],"collection":[{"href":"https:\/\/shivaplus.com\/index.php\/wp-json\/wp\/v2\/product"}],"about":[{"href":"https:\/\/shivaplus.com\/index.php\/wp-json\/wp\/v2\/types\/product"}],"replies":[{"embeddable":true,"href":"https:\/\/shivaplus.com\/index.php\/wp-json\/wp\/v2\/comments?post=47848"}],"version-history":[{"count":1,"href":"https:\/\/shivaplus.com\/index.php\/wp-json\/wp\/v2\/product\/47848\/revisions"}],"predecessor-version":[{"id":47851,"href":"https:\/\/shivaplus.com\/index.php\/wp-json\/wp\/v2\/product\/47848\/revisions\/47851"}],"wp:featuredmedia":[{"embeddable":true,"href":"https:\/\/shivaplus.com\/index.php\/wp-json\/wp\/v2\/media\/47849"}],"wp:attachment":[{"href":"https:\/\/shivaplus.com\/index.php\/wp-json\/wp\/v2\/media?parent=47848"}],"wp:term":[{"taxonomy":"product_cat","embeddable":true,"href":"https:\/\/shivaplus.com\/index.php\/wp-json\/wp\/v2\/product_cat?post=47848"},{"taxonomy":"product_tag","embeddable":true,"href":"https:\/\/shivaplus.com\/index.php\/wp-json\/wp\/v2\/product_tag?post=47848"}],"curies":[{"name":"wp","href":"https:\/\/api.w.org\/{rel}","templated":true}]}}