{"id":47833,"date":"2023-09-06T12:26:27","date_gmt":"2023-09-06T10:26:27","guid":{"rendered":"https:\/\/shivaplus.com\/?post_type=product&#038;p=47833"},"modified":"2023-09-06T12:26:28","modified_gmt":"2023-09-06T10:26:28","slug":"lg-instaview-refrigerateur-a-portes-francaises-716l-acier","status":"publish","type":"product","link":"https:\/\/shivaplus.com\/index.php\/produit\/lg-instaview-refrigerateur-a-portes-francaises-716l-acier\/","title":{"rendered":"LG InstaView\u2122 R\u00e9frig\u00e9rateur \u00e0 portes fran\u00e7aises, 716L, Acier"},"content":{"rendered":"<ul class=\"feature-list on\">\n<li>InstaView Door-in-Door\u2122: frappez deux fois pour voir \u00e0 l\u2019int\u00e9rieur<\/li>\n<li>Air int\u00e9rieur purifi\u00e9 avec hygi\u00e8ne filtrante en 5 \u00e9tapes FRESH+ \u2122<\/li>\n<li>Compresseur lin\u00e9aire Inverter pour l\u2019efficacit\u00e9 \u00e9nerg\u00e9tique et la durabilit\u00e9<\/li>\n<li>Syst\u00e8me de stockage intelligent pour une utilisation maximale de l\u2019espace<\/li>\n<li>ThinQ\u2122 pour Smart Diagonose et Wi-Fi Control<\/li>\n<\/ul>\n","protected":false},"excerpt":{"rendered":"<p>InstaView Door-in-Door\u2122: frappez deux fois pour voir \u00e0 l\u2019int\u00e9rieur Air int\u00e9rieur purifi\u00e9 avec hygi\u00e8ne filtrante en 5 \u00e9tapes FRESH+ \u2122 Compresseur lin\u00e9aire Inverter pour l\u2019efficacit\u00e9 \u00e9nerg\u00e9tique et la durabilit\u00e9 Syst\u00e8me de stockage intelligent pour une utilisation maximale de l\u2019espace ThinQ\u2122 pour Smart Diagonose et Wi-Fi Control<\/p>\n","protected":false},"featured_media":47834,"comment_status":"open","ping_status":"closed","template":"","meta":[],"product_cat":[149],"product_tag":[],"_links":{"self":[{"href":"https:\/\/shivaplus.com\/index.php\/wp-json\/wp\/v2\/product\/47833"}],"collection":[{"href":"https:\/\/shivaplus.com\/index.php\/wp-json\/wp\/v2\/product"}],"about":[{"href":"https:\/\/shivaplus.com\/index.php\/wp-json\/wp\/v2\/types\/product"}],"replies":[{"embeddable":true,"href":"https:\/\/shivaplus.com\/index.php\/wp-json\/wp\/v2\/comments?post=47833"}],"version-history":[{"count":1,"href":"https:\/\/shivaplus.com\/index.php\/wp-json\/wp\/v2\/product\/47833\/revisions"}],"predecessor-version":[{"id":47837,"href":"https:\/\/shivaplus.com\/index.php\/wp-json\/wp\/v2\/product\/47833\/revisions\/47837"}],"wp:featuredmedia":[{"embeddable":true,"href":"https:\/\/shivaplus.com\/index.php\/wp-json\/wp\/v2\/media\/47834"}],"wp:attachment":[{"href":"https:\/\/shivaplus.com\/index.php\/wp-json\/wp\/v2\/media?parent=47833"}],"wp:term":[{"taxonomy":"product_cat","embeddable":true,"href":"https:\/\/shivaplus.com\/index.php\/wp-json\/wp\/v2\/product_cat?post=47833"},{"taxonomy":"product_tag","embeddable":true,"href":"https:\/\/shivaplus.com\/index.php\/wp-json\/wp\/v2\/product_tag?post=47833"}],"curies":[{"name":"wp","href":"https:\/\/api.w.org\/{rel}","templated":true}]}}