{"id":47829,"date":"2023-09-05T15:18:47","date_gmt":"2023-09-05T13:18:47","guid":{"rendered":"https:\/\/shivaplus.com\/?post_type=product&#038;p=47829"},"modified":"2023-09-05T15:18:47","modified_gmt":"2023-09-05T13:18:47","slug":"lg-instaview-refrigerateur-a-portes-francaises-423l-noir","status":"publish","type":"product","link":"https:\/\/shivaplus.com\/index.php\/produit\/lg-instaview-refrigerateur-a-portes-francaises-423l-noir\/","title":{"rendered":"LG InstaView\u2122 R\u00e9frig\u00e9rateur \u00e0 portes fran\u00e7aises, 423L, noir"},"content":{"rendered":"<ul class=\"feature-list on\">\n<li>R\u00e9frig\u00e9rateur slim fit avec la nouvelle largeur de 835 mm<\/li>\n<li>LINEARCooling\u2122 : Fluctuations minimales de temp\u00e9rature<\/li>\n<li>DoorCooling\u207a \u2122 pour un refroidissement uniforme et rapide<\/li>\n<li>Air int\u00e9rieur purifi\u00e9 avec hygi\u00e8ne filtrante en 5 \u00e9tapes FRESH+ \u2122<\/li>\n<li>ThinQ\u2122 pour Smart Diagonose et Wi-Fi Control<\/li>\n<\/ul>\n","protected":false},"excerpt":{"rendered":"<p>R\u00e9frig\u00e9rateur slim fit avec la nouvelle largeur de 835 mm LINEARCooling\u2122 : Fluctuations minimales de temp\u00e9rature DoorCooling\u207a \u2122 pour un refroidissement uniforme et rapide Air int\u00e9rieur purifi\u00e9 avec hygi\u00e8ne filtrante en 5 \u00e9tapes FRESH+ \u2122 ThinQ\u2122 pour Smart Diagonose et Wi-Fi Control<\/p>\n","protected":false},"featured_media":47830,"comment_status":"open","ping_status":"closed","template":"","meta":[],"product_cat":[149],"product_tag":[],"_links":{"self":[{"href":"https:\/\/shivaplus.com\/index.php\/wp-json\/wp\/v2\/product\/47829"}],"collection":[{"href":"https:\/\/shivaplus.com\/index.php\/wp-json\/wp\/v2\/product"}],"about":[{"href":"https:\/\/shivaplus.com\/index.php\/wp-json\/wp\/v2\/types\/product"}],"replies":[{"embeddable":true,"href":"https:\/\/shivaplus.com\/index.php\/wp-json\/wp\/v2\/comments?post=47829"}],"version-history":[{"count":1,"href":"https:\/\/shivaplus.com\/index.php\/wp-json\/wp\/v2\/product\/47829\/revisions"}],"predecessor-version":[{"id":47832,"href":"https:\/\/shivaplus.com\/index.php\/wp-json\/wp\/v2\/product\/47829\/revisions\/47832"}],"wp:featuredmedia":[{"embeddable":true,"href":"https:\/\/shivaplus.com\/index.php\/wp-json\/wp\/v2\/media\/47830"}],"wp:attachment":[{"href":"https:\/\/shivaplus.com\/index.php\/wp-json\/wp\/v2\/media?parent=47829"}],"wp:term":[{"taxonomy":"product_cat","embeddable":true,"href":"https:\/\/shivaplus.com\/index.php\/wp-json\/wp\/v2\/product_cat?post=47829"},{"taxonomy":"product_tag","embeddable":true,"href":"https:\/\/shivaplus.com\/index.php\/wp-json\/wp\/v2\/product_tag?post=47829"}],"curies":[{"name":"wp","href":"https:\/\/api.w.org\/{rel}","templated":true}]}}