{"id":47815,"date":"2023-09-05T14:55:40","date_gmt":"2023-09-05T12:55:40","guid":{"rendered":"https:\/\/shivaplus.com\/?post_type=product&#038;p=47815"},"modified":"2023-09-05T14:55:40","modified_gmt":"2023-09-05T12:55:40","slug":"refrigerateur-double-battant-lg-gl-f682hqhl-473-litres-pondeuse-glacons-blanc-12-mois-garantis","status":"publish","type":"product","link":"https:\/\/shivaplus.com\/index.php\/produit\/refrigerateur-double-battant-lg-gl-f682hqhl-473-litres-pondeuse-glacons-blanc-12-mois-garantis\/","title":{"rendered":"R\u00e9frig\u00e9rateur double battant LG GL-F682HQHL &#8211; 473 Litres &#8211; pondeuse gla\u00e7ons &#8211; blanc &#8211; 12 mois garantis"},"content":{"rendered":"<div class=\"short-description\">\n<ul>\n<li><strong>Type de produit :\u00a0<\/strong>r\u00e9frig\u00e9rateur<\/li>\n<li><strong>Marque :\u00a0<\/strong>LG<\/li>\n<li><strong>Mod\u00e8le\u00a0<\/strong>: GL-F682HQHL<\/li>\n<li><strong>Capacit\u00e9 brute<\/strong>: 473 Litres<\/li>\n<li><strong>Puissance<\/strong>: 190W<\/li>\n<li><strong>Tension<\/strong>: 220V-50Hz<\/li>\n<li><strong>Courant nominal\u00a0<\/strong>: 1.5A<\/li>\n<li><strong>Poids<\/strong>: 89Kg<\/li>\n<li><strong>Dimensions\u00a0<\/strong>: 705(W) x 740(D) x1850H(mm)<\/li>\n<li><strong>Classe \u00e9nerg\u00e9tique :\u00a0<\/strong>A+<\/li>\n<li><strong>Couleur :\u00a0<\/strong>blanc<\/li>\n<li><strong>Garantie :\u00a0<\/strong>12 mois<\/li>\n<\/ul>\n<\/div>\n<div class=\"reference-rating\">\n<div class=\"reference\">\n<div class=\"additional-details\">\n<div class=\"sku\"><span class=\"label\">R\u00e9f\u00e9rence:<\/span>\u00a0<span id=\"sku-19335\" class=\"value\">LG 202102105<\/span><\/div>\n<div class=\"product-vendor\"><span class=\"label\">Vendeur:<\/span>\u00a0<span class=\"value\"><a href=\"https:\/\/iziway.cm\/lg-electronics-officiel\">LG Electronics Official<\/a><\/span><\/div>\n<\/div>\n<\/div>\n<\/div>\n","protected":false},"excerpt":{"rendered":"<p>Type de produit :\u00a0r\u00e9frig\u00e9rateur Marque :\u00a0LG Mod\u00e8le\u00a0: GL-F682HQHL Capacit\u00e9 brute: 473 Litres Puissance: 190W Tension: 220V-50Hz Courant nominal\u00a0: 1.5A Poids: 89Kg Dimensions\u00a0: 705(W) x 740(D) x1850H(mm) Classe \u00e9nerg\u00e9tique :\u00a0A+ Couleur :\u00a0blanc Garantie :\u00a012 mois R\u00e9f\u00e9rence:\u00a0LG 202102105 Vendeur:\u00a0LG Electronics Official<\/p>\n","protected":false},"featured_media":47816,"comment_status":"open","ping_status":"closed","template":"","meta":[],"product_cat":[149],"product_tag":[],"_links":{"self":[{"href":"https:\/\/shivaplus.com\/index.php\/wp-json\/wp\/v2\/product\/47815"}],"collection":[{"href":"https:\/\/shivaplus.com\/index.php\/wp-json\/wp\/v2\/product"}],"about":[{"href":"https:\/\/shivaplus.com\/index.php\/wp-json\/wp\/v2\/types\/product"}],"replies":[{"embeddable":true,"href":"https:\/\/shivaplus.com\/index.php\/wp-json\/wp\/v2\/comments?post=47815"}],"version-history":[{"count":1,"href":"https:\/\/shivaplus.com\/index.php\/wp-json\/wp\/v2\/product\/47815\/revisions"}],"predecessor-version":[{"id":47817,"href":"https:\/\/shivaplus.com\/index.php\/wp-json\/wp\/v2\/product\/47815\/revisions\/47817"}],"wp:featuredmedia":[{"embeddable":true,"href":"https:\/\/shivaplus.com\/index.php\/wp-json\/wp\/v2\/media\/47816"}],"wp:attachment":[{"href":"https:\/\/shivaplus.com\/index.php\/wp-json\/wp\/v2\/media?parent=47815"}],"wp:term":[{"taxonomy":"product_cat","embeddable":true,"href":"https:\/\/shivaplus.com\/index.php\/wp-json\/wp\/v2\/product_cat?post=47815"},{"taxonomy":"product_tag","embeddable":true,"href":"https:\/\/shivaplus.com\/index.php\/wp-json\/wp\/v2\/product_tag?post=47815"}],"curies":[{"name":"wp","href":"https:\/\/api.w.org\/{rel}","templated":true}]}}