{"id":47798,"date":"2023-09-05T12:34:47","date_gmt":"2023-09-05T10:34:47","guid":{"rendered":"https:\/\/shivaplus.com\/?post_type=product&#038;p=47798"},"modified":"2023-09-05T12:34:47","modified_gmt":"2023-09-05T10:34:47","slug":"refrigerateur-lg-gn-b312plgb-efficace-et-elegant","status":"publish","type":"product","link":"https:\/\/shivaplus.com\/index.php\/produit\/refrigerateur-lg-gn-b312plgb-efficace-et-elegant\/","title":{"rendered":"R\u00e9frig\u00e9rateur LG GN-B312PLGB: efficace et \u00e9l\u00e9gant"},"content":{"rendered":"<ul class=\"feature-list on\">\n<li>Refroidissement\u2122 lin\u00e9aire<\/li>\n<li><span>Refroidissement de\u2122 porte<\/span><sup>+<\/sup><\/li>\n<li>Flux d\u2019air multiple<\/li>\n<\/ul>\n","protected":false},"excerpt":{"rendered":"<p>Refroidissement\u2122 lin\u00e9aire Refroidissement de\u2122 porte+ Flux d\u2019air multiple<\/p>\n","protected":false},"featured_media":47799,"comment_status":"open","ping_status":"closed","template":"","meta":[],"product_cat":[149],"product_tag":[],"_links":{"self":[{"href":"https:\/\/shivaplus.com\/index.php\/wp-json\/wp\/v2\/product\/47798"}],"collection":[{"href":"https:\/\/shivaplus.com\/index.php\/wp-json\/wp\/v2\/product"}],"about":[{"href":"https:\/\/shivaplus.com\/index.php\/wp-json\/wp\/v2\/types\/product"}],"replies":[{"embeddable":true,"href":"https:\/\/shivaplus.com\/index.php\/wp-json\/wp\/v2\/comments?post=47798"}],"version-history":[{"count":1,"href":"https:\/\/shivaplus.com\/index.php\/wp-json\/wp\/v2\/product\/47798\/revisions"}],"predecessor-version":[{"id":47801,"href":"https:\/\/shivaplus.com\/index.php\/wp-json\/wp\/v2\/product\/47798\/revisions\/47801"}],"wp:featuredmedia":[{"embeddable":true,"href":"https:\/\/shivaplus.com\/index.php\/wp-json\/wp\/v2\/media\/47799"}],"wp:attachment":[{"href":"https:\/\/shivaplus.com\/index.php\/wp-json\/wp\/v2\/media?parent=47798"}],"wp:term":[{"taxonomy":"product_cat","embeddable":true,"href":"https:\/\/shivaplus.com\/index.php\/wp-json\/wp\/v2\/product_cat?post=47798"},{"taxonomy":"product_tag","embeddable":true,"href":"https:\/\/shivaplus.com\/index.php\/wp-json\/wp\/v2\/product_tag?post=47798"}],"curies":[{"name":"wp","href":"https:\/\/api.w.org\/{rel}","templated":true}]}}