{"id":47794,"date":"2023-09-05T12:30:56","date_gmt":"2023-09-05T10:30:56","guid":{"rendered":"https:\/\/shivaplus.com\/?post_type=product&#038;p=47794"},"modified":"2023-09-05T12:30:57","modified_gmt":"2023-09-05T10:30:57","slug":"refrigerateur-lg-gl-c362rlbn-elegant-et-moderne","status":"publish","type":"product","link":"https:\/\/shivaplus.com\/index.php\/produit\/refrigerateur-lg-gl-c362rlbn-elegant-et-moderne\/","title":{"rendered":"R\u00e9frig\u00e9rateur LG GL-C362RLBN : \u00e9l\u00e9gant et moderne"},"content":{"rendered":"<ul class=\"feature-list on\">\n<li>Nature Fra\u00eeche<\/li>\n<li><span>Refroidissement des\u2122 portes<\/span><sup>+<\/sup><\/li>\n<li>Refroidissement\u2122 lin\u00e9aire<\/li>\n<li>Flux d\u2019air multiple<\/li>\n<li>Compresseur lin\u00e9aire Inverter<\/li>\n<\/ul>\n","protected":false},"excerpt":{"rendered":"<p>Nature Fra\u00eeche Refroidissement des\u2122 portes+ Refroidissement\u2122 lin\u00e9aire Flux d\u2019air multiple Compresseur lin\u00e9aire Inverter<\/p>\n","protected":false},"featured_media":47795,"comment_status":"open","ping_status":"closed","template":"","meta":[],"product_cat":[149],"product_tag":[],"_links":{"self":[{"href":"https:\/\/shivaplus.com\/index.php\/wp-json\/wp\/v2\/product\/47794"}],"collection":[{"href":"https:\/\/shivaplus.com\/index.php\/wp-json\/wp\/v2\/product"}],"about":[{"href":"https:\/\/shivaplus.com\/index.php\/wp-json\/wp\/v2\/types\/product"}],"replies":[{"embeddable":true,"href":"https:\/\/shivaplus.com\/index.php\/wp-json\/wp\/v2\/comments?post=47794"}],"version-history":[{"count":1,"href":"https:\/\/shivaplus.com\/index.php\/wp-json\/wp\/v2\/product\/47794\/revisions"}],"predecessor-version":[{"id":47797,"href":"https:\/\/shivaplus.com\/index.php\/wp-json\/wp\/v2\/product\/47794\/revisions\/47797"}],"wp:featuredmedia":[{"embeddable":true,"href":"https:\/\/shivaplus.com\/index.php\/wp-json\/wp\/v2\/media\/47795"}],"wp:attachment":[{"href":"https:\/\/shivaplus.com\/index.php\/wp-json\/wp\/v2\/media?parent=47794"}],"wp:term":[{"taxonomy":"product_cat","embeddable":true,"href":"https:\/\/shivaplus.com\/index.php\/wp-json\/wp\/v2\/product_cat?post=47794"},{"taxonomy":"product_tag","embeddable":true,"href":"https:\/\/shivaplus.com\/index.php\/wp-json\/wp\/v2\/product_tag?post=47794"}],"curies":[{"name":"wp","href":"https:\/\/api.w.org\/{rel}","templated":true}]}}