{"id":47790,"date":"2023-09-05T12:27:53","date_gmt":"2023-09-05T10:27:53","guid":{"rendered":"https:\/\/shivaplus.com\/?post_type=product&#038;p=47790"},"modified":"2023-09-05T12:27:53","modified_gmt":"2023-09-05T10:27:53","slug":"refrigerateur-a-double-porte-lg-gl-g322rqbb-pas-de-givre-208l-blanc-12-mois-de-garantie","status":"publish","type":"product","link":"https:\/\/shivaplus.com\/index.php\/produit\/refrigerateur-a-double-porte-lg-gl-g322rqbb-pas-de-givre-208l-blanc-12-mois-de-garantie\/","title":{"rendered":"R\u00e9frig\u00e9rateur \u00e0 double porte &#8211; LG -GL-G322RQBB Pas de givre &#8211; 208L &#8211; Blanc &#8211; 12 Mois de Garantie"},"content":{"rendered":"<ul>\n<li><strong>Marque:\u00a0<\/strong>LG<\/li>\n<li><strong>Mod\u00e8le:<\/strong>\u00a0GL-G322RQBB<\/li>\n<li><strong>Capacit\u00e9 totale:\u00a0<\/strong>208 L<\/li>\n<li><strong>Tension nominale:\u00a0<\/strong>220 &#8211; 240V<\/li>\n<li><strong>Fr\u00e9quence nominale:<\/strong>\u00a050Hz<\/li>\n<li><strong>Garantie de 10 ans sur le compresseur<\/strong><\/li>\n<li><strong>Diagnostics intelligents\u2122<\/strong><\/li>\n<li><strong>Classe \u00e9nergie :\u00a0<\/strong>A++++<\/li>\n<li><strong>Lampe pour l\u2019\u00e9clairage:<\/strong>\u00a0oui<\/li>\n<li><strong>R\u00e9frig\u00e9rant \/ poids<\/strong>: R600a (54kg)<\/li>\n<li><strong>Classe climatique:\u00a0<\/strong>T<\/li>\n<li><strong>Dimensions Largeur x Profondeur x Hauteur:<\/strong>\u00a0(585 x 703x 1675 )mm<\/li>\n<li><strong>Courant nominal:<\/strong>\u00a00,6A<\/li>\n<li><strong>Au r\u00e9frig\u00e9rateur<\/strong>\u00a0: 3 \u00e9tag\u00e8res interchangeables, un plateau \u00e0 l\u00e9gumes, 3 compartiments de rangement<\/li>\n<li><strong>Au cong\u00e9lateur :\u00a0<\/strong>une \u00e9tag\u00e8re, 2 compartiments<\/li>\n<li><strong>Gaz de soufflage pour l\u2019isolation:<\/strong>\u00a0CYCLOPENTANE<\/li>\n<li><strong>Garantie:\u00a0<\/strong>6 mois<\/li>\n<\/ul>\n","protected":false},"excerpt":{"rendered":"<p>Marque:\u00a0LG Mod\u00e8le:\u00a0GL-G322RQBB Capacit\u00e9 totale:\u00a0208 L Tension nominale:\u00a0220 &#8211; 240V Fr\u00e9quence nominale:\u00a050Hz Garantie de 10 ans sur le compresseur Diagnostics intelligents\u2122 Classe \u00e9nergie :\u00a0A++++ Lampe pour l\u2019\u00e9clairage:\u00a0oui R\u00e9frig\u00e9rant \/ poids: R600a (54kg) Classe climatique:\u00a0T Dimensions Largeur x Profondeur x Hauteur:\u00a0(585 x 703x 1675 )mm Courant nominal:\u00a00,6A Au r\u00e9frig\u00e9rateur\u00a0: 3 \u00e9tag\u00e8res interchangeables, un plateau \u00e0 l\u00e9gumes, 3 [&hellip;]<\/p>\n","protected":false},"featured_media":47791,"comment_status":"open","ping_status":"closed","template":"","meta":[],"product_cat":[149],"product_tag":[],"_links":{"self":[{"href":"https:\/\/shivaplus.com\/index.php\/wp-json\/wp\/v2\/product\/47790"}],"collection":[{"href":"https:\/\/shivaplus.com\/index.php\/wp-json\/wp\/v2\/product"}],"about":[{"href":"https:\/\/shivaplus.com\/index.php\/wp-json\/wp\/v2\/types\/product"}],"replies":[{"embeddable":true,"href":"https:\/\/shivaplus.com\/index.php\/wp-json\/wp\/v2\/comments?post=47790"}],"version-history":[{"count":1,"href":"https:\/\/shivaplus.com\/index.php\/wp-json\/wp\/v2\/product\/47790\/revisions"}],"predecessor-version":[{"id":47792,"href":"https:\/\/shivaplus.com\/index.php\/wp-json\/wp\/v2\/product\/47790\/revisions\/47792"}],"wp:featuredmedia":[{"embeddable":true,"href":"https:\/\/shivaplus.com\/index.php\/wp-json\/wp\/v2\/media\/47791"}],"wp:attachment":[{"href":"https:\/\/shivaplus.com\/index.php\/wp-json\/wp\/v2\/media?parent=47790"}],"wp:term":[{"taxonomy":"product_cat","embeddable":true,"href":"https:\/\/shivaplus.com\/index.php\/wp-json\/wp\/v2\/product_cat?post=47790"},{"taxonomy":"product_tag","embeddable":true,"href":"https:\/\/shivaplus.com\/index.php\/wp-json\/wp\/v2\/product_tag?post=47790"}],"curies":[{"name":"wp","href":"https:\/\/api.w.org\/{rel}","templated":true}]}}