{"id":47786,"date":"2023-09-05T12:24:00","date_gmt":"2023-09-05T10:24:00","guid":{"rendered":"https:\/\/shivaplus.com\/?post_type=product&#038;p=47786"},"modified":"2023-09-05T12:24:00","modified_gmt":"2023-09-05T10:24:00","slug":"refrigerateur-combine-lg-gn-g272slcb-254l-gris","status":"publish","type":"product","link":"https:\/\/shivaplus.com\/index.php\/produit\/refrigerateur-combine-lg-gn-g272slcb-254l-gris\/","title":{"rendered":"R\u00e9frig\u00e9rateur combin\u00e9 LG &#8211; GN &#8211; G272SLCB &#8211; 254L &#8211; Gris"},"content":{"rendered":"<ul>\n<li><strong>Marque<\/strong>: LG<\/li>\n<li><strong>Type de produit<\/strong>: R\u00e9frig\u00e9rateur Combin\u00e9<\/li>\n<li><strong>Cat\u00e9gorie<\/strong>: Electrom\u00e9nager<\/li>\n<li><strong>Mod\u00e8le<\/strong>: GN &#8211; G272SLCB<\/li>\n<li><strong>Couleur<\/strong>: Argent platine<\/li>\n<li><strong>Courant normal<\/strong>: 1.2A<\/li>\n<li><strong>Classement climatique<\/strong>\u00a0: T<\/li>\n<li><strong>Classement<\/strong>\u00a0: 220 \u2014 240V ~ 50\/60Hz<\/li>\n<li><strong>Puissance<\/strong>\u00a0: 115 W<\/li>\n<li><strong>Compresseur<\/strong>: Compresseur Smart Inverter<\/li>\n<li><strong>Syst\u00e8me de refroidissement:<\/strong>\u00a0Pas de gel<\/li>\n<li><strong>Type de poign\u00e9e<\/strong>: POCHE HORIZONTALE<\/li>\n<li><strong>Contr\u00f4le de la temp\u00e9rature<\/strong>: \u00e9lectronique<\/li>\n<li><strong>\u00c9tag\u00e8re<\/strong>: 2<\/li>\n<\/ul>\n","protected":false},"excerpt":{"rendered":"<p>Marque: LG Type de produit: R\u00e9frig\u00e9rateur Combin\u00e9 Cat\u00e9gorie: Electrom\u00e9nager Mod\u00e8le: GN &#8211; G272SLCB Couleur: Argent platine Courant normal: 1.2A Classement climatique\u00a0: T Classement\u00a0: 220 \u2014 240V ~ 50\/60Hz Puissance\u00a0: 115 W Compresseur: Compresseur Smart Inverter Syst\u00e8me de refroidissement:\u00a0Pas de gel Type de poign\u00e9e: POCHE HORIZONTALE Contr\u00f4le de la temp\u00e9rature: \u00e9lectronique \u00c9tag\u00e8re: 2<\/p>\n","protected":false},"featured_media":47787,"comment_status":"open","ping_status":"closed","template":"","meta":[],"product_cat":[15],"product_tag":[],"_links":{"self":[{"href":"https:\/\/shivaplus.com\/index.php\/wp-json\/wp\/v2\/product\/47786"}],"collection":[{"href":"https:\/\/shivaplus.com\/index.php\/wp-json\/wp\/v2\/product"}],"about":[{"href":"https:\/\/shivaplus.com\/index.php\/wp-json\/wp\/v2\/types\/product"}],"replies":[{"embeddable":true,"href":"https:\/\/shivaplus.com\/index.php\/wp-json\/wp\/v2\/comments?post=47786"}],"version-history":[{"count":1,"href":"https:\/\/shivaplus.com\/index.php\/wp-json\/wp\/v2\/product\/47786\/revisions"}],"predecessor-version":[{"id":47789,"href":"https:\/\/shivaplus.com\/index.php\/wp-json\/wp\/v2\/product\/47786\/revisions\/47789"}],"wp:featuredmedia":[{"embeddable":true,"href":"https:\/\/shivaplus.com\/index.php\/wp-json\/wp\/v2\/media\/47787"}],"wp:attachment":[{"href":"https:\/\/shivaplus.com\/index.php\/wp-json\/wp\/v2\/media?parent=47786"}],"wp:term":[{"taxonomy":"product_cat","embeddable":true,"href":"https:\/\/shivaplus.com\/index.php\/wp-json\/wp\/v2\/product_cat?post=47786"},{"taxonomy":"product_tag","embeddable":true,"href":"https:\/\/shivaplus.com\/index.php\/wp-json\/wp\/v2\/product_tag?post=47786"}],"curies":[{"name":"wp","href":"https:\/\/api.w.org\/{rel}","templated":true}]}}