{"id":47782,"date":"2023-09-05T12:21:15","date_gmt":"2023-09-05T10:21:15","guid":{"rendered":"https:\/\/shivaplus.com\/?post_type=product&#038;p=47782"},"modified":"2023-09-05T12:21:15","modified_gmt":"2023-09-05T10:21:15","slug":"refrigerateur-congelateur-superieur-225l-en-acier-graphite-fonce","status":"publish","type":"product","link":"https:\/\/shivaplus.com\/index.php\/produit\/refrigerateur-congelateur-superieur-225l-en-acier-graphite-fonce\/","title":{"rendered":"R\u00e9frig\u00e9rateur cong\u00e9lateur sup\u00e9rieur 225L en acier graphite fonc\u00e9"},"content":{"rendered":"<ul class=\"feature-list\">\n<li>Onduleur intelligent<\/li>\n<li>Flux d\u2019air multiple<\/li>\n<li>Contr\u00f4leur d\u2019humidit\u00e9<\/li>\n<\/ul>\n","protected":false},"excerpt":{"rendered":"<p>Onduleur intelligent Flux d\u2019air multiple Contr\u00f4leur d\u2019humidit\u00e9<\/p>\n","protected":false},"featured_media":47783,"comment_status":"open","ping_status":"closed","template":"","meta":[],"product_cat":[149],"product_tag":[],"_links":{"self":[{"href":"https:\/\/shivaplus.com\/index.php\/wp-json\/wp\/v2\/product\/47782"}],"collection":[{"href":"https:\/\/shivaplus.com\/index.php\/wp-json\/wp\/v2\/product"}],"about":[{"href":"https:\/\/shivaplus.com\/index.php\/wp-json\/wp\/v2\/types\/product"}],"replies":[{"embeddable":true,"href":"https:\/\/shivaplus.com\/index.php\/wp-json\/wp\/v2\/comments?post=47782"}],"version-history":[{"count":1,"href":"https:\/\/shivaplus.com\/index.php\/wp-json\/wp\/v2\/product\/47782\/revisions"}],"predecessor-version":[{"id":47785,"href":"https:\/\/shivaplus.com\/index.php\/wp-json\/wp\/v2\/product\/47782\/revisions\/47785"}],"wp:featuredmedia":[{"embeddable":true,"href":"https:\/\/shivaplus.com\/index.php\/wp-json\/wp\/v2\/media\/47783"}],"wp:attachment":[{"href":"https:\/\/shivaplus.com\/index.php\/wp-json\/wp\/v2\/media?parent=47782"}],"wp:term":[{"taxonomy":"product_cat","embeddable":true,"href":"https:\/\/shivaplus.com\/index.php\/wp-json\/wp\/v2\/product_cat?post=47782"},{"taxonomy":"product_tag","embeddable":true,"href":"https:\/\/shivaplus.com\/index.php\/wp-json\/wp\/v2\/product_tag?post=47782"}],"curies":[{"name":"wp","href":"https:\/\/api.w.org\/{rel}","templated":true}]}}