{"id":47775,"date":"2023-09-05T12:18:09","date_gmt":"2023-09-05T10:18:09","guid":{"rendered":"https:\/\/shivaplus.com\/?post_type=product&#038;p=47775"},"modified":"2025-10-07T21:37:41","modified_gmt":"2025-10-07T19:37:41","slug":"168l-argent-congelateur-sur-pied-avec-turbo-freezing-et-lvs-low-voltage-stability","status":"publish","type":"product","link":"https:\/\/shivaplus.com\/index.php\/produit\/168l-argent-congelateur-sur-pied-avec-turbo-freezing-et-lvs-low-voltage-stability\/","title":{"rendered":"LG, 168L, Argent, Cong\u00e9lateur sur pied avec Turbo Freezing et LVS (Low Voltage Stability)"},"content":{"rendered":"<ul class=\"feature-list\">\n<li>Grande capacit\u00e9<\/li>\n<li>\u00c9tag\u00e8res en verre tremp\u00e9<\/li>\n<li>Concevoir<\/li>\n<\/ul>\n","protected":false},"excerpt":{"rendered":"<p>Grande capacit\u00e9 \u00c9tag\u00e8res en verre tremp\u00e9 Concevoir<\/p>\n","protected":false},"featured_media":47776,"comment_status":"open","ping_status":"closed","template":"","meta":[],"product_cat":[149],"product_tag":[],"_links":{"self":[{"href":"https:\/\/shivaplus.com\/index.php\/wp-json\/wp\/v2\/product\/47775"}],"collection":[{"href":"https:\/\/shivaplus.com\/index.php\/wp-json\/wp\/v2\/product"}],"about":[{"href":"https:\/\/shivaplus.com\/index.php\/wp-json\/wp\/v2\/types\/product"}],"replies":[{"embeddable":true,"href":"https:\/\/shivaplus.com\/index.php\/wp-json\/wp\/v2\/comments?post=47775"}],"version-history":[{"count":3,"href":"https:\/\/shivaplus.com\/index.php\/wp-json\/wp\/v2\/product\/47775\/revisions"}],"predecessor-version":[{"id":47985,"href":"https:\/\/shivaplus.com\/index.php\/wp-json\/wp\/v2\/product\/47775\/revisions\/47985"}],"wp:featuredmedia":[{"embeddable":true,"href":"https:\/\/shivaplus.com\/index.php\/wp-json\/wp\/v2\/media\/47776"}],"wp:attachment":[{"href":"https:\/\/shivaplus.com\/index.php\/wp-json\/wp\/v2\/media?parent=47775"}],"wp:term":[{"taxonomy":"product_cat","embeddable":true,"href":"https:\/\/shivaplus.com\/index.php\/wp-json\/wp\/v2\/product_cat?post=47775"},{"taxonomy":"product_tag","embeddable":true,"href":"https:\/\/shivaplus.com\/index.php\/wp-json\/wp\/v2\/product_tag?post=47775"}],"curies":[{"name":"wp","href":"https:\/\/api.w.org\/{rel}","templated":true}]}}