{"id":47770,"date":"2023-09-05T12:14:46","date_gmt":"2023-09-05T10:14:46","guid":{"rendered":"https:\/\/shivaplus.com\/?post_type=product&#038;p=47770"},"modified":"2023-09-05T12:14:46","modified_gmt":"2023-09-05T10:14:46","slug":"refrigerateur-199-porte-1l-avec-une-plus-grande-capacite","status":"publish","type":"product","link":"https:\/\/shivaplus.com\/index.php\/produit\/refrigerateur-199-porte-1l-avec-une-plus-grande-capacite\/","title":{"rendered":"R\u00e9frig\u00e9rateur 199 porte 1L avec une plus grande capacit\u00e9"},"content":{"rendered":"<ul class=\"feature-list\">\n<li>Compresseur Smart Inverter\u2122<\/li>\n<li>Tr\u00e8s grand cong\u00e9lateur<\/li>\n<li>Serrure \u00e0 cl\u00e9<\/li>\n<\/ul>\n","protected":false},"excerpt":{"rendered":"<p>Compresseur Smart Inverter\u2122 Tr\u00e8s grand cong\u00e9lateur Serrure \u00e0 cl\u00e9<\/p>\n","protected":false},"featured_media":47771,"comment_status":"open","ping_status":"closed","template":"","meta":[],"product_cat":[149],"product_tag":[],"_links":{"self":[{"href":"https:\/\/shivaplus.com\/index.php\/wp-json\/wp\/v2\/product\/47770"}],"collection":[{"href":"https:\/\/shivaplus.com\/index.php\/wp-json\/wp\/v2\/product"}],"about":[{"href":"https:\/\/shivaplus.com\/index.php\/wp-json\/wp\/v2\/types\/product"}],"replies":[{"embeddable":true,"href":"https:\/\/shivaplus.com\/index.php\/wp-json\/wp\/v2\/comments?post=47770"}],"version-history":[{"count":2,"href":"https:\/\/shivaplus.com\/index.php\/wp-json\/wp\/v2\/product\/47770\/revisions"}],"predecessor-version":[{"id":47774,"href":"https:\/\/shivaplus.com\/index.php\/wp-json\/wp\/v2\/product\/47770\/revisions\/47774"}],"wp:featuredmedia":[{"embeddable":true,"href":"https:\/\/shivaplus.com\/index.php\/wp-json\/wp\/v2\/media\/47771"}],"wp:attachment":[{"href":"https:\/\/shivaplus.com\/index.php\/wp-json\/wp\/v2\/media?parent=47770"}],"wp:term":[{"taxonomy":"product_cat","embeddable":true,"href":"https:\/\/shivaplus.com\/index.php\/wp-json\/wp\/v2\/product_cat?post=47770"},{"taxonomy":"product_tag","embeddable":true,"href":"https:\/\/shivaplus.com\/index.php\/wp-json\/wp\/v2\/product_tag?post=47770"}],"curies":[{"name":"wp","href":"https:\/\/api.w.org\/{rel}","templated":true}]}}