{"id":47766,"date":"2023-09-05T12:12:05","date_gmt":"2023-09-05T10:12:05","guid":{"rendered":"https:\/\/shivaplus.com\/?post_type=product&#038;p=47766"},"modified":"2023-09-05T12:12:05","modified_gmt":"2023-09-05T10:12:05","slug":"lg-congelateur-vertical-gn-304sq-168l-blanc-6-mois","status":"publish","type":"product","link":"https:\/\/shivaplus.com\/index.php\/produit\/lg-congelateur-vertical-gn-304sq-168l-blanc-6-mois\/","title":{"rendered":"LG Cong\u00e9lateur vertical, GN-304SQ, 168L, blanc &#8211; 6 mois"},"content":{"rendered":"<ul>\n<li><strong>Marque:<\/strong>\u00a0LG<\/li>\n<li><strong>Type de produit:<\/strong>\u00a0Cong\u00e9lateur vertical \u00e0 porte unique<\/li>\n<li><strong>Cat\u00e9gorie:<\/strong>\u00a0Appareils m\u00e9nagers<\/li>\n<li><strong>Mod\u00e8le:<\/strong>\u00a0GN-304SQ<\/li>\n<li><strong>Couleur:<\/strong>\u00a0Blanc<\/li>\n<li><strong>Caract\u00e9ristique:<\/strong><\/li>\n<li><strong>Capacit\u00e9:<\/strong>\u00a0168 litres<\/li>\n<li><strong>Dimensions (WXHXP):<\/strong>\u00a0525 x 590 x 1297<\/li>\n<li><strong>Type de refroidissement:<\/strong>\u00a0Refroidissement direct<\/li>\n<li><strong>Serrure \u00e0 cl\u00e9:<\/strong>\u00a0Oui<\/li>\n<li><strong>Garantie:<\/strong>\u00a06 mois<\/li>\n<\/ul>\n","protected":false},"excerpt":{"rendered":"<p>Marque:\u00a0LG Type de produit:\u00a0Cong\u00e9lateur vertical \u00e0 porte unique Cat\u00e9gorie:\u00a0Appareils m\u00e9nagers Mod\u00e8le:\u00a0GN-304SQ Couleur:\u00a0Blanc Caract\u00e9ristique: Capacit\u00e9:\u00a0168 litres Dimensions (WXHXP):\u00a0525 x 590 x 1297 Type de refroidissement:\u00a0Refroidissement direct Serrure \u00e0 cl\u00e9:\u00a0Oui Garantie:\u00a06 mois<\/p>\n","protected":false},"featured_media":47767,"comment_status":"open","ping_status":"closed","template":"","meta":[],"product_cat":[149],"product_tag":[],"_links":{"self":[{"href":"https:\/\/shivaplus.com\/index.php\/wp-json\/wp\/v2\/product\/47766"}],"collection":[{"href":"https:\/\/shivaplus.com\/index.php\/wp-json\/wp\/v2\/product"}],"about":[{"href":"https:\/\/shivaplus.com\/index.php\/wp-json\/wp\/v2\/types\/product"}],"replies":[{"embeddable":true,"href":"https:\/\/shivaplus.com\/index.php\/wp-json\/wp\/v2\/comments?post=47766"}],"version-history":[{"count":1,"href":"https:\/\/shivaplus.com\/index.php\/wp-json\/wp\/v2\/product\/47766\/revisions"}],"predecessor-version":[{"id":47769,"href":"https:\/\/shivaplus.com\/index.php\/wp-json\/wp\/v2\/product\/47766\/revisions\/47769"}],"wp:featuredmedia":[{"embeddable":true,"href":"https:\/\/shivaplus.com\/index.php\/wp-json\/wp\/v2\/media\/47767"}],"wp:attachment":[{"href":"https:\/\/shivaplus.com\/index.php\/wp-json\/wp\/v2\/media?parent=47766"}],"wp:term":[{"taxonomy":"product_cat","embeddable":true,"href":"https:\/\/shivaplus.com\/index.php\/wp-json\/wp\/v2\/product_cat?post=47766"},{"taxonomy":"product_tag","embeddable":true,"href":"https:\/\/shivaplus.com\/index.php\/wp-json\/wp\/v2\/product_tag?post=47766"}],"curies":[{"name":"wp","href":"https:\/\/api.w.org\/{rel}","templated":true}]}}