{"id":47762,"date":"2023-09-05T12:08:33","date_gmt":"2023-09-05T10:08:33","guid":{"rendered":"https:\/\/shivaplus.com\/?post_type=product&#038;p=47762"},"modified":"2023-09-05T12:08:33","modified_gmt":"2023-09-05T10:08:33","slug":"refrigerateur-210-porte-1l-avec-une-plus-grande-capacite","status":"publish","type":"product","link":"https:\/\/shivaplus.com\/index.php\/produit\/refrigerateur-210-porte-1l-avec-une-plus-grande-capacite\/","title":{"rendered":"R\u00e9frig\u00e9rateur 210 porte 1L avec une plus grande capacit\u00e9"},"content":{"rendered":"<ul class=\"feature-list on\">\n<li>Compresseur Smart Inverter\u2122<\/li>\n<li>Zone de cong\u00e9lation rapide<\/li>\n<li>Zone fra\u00eeche et fra\u00eeche<\/li>\n<li>Key Lock<\/li>\n<\/ul>\n","protected":false},"excerpt":{"rendered":"<p>Compresseur Smart Inverter\u2122 Zone de cong\u00e9lation rapide Zone fra\u00eeche et fra\u00eeche Key Lock<\/p>\n","protected":false},"featured_media":47763,"comment_status":"open","ping_status":"closed","template":"","meta":[],"product_cat":[149],"product_tag":[],"_links":{"self":[{"href":"https:\/\/shivaplus.com\/index.php\/wp-json\/wp\/v2\/product\/47762"}],"collection":[{"href":"https:\/\/shivaplus.com\/index.php\/wp-json\/wp\/v2\/product"}],"about":[{"href":"https:\/\/shivaplus.com\/index.php\/wp-json\/wp\/v2\/types\/product"}],"replies":[{"embeddable":true,"href":"https:\/\/shivaplus.com\/index.php\/wp-json\/wp\/v2\/comments?post=47762"}],"version-history":[{"count":1,"href":"https:\/\/shivaplus.com\/index.php\/wp-json\/wp\/v2\/product\/47762\/revisions"}],"predecessor-version":[{"id":47765,"href":"https:\/\/shivaplus.com\/index.php\/wp-json\/wp\/v2\/product\/47762\/revisions\/47765"}],"wp:featuredmedia":[{"embeddable":true,"href":"https:\/\/shivaplus.com\/index.php\/wp-json\/wp\/v2\/media\/47763"}],"wp:attachment":[{"href":"https:\/\/shivaplus.com\/index.php\/wp-json\/wp\/v2\/media?parent=47762"}],"wp:term":[{"taxonomy":"product_cat","embeddable":true,"href":"https:\/\/shivaplus.com\/index.php\/wp-json\/wp\/v2\/product_cat?post=47762"},{"taxonomy":"product_tag","embeddable":true,"href":"https:\/\/shivaplus.com\/index.php\/wp-json\/wp\/v2\/product_tag?post=47762"}],"curies":[{"name":"wp","href":"https:\/\/api.w.org\/{rel}","templated":true}]}}