{"id":47758,"date":"2023-09-05T12:05:00","date_gmt":"2023-09-05T10:05:00","guid":{"rendered":"https:\/\/shivaplus.com\/?post_type=product&#038;p=47758"},"modified":"2023-09-05T12:05:00","modified_gmt":"2023-09-05T10:05:00","slug":"refrigerateur-a-une-porte-de-170-litres-dote-dune-plus-grande-capacite","status":"publish","type":"product","link":"https:\/\/shivaplus.com\/index.php\/produit\/refrigerateur-a-une-porte-de-170-litres-dote-dune-plus-grande-capacite\/","title":{"rendered":"R\u00e9frig\u00e9rateur \u00e0 une porte de 170 litres dot\u00e9 d\u2019une plus grande capacit\u00e9"},"content":{"rendered":"<ul class=\"feature-list on\">\n<li>Une plus grande capacit\u00e9 avec une m\u00eame dimension ext\u00e9rieure<\/li>\n<li>Moist Balance Crisper\u2122<\/li>\n<li>Bac \u00e0 l\u00e9gumes<\/li>\n<li>D\u00e9cong\u00e9lation semi-automatique<\/li>\n<\/ul>\n","protected":false},"excerpt":{"rendered":"<p>Une plus grande capacit\u00e9 avec une m\u00eame dimension ext\u00e9rieure Moist Balance Crisper\u2122 Bac \u00e0 l\u00e9gumes D\u00e9cong\u00e9lation semi-automatique<\/p>\n","protected":false},"featured_media":47759,"comment_status":"open","ping_status":"closed","template":"","meta":[],"product_cat":[149],"product_tag":[],"_links":{"self":[{"href":"https:\/\/shivaplus.com\/index.php\/wp-json\/wp\/v2\/product\/47758"}],"collection":[{"href":"https:\/\/shivaplus.com\/index.php\/wp-json\/wp\/v2\/product"}],"about":[{"href":"https:\/\/shivaplus.com\/index.php\/wp-json\/wp\/v2\/types\/product"}],"replies":[{"embeddable":true,"href":"https:\/\/shivaplus.com\/index.php\/wp-json\/wp\/v2\/comments?post=47758"}],"version-history":[{"count":1,"href":"https:\/\/shivaplus.com\/index.php\/wp-json\/wp\/v2\/product\/47758\/revisions"}],"predecessor-version":[{"id":47761,"href":"https:\/\/shivaplus.com\/index.php\/wp-json\/wp\/v2\/product\/47758\/revisions\/47761"}],"wp:featuredmedia":[{"embeddable":true,"href":"https:\/\/shivaplus.com\/index.php\/wp-json\/wp\/v2\/media\/47759"}],"wp:attachment":[{"href":"https:\/\/shivaplus.com\/index.php\/wp-json\/wp\/v2\/media?parent=47758"}],"wp:term":[{"taxonomy":"product_cat","embeddable":true,"href":"https:\/\/shivaplus.com\/index.php\/wp-json\/wp\/v2\/product_cat?post=47758"},{"taxonomy":"product_tag","embeddable":true,"href":"https:\/\/shivaplus.com\/index.php\/wp-json\/wp\/v2\/product_tag?post=47758"}],"curies":[{"name":"wp","href":"https:\/\/api.w.org\/{rel}","templated":true}]}}