{"id":47744,"date":"2023-08-30T12:23:42","date_gmt":"2023-08-30T10:23:42","guid":{"rendered":"https:\/\/shivaplus.com\/?post_type=product&#038;p=47744"},"modified":"2023-08-30T12:23:42","modified_gmt":"2023-08-30T10:23:42","slug":"mini-frigo-lg-gl-051sqqp-43-l-efficacite-energetique-a-blanc-12-mois-de-garantie","status":"publish","type":"product","link":"https:\/\/shivaplus.com\/index.php\/produit\/mini-frigo-lg-gl-051sqqp-43-l-efficacite-energetique-a-blanc-12-mois-de-garantie\/","title":{"rendered":"Mini Frigo &#8211; LG &#8211; GL-051SQQP &#8211; 43 L &#8211; Efficacit\u00e9 \u00e9nerg\u00e9tique (A+) &#8211; Blanc &#8211; 12 Mois de Garantie"},"content":{"rendered":"<ul>\n<li><strong>Marque:\u00a0<\/strong>LG<\/li>\n<li><strong>R\u00e9f\u00e9rence:\u00a0<\/strong>GL &#8211; 051SQQP<\/li>\n<li><strong>Couleur:<\/strong>\u00a0Blanc<\/li>\n<li><strong>Capacit\u00e9 :<\/strong>\u00a043L<\/li>\n<li><strong>\u00c9conomie d\u2019\u00e9nergie :<\/strong>\u00a0A+<\/li>\n<li><strong>Consommation d\u2019\u00e9nergie (kWh\/an):<\/strong>\u00a0106<\/li>\n<li><strong>Niveau de puissance acoustique (dB)\u00a0<\/strong>: 37<\/li>\n<li>Technologie de refroidissement direct<\/li>\n<li>Un compartiment cong\u00e9lateur<\/li>\n<li>Une \u00e9tag\u00e8re et deux compartiments de rangement de porte<\/li>\n<li>Pieds cl\u00e9s et antid\u00e9rapants<\/li>\n<\/ul>\n","protected":false},"excerpt":{"rendered":"<p>Marque:\u00a0LG R\u00e9f\u00e9rence:\u00a0GL &#8211; 051SQQP Couleur:\u00a0Blanc Capacit\u00e9 :\u00a043L \u00c9conomie d\u2019\u00e9nergie :\u00a0A+ Consommation d\u2019\u00e9nergie (kWh\/an):\u00a0106 Niveau de puissance acoustique (dB)\u00a0: 37 Technologie de refroidissement direct Un compartiment cong\u00e9lateur Une \u00e9tag\u00e8re et deux compartiments de rangement de porte Pieds cl\u00e9s et antid\u00e9rapants<\/p>\n","protected":false},"featured_media":47745,"comment_status":"open","ping_status":"closed","template":"","meta":[],"product_cat":[149],"product_tag":[],"_links":{"self":[{"href":"https:\/\/shivaplus.com\/index.php\/wp-json\/wp\/v2\/product\/47744"}],"collection":[{"href":"https:\/\/shivaplus.com\/index.php\/wp-json\/wp\/v2\/product"}],"about":[{"href":"https:\/\/shivaplus.com\/index.php\/wp-json\/wp\/v2\/types\/product"}],"replies":[{"embeddable":true,"href":"https:\/\/shivaplus.com\/index.php\/wp-json\/wp\/v2\/comments?post=47744"}],"version-history":[{"count":1,"href":"https:\/\/shivaplus.com\/index.php\/wp-json\/wp\/v2\/product\/47744\/revisions"}],"predecessor-version":[{"id":47747,"href":"https:\/\/shivaplus.com\/index.php\/wp-json\/wp\/v2\/product\/47744\/revisions\/47747"}],"wp:featuredmedia":[{"embeddable":true,"href":"https:\/\/shivaplus.com\/index.php\/wp-json\/wp\/v2\/media\/47745"}],"wp:attachment":[{"href":"https:\/\/shivaplus.com\/index.php\/wp-json\/wp\/v2\/media?parent=47744"}],"wp:term":[{"taxonomy":"product_cat","embeddable":true,"href":"https:\/\/shivaplus.com\/index.php\/wp-json\/wp\/v2\/product_cat?post=47744"},{"taxonomy":"product_tag","embeddable":true,"href":"https:\/\/shivaplus.com\/index.php\/wp-json\/wp\/v2\/product_tag?post=47744"}],"curies":[{"name":"wp","href":"https:\/\/api.w.org\/{rel}","templated":true}]}}