{"id":47739,"date":"2023-08-29T17:25:37","date_gmt":"2023-08-29T15:25:37","guid":{"rendered":"https:\/\/shivaplus.com\/?post_type=product&#038;p=47739"},"modified":"2023-08-29T17:25:37","modified_gmt":"2023-08-29T15:25:37","slug":"lg-2023-xboom-xl7s-party-speaker-avec-bluetooth","status":"publish","type":"product","link":"https:\/\/shivaplus.com\/index.php\/produit\/lg-2023-xboom-xl7s-party-speaker-avec-bluetooth\/","title":{"rendered":"LG 2023 XBOOM XL7S Party Speaker avec Bluetooth"},"content":{"rendered":"<ul class=\"feature-list on\">\n<li>Sortie 250W et woofer 8 pouces &#8211; Remplissez la salle avec un son \u00e9norme<\/li>\n<li>\u00c9clairage dynamique Pixel et \u00e9clairage annulaire multicolore &#8211; Illuminez la f\u00eate<\/li>\n<li>Poign\u00e9e et roues t\u00e9lescopiques &#8211; Emportez-le partout<\/li>\n<li>20 heures d\u2019autonomie &#8211; Profitez de la musique \u00e0 tout moment<\/li>\n<li>Music &amp; Guitar In &#8211; Chantez sur la musique<\/li>\n<li>IPX4 &#8211; G\u00e9rer certaines \u00e9claboussures<\/li>\n<\/ul>\n","protected":false},"excerpt":{"rendered":"<p>Sortie 250W et woofer 8 pouces &#8211; Remplissez la salle avec un son \u00e9norme \u00c9clairage dynamique Pixel et \u00e9clairage annulaire multicolore &#8211; Illuminez la f\u00eate Poign\u00e9e et roues t\u00e9lescopiques &#8211; Emportez-le partout 20 heures d\u2019autonomie &#8211; Profitez de la musique \u00e0 tout moment Music &amp; Guitar In &#8211; Chantez sur la musique IPX4 &#8211; G\u00e9rer [&hellip;]<\/p>\n","protected":false},"featured_media":47740,"comment_status":"open","ping_status":"closed","template":"","meta":[],"product_cat":[152,149],"product_tag":[],"_links":{"self":[{"href":"https:\/\/shivaplus.com\/index.php\/wp-json\/wp\/v2\/product\/47739"}],"collection":[{"href":"https:\/\/shivaplus.com\/index.php\/wp-json\/wp\/v2\/product"}],"about":[{"href":"https:\/\/shivaplus.com\/index.php\/wp-json\/wp\/v2\/types\/product"}],"replies":[{"embeddable":true,"href":"https:\/\/shivaplus.com\/index.php\/wp-json\/wp\/v2\/comments?post=47739"}],"version-history":[{"count":1,"href":"https:\/\/shivaplus.com\/index.php\/wp-json\/wp\/v2\/product\/47739\/revisions"}],"predecessor-version":[{"id":47743,"href":"https:\/\/shivaplus.com\/index.php\/wp-json\/wp\/v2\/product\/47739\/revisions\/47743"}],"wp:featuredmedia":[{"embeddable":true,"href":"https:\/\/shivaplus.com\/index.php\/wp-json\/wp\/v2\/media\/47740"}],"wp:attachment":[{"href":"https:\/\/shivaplus.com\/index.php\/wp-json\/wp\/v2\/media?parent=47739"}],"wp:term":[{"taxonomy":"product_cat","embeddable":true,"href":"https:\/\/shivaplus.com\/index.php\/wp-json\/wp\/v2\/product_cat?post=47739"},{"taxonomy":"product_tag","embeddable":true,"href":"https:\/\/shivaplus.com\/index.php\/wp-json\/wp\/v2\/product_tag?post=47739"}],"curies":[{"name":"wp","href":"https:\/\/api.w.org\/{rel}","templated":true}]}}