{"id":47735,"date":"2023-08-29T17:09:57","date_gmt":"2023-08-29T15:09:57","guid":{"rendered":"https:\/\/shivaplus.com\/?post_type=product&#038;p=47735"},"modified":"2023-08-29T17:09:57","modified_gmt":"2023-08-29T15:09:57","slug":"ventilateur-binatone-ts-2020-100w-hauteur-1-65m-noir","status":"publish","type":"product","link":"https:\/\/shivaplus.com\/index.php\/produit\/ventilateur-binatone-ts-2020-100w-hauteur-1-65m-noir\/","title":{"rendered":"Ventilateur BINATONE &#8211; TS-2020 &#8211; 100W \u2013 Hauteur 1.65m &#8211; Noir"},"content":{"rendered":"<ul>\n<li><strong>Mod\u00e8les :<\/strong>\u00a0TS-2020<\/li>\n<li><strong>S\u00e9lecteur \u00e0 3 vitesse<\/strong>s<\/li>\n<li>Grille de s\u00e9curit\u00e9<\/li>\n<li>Pilotable<\/li>\n<li>R\u00e9glable en hauteur.<\/li>\n<li>50cm (20 \u00ab\u00a0)<\/li>\n<li><strong>Puissance :<\/strong>\u00a0100W<\/li>\n<li>1.65M Hauteur r\u00e9glable<\/li>\n<\/ul>\n","protected":false},"excerpt":{"rendered":"<p>Mod\u00e8les :\u00a0TS-2020 S\u00e9lecteur \u00e0 3 vitesses Grille de s\u00e9curit\u00e9 Pilotable R\u00e9glable en hauteur. 50cm (20 \u00ab\u00a0) Puissance :\u00a0100W 1.65M Hauteur r\u00e9glable<\/p>\n","protected":false},"featured_media":47736,"comment_status":"open","ping_status":"closed","template":"","meta":[],"product_cat":[152,149],"product_tag":[],"_links":{"self":[{"href":"https:\/\/shivaplus.com\/index.php\/wp-json\/wp\/v2\/product\/47735"}],"collection":[{"href":"https:\/\/shivaplus.com\/index.php\/wp-json\/wp\/v2\/product"}],"about":[{"href":"https:\/\/shivaplus.com\/index.php\/wp-json\/wp\/v2\/types\/product"}],"replies":[{"embeddable":true,"href":"https:\/\/shivaplus.com\/index.php\/wp-json\/wp\/v2\/comments?post=47735"}],"version-history":[{"count":1,"href":"https:\/\/shivaplus.com\/index.php\/wp-json\/wp\/v2\/product\/47735\/revisions"}],"predecessor-version":[{"id":47738,"href":"https:\/\/shivaplus.com\/index.php\/wp-json\/wp\/v2\/product\/47735\/revisions\/47738"}],"wp:featuredmedia":[{"embeddable":true,"href":"https:\/\/shivaplus.com\/index.php\/wp-json\/wp\/v2\/media\/47736"}],"wp:attachment":[{"href":"https:\/\/shivaplus.com\/index.php\/wp-json\/wp\/v2\/media?parent=47735"}],"wp:term":[{"taxonomy":"product_cat","embeddable":true,"href":"https:\/\/shivaplus.com\/index.php\/wp-json\/wp\/v2\/product_cat?post=47735"},{"taxonomy":"product_tag","embeddable":true,"href":"https:\/\/shivaplus.com\/index.php\/wp-json\/wp\/v2\/product_tag?post=47735"}],"curies":[{"name":"wp","href":"https:\/\/api.w.org\/{rel}","templated":true}]}}