{"id":47720,"date":"2023-08-29T16:40:34","date_gmt":"2023-08-29T14:40:34","guid":{"rendered":"https:\/\/shivaplus.com\/?post_type=product&#038;p=47720"},"modified":"2023-11-01T14:16:07","modified_gmt":"2023-11-01T13:16:07","slug":"barre-de-son-2-1-ch-300-w-bluetooth-hdmi-arc","status":"publish","type":"product","link":"https:\/\/shivaplus.com\/index.php\/produit\/barre-de-son-2-1-ch-300-w-bluetooth-hdmi-arc\/","title":{"rendered":"Barre de son LG 2.1 ch, 300 W, Bluetooth, HDMI ARC"},"content":{"rendered":"<ul class=\"feature-list on\">\n<li>Bluetooth, une connectivit\u00e9 simplifi\u00e9e<\/li>\n<li>Caisson de basses sans fil<\/li>\n<li>AI Sound Pro, un son adapt\u00e9 \u00e0 ce que vous regardez<\/li>\n<li>Connectique HDMI ARC et Optique<\/li>\n<li>DTS Virtual:X, un son immersif<\/li>\n<\/ul>\n","protected":false},"excerpt":{"rendered":"<p>Bluetooth, une connectivit\u00e9 simplifi\u00e9e Caisson de basses sans fil AI Sound Pro, un son adapt\u00e9 \u00e0 ce que vous regardez Connectique HDMI ARC et Optique DTS Virtual:X, un son immersif<\/p>\n","protected":false},"featured_media":47721,"comment_status":"open","ping_status":"closed","template":"","meta":[],"product_cat":[152,149],"product_tag":[],"_links":{"self":[{"href":"https:\/\/shivaplus.com\/index.php\/wp-json\/wp\/v2\/product\/47720"}],"collection":[{"href":"https:\/\/shivaplus.com\/index.php\/wp-json\/wp\/v2\/product"}],"about":[{"href":"https:\/\/shivaplus.com\/index.php\/wp-json\/wp\/v2\/types\/product"}],"replies":[{"embeddable":true,"href":"https:\/\/shivaplus.com\/index.php\/wp-json\/wp\/v2\/comments?post=47720"}],"version-history":[{"count":2,"href":"https:\/\/shivaplus.com\/index.php\/wp-json\/wp\/v2\/product\/47720\/revisions"}],"predecessor-version":[{"id":47992,"href":"https:\/\/shivaplus.com\/index.php\/wp-json\/wp\/v2\/product\/47720\/revisions\/47992"}],"wp:featuredmedia":[{"embeddable":true,"href":"https:\/\/shivaplus.com\/index.php\/wp-json\/wp\/v2\/media\/47721"}],"wp:attachment":[{"href":"https:\/\/shivaplus.com\/index.php\/wp-json\/wp\/v2\/media?parent=47720"}],"wp:term":[{"taxonomy":"product_cat","embeddable":true,"href":"https:\/\/shivaplus.com\/index.php\/wp-json\/wp\/v2\/product_cat?post=47720"},{"taxonomy":"product_tag","embeddable":true,"href":"https:\/\/shivaplus.com\/index.php\/wp-json\/wp\/v2\/product_tag?post=47720"}],"curies":[{"name":"wp","href":"https:\/\/api.w.org\/{rel}","templated":true}]}}