{"id":47705,"date":"2023-08-29T16:15:04","date_gmt":"2023-08-29T14:15:04","guid":{"rendered":"https:\/\/shivaplus.com\/?post_type=product&#038;p=47705"},"modified":"2023-08-29T16:15:05","modified_gmt":"2023-08-29T14:15:05","slug":"lg-barre-de-son-3-1-2-380w-dolby-atmos-dtsx-hdmi-arc-meridian","status":"publish","type":"product","link":"https:\/\/shivaplus.com\/index.php\/produit\/lg-barre-de-son-3-1-2-380w-dolby-atmos-dtsx-hdmi-arc-meridian\/","title":{"rendered":"LG Barre de Son 3.1.2 | 380W | Dolby Atmos | DTS:X | HDMI ARC | Meridian"},"content":{"rendered":"<ul class=\"feature-list on\">\n<li>DTS:X et Dolby Atmos pour un son immersif<\/li>\n<li>Ai Sound Pro, un son adapt\u00e9 \u00e0 ce que vous regardez<\/li>\n<li>Bluetooth pour une connectivit\u00e9 simplifi\u00e9e<\/li>\n<li>Connectiques HDMI 2.1 ARC, Optique et USB<\/li>\n<\/ul>\n","protected":false},"excerpt":{"rendered":"<p>DTS:X et Dolby Atmos pour un son immersif Ai Sound Pro, un son adapt\u00e9 \u00e0 ce que vous regardez Bluetooth pour une connectivit\u00e9 simplifi\u00e9e Connectiques HDMI 2.1 ARC, Optique et USB<\/p>\n","protected":false},"featured_media":47706,"comment_status":"open","ping_status":"closed","template":"","meta":[],"product_cat":[152,149],"product_tag":[],"_links":{"self":[{"href":"https:\/\/shivaplus.com\/index.php\/wp-json\/wp\/v2\/product\/47705"}],"collection":[{"href":"https:\/\/shivaplus.com\/index.php\/wp-json\/wp\/v2\/product"}],"about":[{"href":"https:\/\/shivaplus.com\/index.php\/wp-json\/wp\/v2\/types\/product"}],"replies":[{"embeddable":true,"href":"https:\/\/shivaplus.com\/index.php\/wp-json\/wp\/v2\/comments?post=47705"}],"version-history":[{"count":1,"href":"https:\/\/shivaplus.com\/index.php\/wp-json\/wp\/v2\/product\/47705\/revisions"}],"predecessor-version":[{"id":47709,"href":"https:\/\/shivaplus.com\/index.php\/wp-json\/wp\/v2\/product\/47705\/revisions\/47709"}],"wp:featuredmedia":[{"embeddable":true,"href":"https:\/\/shivaplus.com\/index.php\/wp-json\/wp\/v2\/media\/47706"}],"wp:attachment":[{"href":"https:\/\/shivaplus.com\/index.php\/wp-json\/wp\/v2\/media?parent=47705"}],"wp:term":[{"taxonomy":"product_cat","embeddable":true,"href":"https:\/\/shivaplus.com\/index.php\/wp-json\/wp\/v2\/product_cat?post=47705"},{"taxonomy":"product_tag","embeddable":true,"href":"https:\/\/shivaplus.com\/index.php\/wp-json\/wp\/v2\/product_tag?post=47705"}],"curies":[{"name":"wp","href":"https:\/\/api.w.org\/{rel}","templated":true}]}}