{"id":47700,"date":"2023-08-29T16:04:48","date_gmt":"2023-08-29T14:04:48","guid":{"rendered":"https:\/\/shivaplus.com\/?post_type=product&#038;p=47700"},"modified":"2023-08-29T16:04:48","modified_gmt":"2023-08-29T14:04:48","slug":"eclair-qp5-barre-de-son-compacte-systeme-3-1-2-320w-hi-res-audio-dolby-atmos-dtsx-meridian-noir","status":"publish","type":"product","link":"https:\/\/shivaplus.com\/index.php\/produit\/eclair-qp5-barre-de-son-compacte-systeme-3-1-2-320w-hi-res-audio-dolby-atmos-dtsx-meridian-noir\/","title":{"rendered":"\u00c9clair QP5 | Barre de son compacte | syst\u00e8me 3.1.2 | 320W | Hi-Res Audio | Dolby Atmos | DTS:X | Meridian | Noir"},"content":{"rendered":"<ul class=\"feature-list on\">\n<li>Mod\u00e8le \u00e9l\u00e9gant et compact qui s&rsquo;adapte \u00e0 tous les styles d\u2019int\u00e9rieurs<\/li>\n<li>Dolby ATMOS &amp; DTS:X pour une immersion au c\u0153ur de l\u2019action<\/li>\n<li>Le caisson de basses avec haut-parleurs bidirectionnels offre des basses profondes et des vibrations faibles<\/li>\n<li>D\u00e9couvrez un son d&rsquo;excellence<\/li>\n<li>Installation et appairage faciles<\/li>\n<\/ul>\n","protected":false},"excerpt":{"rendered":"<p>Mod\u00e8le \u00e9l\u00e9gant et compact qui s&rsquo;adapte \u00e0 tous les styles d\u2019int\u00e9rieurs Dolby ATMOS &amp; DTS:X pour une immersion au c\u0153ur de l\u2019action Le caisson de basses avec haut-parleurs bidirectionnels offre des basses profondes et des vibrations faibles D\u00e9couvrez un son d&rsquo;excellence Installation et appairage faciles<\/p>\n","protected":false},"featured_media":47701,"comment_status":"open","ping_status":"closed","template":"","meta":[],"product_cat":[152,149],"product_tag":[],"_links":{"self":[{"href":"https:\/\/shivaplus.com\/index.php\/wp-json\/wp\/v2\/product\/47700"}],"collection":[{"href":"https:\/\/shivaplus.com\/index.php\/wp-json\/wp\/v2\/product"}],"about":[{"href":"https:\/\/shivaplus.com\/index.php\/wp-json\/wp\/v2\/types\/product"}],"replies":[{"embeddable":true,"href":"https:\/\/shivaplus.com\/index.php\/wp-json\/wp\/v2\/comments?post=47700"}],"version-history":[{"count":1,"href":"https:\/\/shivaplus.com\/index.php\/wp-json\/wp\/v2\/product\/47700\/revisions"}],"predecessor-version":[{"id":47704,"href":"https:\/\/shivaplus.com\/index.php\/wp-json\/wp\/v2\/product\/47700\/revisions\/47704"}],"wp:featuredmedia":[{"embeddable":true,"href":"https:\/\/shivaplus.com\/index.php\/wp-json\/wp\/v2\/media\/47701"}],"wp:attachment":[{"href":"https:\/\/shivaplus.com\/index.php\/wp-json\/wp\/v2\/media?parent=47700"}],"wp:term":[{"taxonomy":"product_cat","embeddable":true,"href":"https:\/\/shivaplus.com\/index.php\/wp-json\/wp\/v2\/product_cat?post=47700"},{"taxonomy":"product_tag","embeddable":true,"href":"https:\/\/shivaplus.com\/index.php\/wp-json\/wp\/v2\/product_tag?post=47700"}],"curies":[{"name":"wp","href":"https:\/\/api.w.org\/{rel}","templated":true}]}}