{"id":47664,"date":"2023-08-29T14:56:58","date_gmt":"2023-08-29T12:56:58","guid":{"rendered":"https:\/\/shivaplus.com\/?post_type=product&#038;p=47664"},"modified":"2023-08-29T14:56:58","modified_gmt":"2023-08-29T12:56:58","slug":"home-cinema-lg-lhd667bg-lecteur-dvd-600w-garantie-06-mois","status":"publish","type":"product","link":"https:\/\/shivaplus.com\/index.php\/produit\/home-cinema-lg-lhd667bg-lecteur-dvd-600w-garantie-06-mois\/","title":{"rendered":"Home Cin\u00e9ma LG &#8211; LHD667BG &#8211; Lecteur DVD &#8211; 600W &#8211; Garantie 06 Mois"},"content":{"rendered":"<ul>\n<li><span data-sheets-value=\"{&quot;1&quot;:2,&quot;2&quot;:&quot;Marque : LG\\nType de produit : Home cin\u00e9ma\\nModel:LHD667\\nCanaux : 4.2\\nType de lecteur de disque : Lecteur DVD\\nPuissance : 600 W\\nNombre d\u2019enceintes : 2 enceintes\\nConnectivit\u00e9 : USB, HDMI, BLUETOOTH\\nType de radio : Tuner radio FM\\nPoids : 7 Kg\\nAppareil en mode st\u00e9r\u00e9o par d\u00e9faut. S\u00e9lectionnez les autres modes  pour b\u00e9n\u00e9ficier des pleines capacit\u00e9s de TOUS LES HAUT-PARLEURS*&quot;}\" data-sheets-userformat=\"{&quot;2&quot;:4224,&quot;10&quot;:2,&quot;15&quot;:&quot;Arial&quot;}\"><strong>Marque<\/strong>\u00a0: LG<\/span><\/li>\n<li><span data-sheets-value=\"{&quot;1&quot;:2,&quot;2&quot;:&quot;Marque : LG\\nType de produit : Home cin\u00e9ma\\nModel:LHD667\\nCanaux : 4.2\\nType de lecteur de disque : Lecteur DVD\\nPuissance : 600 W\\nNombre d\u2019enceintes : 2 enceintes\\nConnectivit\u00e9 : USB, HDMI, BLUETOOTH\\nType de radio : Tuner radio FM\\nPoids : 7 Kg\\nAppareil en mode st\u00e9r\u00e9o par d\u00e9faut. S\u00e9lectionnez les autres modes  pour b\u00e9n\u00e9ficier des pleines capacit\u00e9s de TOUS LES HAUT-PARLEURS*&quot;}\" data-sheets-userformat=\"{&quot;2&quot;:4224,&quot;10&quot;:2,&quot;15&quot;:&quot;Arial&quot;}\"><strong>Type de produit :<\/strong>\u00a0Home cin\u00e9ma<\/span><\/li>\n<li><span data-sheets-value=\"{&quot;1&quot;:2,&quot;2&quot;:&quot;Marque : LG\\nType de produit : Home cin\u00e9ma\\nModel:LHD667\\nCanaux : 4.2\\nType de lecteur de disque : Lecteur DVD\\nPuissance : 600 W\\nNombre d\u2019enceintes : 2 enceintes\\nConnectivit\u00e9 : USB, HDMI, BLUETOOTH\\nType de radio : Tuner radio FM\\nPoids : 7 Kg\\nAppareil en mode st\u00e9r\u00e9o par d\u00e9faut. S\u00e9lectionnez les autres modes  pour b\u00e9n\u00e9ficier des pleines capacit\u00e9s de TOUS LES HAUT-PARLEURS*&quot;}\" data-sheets-userformat=\"{&quot;2&quot;:4224,&quot;10&quot;:2,&quot;15&quot;:&quot;Arial&quot;}\"><strong>Mod\u00e8le: LHD667BG<\/strong><\/span><\/li>\n<li><span data-sheets-value=\"{&quot;1&quot;:2,&quot;2&quot;:&quot;Marque : LG\\nType de produit : Home cin\u00e9ma\\nModel:LHD667\\nCanaux : 4.2\\nType de lecteur de disque : Lecteur DVD\\nPuissance : 600 W\\nNombre d\u2019enceintes : 2 enceintes\\nConnectivit\u00e9 : USB, HDMI, BLUETOOTH\\nType de radio : Tuner radio FM\\nPoids : 7 Kg\\nAppareil en mode st\u00e9r\u00e9o par d\u00e9faut. S\u00e9lectionnez les autres modes  pour b\u00e9n\u00e9ficier des pleines capacit\u00e9s de TOUS LES HAUT-PARLEURS*&quot;}\" data-sheets-userformat=\"{&quot;2&quot;:4224,&quot;10&quot;:2,&quot;15&quot;:&quot;Arial&quot;}\"><strong>Canaux<\/strong>\u00a0: 4.2<\/span><\/li>\n<li><span data-sheets-value=\"{&quot;1&quot;:2,&quot;2&quot;:&quot;Marque : LG\\nType de produit : Home cin\u00e9ma\\nModel:LHD667\\nCanaux : 4.2\\nType de lecteur de disque : Lecteur DVD\\nPuissance : 600 W\\nNombre d\u2019enceintes : 2 enceintes\\nConnectivit\u00e9 : USB, HDMI, BLUETOOTH\\nType de radio : Tuner radio FM\\nPoids : 7 Kg\\nAppareil en mode st\u00e9r\u00e9o par d\u00e9faut. S\u00e9lectionnez les autres modes  pour b\u00e9n\u00e9ficier des pleines capacit\u00e9s de TOUS LES HAUT-PARLEURS*&quot;}\" data-sheets-userformat=\"{&quot;2&quot;:4224,&quot;10&quot;:2,&quot;15&quot;:&quot;Arial&quot;}\"><strong>Type de lecteur de disque<\/strong>\u00a0: Lecteur DVD<\/span><\/li>\n<li><span data-sheets-value=\"{&quot;1&quot;:2,&quot;2&quot;:&quot;Marque : LG\\nType de produit : Home cin\u00e9ma\\nModel:LHD667\\nCanaux : 4.2\\nType de lecteur de disque : Lecteur DVD\\nPuissance : 600 W\\nNombre d\u2019enceintes : 2 enceintes\\nConnectivit\u00e9 : USB, HDMI, BLUETOOTH\\nType de radio : Tuner radio FM\\nPoids : 7 Kg\\nAppareil en mode st\u00e9r\u00e9o par d\u00e9faut. S\u00e9lectionnez les autres modes  pour b\u00e9n\u00e9ficier des pleines capacit\u00e9s de TOUS LES HAUT-PARLEURS*&quot;}\" data-sheets-userformat=\"{&quot;2&quot;:4224,&quot;10&quot;:2,&quot;15&quot;:&quot;Arial&quot;}\"><strong>\u00a0Puissance<\/strong>\u00a0: 600 W<\/span><\/li>\n<li><span data-sheets-value=\"{&quot;1&quot;:2,&quot;2&quot;:&quot;Marque : LG\\nType de produit : Home cin\u00e9ma\\nModel:LHD667\\nCanaux : 4.2\\nType de lecteur de disque : Lecteur DVD\\nPuissance : 600 W\\nNombre d\u2019enceintes : 2 enceintes\\nConnectivit\u00e9 : USB, HDMI, BLUETOOTH\\nType de radio : Tuner radio FM\\nPoids : 7 Kg\\nAppareil en mode st\u00e9r\u00e9o par d\u00e9faut. S\u00e9lectionnez les autres modes  pour b\u00e9n\u00e9ficier des pleines capacit\u00e9s de TOUS LES HAUT-PARLEURS*&quot;}\" data-sheets-userformat=\"{&quot;2&quot;:4224,&quot;10&quot;:2,&quot;15&quot;:&quot;Arial&quot;}\"><strong>\u00a0Nombre d\u2019enceintes :<\/strong>\u00a02 enceintes<\/span><\/li>\n<li><span data-sheets-value=\"{&quot;1&quot;:2,&quot;2&quot;:&quot;Marque : LG\\nType de produit : Home cin\u00e9ma\\nModel:LHD667\\nCanaux : 4.2\\nType de lecteur de disque : Lecteur DVD\\nPuissance : 600 W\\nNombre d\u2019enceintes : 2 enceintes\\nConnectivit\u00e9 : USB, HDMI, BLUETOOTH\\nType de radio : Tuner radio FM\\nPoids : 7 Kg\\nAppareil en mode st\u00e9r\u00e9o par d\u00e9faut. S\u00e9lectionnez les autres modes  pour b\u00e9n\u00e9ficier des pleines capacit\u00e9s de TOUS LES HAUT-PARLEURS*&quot;}\" data-sheets-userformat=\"{&quot;2&quot;:4224,&quot;10&quot;:2,&quot;15&quot;:&quot;Arial&quot;}\"><strong>\u00a0Connectivit\u00e9<\/strong>\u00a0: USB, HDMI, BLUETOOTH<\/span><\/li>\n<li><span data-sheets-value=\"{&quot;1&quot;:2,&quot;2&quot;:&quot;Marque : LG\\nType de produit : Home cin\u00e9ma\\nModel:LHD667\\nCanaux : 4.2\\nType de lecteur de disque : Lecteur DVD\\nPuissance : 600 W\\nNombre d\u2019enceintes : 2 enceintes\\nConnectivit\u00e9 : USB, HDMI, BLUETOOTH\\nType de radio : Tuner radio FM\\nPoids : 7 Kg\\nAppareil en mode st\u00e9r\u00e9o par d\u00e9faut. S\u00e9lectionnez les autres modes  pour b\u00e9n\u00e9ficier des pleines capacit\u00e9s de TOUS LES HAUT-PARLEURS*&quot;}\" data-sheets-userformat=\"{&quot;2&quot;:4224,&quot;10&quot;:2,&quot;15&quot;:&quot;Arial&quot;}\"><strong>Type de radio :<\/strong>\u00a0Tuner radio FM<\/span><\/li>\n<li><span data-sheets-value=\"{&quot;1&quot;:2,&quot;2&quot;:&quot;Marque : LG\\nType de produit : Home cin\u00e9ma\\nModel:LHD667\\nCanaux : 4.2\\nType de lecteur de disque : Lecteur DVD\\nPuissance : 600 W\\nNombre d\u2019enceintes : 2 enceintes\\nConnectivit\u00e9 : USB, HDMI, BLUETOOTH\\nType de radio : Tuner radio FM\\nPoids : 7 Kg\\nAppareil en mode st\u00e9r\u00e9o par d\u00e9faut. S\u00e9lectionnez les autres modes  pour b\u00e9n\u00e9ficier des pleines capacit\u00e9s de TOUS LES HAUT-PARLEURS*&quot;}\" data-sheets-userformat=\"{&quot;2&quot;:4224,&quot;10&quot;:2,&quot;15&quot;:&quot;Arial&quot;}\"><strong>Poids<\/strong>\u00a0: 7 Kg<\/span><\/li>\n<\/ul>\n","protected":false},"excerpt":{"rendered":"<p>Marque\u00a0: LG Type de produit :\u00a0Home cin\u00e9ma Mod\u00e8le: LHD667BG Canaux\u00a0: 4.2 Type de lecteur de disque\u00a0: Lecteur DVD \u00a0Puissance\u00a0: 600 W \u00a0Nombre d\u2019enceintes :\u00a02 enceintes \u00a0Connectivit\u00e9\u00a0: USB, HDMI, BLUETOOTH Type de radio :\u00a0Tuner radio FM Poids\u00a0: 7 Kg<\/p>\n","protected":false},"featured_media":47665,"comment_status":"open","ping_status":"closed","template":"","meta":[],"product_cat":[152,149],"product_tag":[],"_links":{"self":[{"href":"https:\/\/shivaplus.com\/index.php\/wp-json\/wp\/v2\/product\/47664"}],"collection":[{"href":"https:\/\/shivaplus.com\/index.php\/wp-json\/wp\/v2\/product"}],"about":[{"href":"https:\/\/shivaplus.com\/index.php\/wp-json\/wp\/v2\/types\/product"}],"replies":[{"embeddable":true,"href":"https:\/\/shivaplus.com\/index.php\/wp-json\/wp\/v2\/comments?post=47664"}],"version-history":[{"count":1,"href":"https:\/\/shivaplus.com\/index.php\/wp-json\/wp\/v2\/product\/47664\/revisions"}],"predecessor-version":[{"id":47668,"href":"https:\/\/shivaplus.com\/index.php\/wp-json\/wp\/v2\/product\/47664\/revisions\/47668"}],"wp:featuredmedia":[{"embeddable":true,"href":"https:\/\/shivaplus.com\/index.php\/wp-json\/wp\/v2\/media\/47665"}],"wp:attachment":[{"href":"https:\/\/shivaplus.com\/index.php\/wp-json\/wp\/v2\/media?parent=47664"}],"wp:term":[{"taxonomy":"product_cat","embeddable":true,"href":"https:\/\/shivaplus.com\/index.php\/wp-json\/wp\/v2\/product_cat?post=47664"},{"taxonomy":"product_tag","embeddable":true,"href":"https:\/\/shivaplus.com\/index.php\/wp-json\/wp\/v2\/product_tag?post=47664"}],"curies":[{"name":"wp","href":"https:\/\/api.w.org\/{rel}","templated":true}]}}