{"id":47654,"date":"2023-08-29T14:04:04","date_gmt":"2023-08-29T12:04:04","guid":{"rendered":"https:\/\/shivaplus.com\/?post_type=product&#038;p=47654"},"modified":"2023-08-29T14:04:04","modified_gmt":"2023-08-29T12:04:04","slug":"mini-audio-lg-rk1d-bluetooth-usb-radio-fm-60-w-garantie-06-mois","status":"publish","type":"product","link":"https:\/\/shivaplus.com\/index.php\/produit\/mini-audio-lg-rk1d-bluetooth-usb-radio-fm-60-w-garantie-06-mois\/","title":{"rendered":"Mini audio LG &#8211; RK1D &#8211; Bluetooth &#8211; USB &#8211; Radio FM &#8211; 60 W &#8211; Garantie 06 mois"},"content":{"rendered":"<ul>\n<li><strong>Type de Produit<\/strong>\u00a0: Tour de son<\/li>\n<li><strong>Marque<\/strong>\u00a0: LG<\/li>\n<li><strong>Mod\u00e8le<\/strong>\u00a0: RK1D<\/li>\n<li><strong>Puissance Frontale<\/strong>: 50W (25W x 2)<\/li>\n<li><strong>Puissance Totale<\/strong>\u00a0: 60W<\/li>\n<li><strong>Connectivit\u00e9<\/strong>\u00a0: Bluetooth; USB; Entr\u00e9e optique; Entr\u00e9e AUX (3,5 mm); Antenne FM.<\/li>\n<li><strong>Consommation \u00e9lectrique<\/strong>\u00a0: 10 W<\/li>\n<li><strong>Taille (LxlxH)<\/strong>\u00a0:\u00a0136 x 962 x 164 mm<\/li>\n<li><strong>Poids<\/strong>\u00a0: 7.26 Kg<\/li>\n<li><strong>Couleur<\/strong>\u00a0: Noir<\/li>\n<li><strong>Garantie<\/strong>\u00a0: 6 mois<\/li>\n<\/ul>\n","protected":false},"excerpt":{"rendered":"<p>Type de Produit\u00a0: Tour de son Marque\u00a0: LG Mod\u00e8le\u00a0: RK1D Puissance Frontale: 50W (25W x 2) Puissance Totale\u00a0: 60W Connectivit\u00e9\u00a0: Bluetooth; USB; Entr\u00e9e optique; Entr\u00e9e AUX (3,5 mm); Antenne FM. Consommation \u00e9lectrique\u00a0: 10 W Taille (LxlxH)\u00a0:\u00a0136 x 962 x 164 mm Poids\u00a0: 7.26 Kg Couleur\u00a0: Noir Garantie\u00a0: 6 mois<\/p>\n","protected":false},"featured_media":47655,"comment_status":"open","ping_status":"closed","template":"","meta":[],"product_cat":[152,149],"product_tag":[],"_links":{"self":[{"href":"https:\/\/shivaplus.com\/index.php\/wp-json\/wp\/v2\/product\/47654"}],"collection":[{"href":"https:\/\/shivaplus.com\/index.php\/wp-json\/wp\/v2\/product"}],"about":[{"href":"https:\/\/shivaplus.com\/index.php\/wp-json\/wp\/v2\/types\/product"}],"replies":[{"embeddable":true,"href":"https:\/\/shivaplus.com\/index.php\/wp-json\/wp\/v2\/comments?post=47654"}],"version-history":[{"count":1,"href":"https:\/\/shivaplus.com\/index.php\/wp-json\/wp\/v2\/product\/47654\/revisions"}],"predecessor-version":[{"id":47658,"href":"https:\/\/shivaplus.com\/index.php\/wp-json\/wp\/v2\/product\/47654\/revisions\/47658"}],"wp:featuredmedia":[{"embeddable":true,"href":"https:\/\/shivaplus.com\/index.php\/wp-json\/wp\/v2\/media\/47655"}],"wp:attachment":[{"href":"https:\/\/shivaplus.com\/index.php\/wp-json\/wp\/v2\/media?parent=47654"}],"wp:term":[{"taxonomy":"product_cat","embeddable":true,"href":"https:\/\/shivaplus.com\/index.php\/wp-json\/wp\/v2\/product_cat?post=47654"},{"taxonomy":"product_tag","embeddable":true,"href":"https:\/\/shivaplus.com\/index.php\/wp-json\/wp\/v2\/product_tag?post=47654"}],"curies":[{"name":"wp","href":"https:\/\/api.w.org\/{rel}","templated":true}]}}