{"id":47651,"date":"2023-08-29T13:53:05","date_gmt":"2023-08-29T11:53:05","guid":{"rendered":"https:\/\/shivaplus.com\/?post_type=product&#038;p=47651"},"modified":"2023-08-29T13:53:05","modified_gmt":"2023-08-29T11:53:05","slug":"lg-home-cinema-1000w-5-1ch-lhd71c","status":"publish","type":"product","link":"https:\/\/shivaplus.com\/index.php\/produit\/lg-home-cinema-1000w-5-1ch-lhd71c\/","title":{"rendered":"LG HOME CIN\u00c9MA 1000W 5.1CH LHD71C"},"content":{"rendered":"<p>Le LG Home Cinema 1000W 5.1CH LHD71C est un syst\u00e8me de cin\u00e9ma maison qui offre un son puissant et immersif dans un environnement de divertissement \u00e0 domicile. Avec une puissance totale de 1000W, ce syst\u00e8me comprend cinq haut-parleurs satellites et un caisson de basses pour fournir un son immersif 5.1 canaux.<\/p>\n<p>Le syst\u00e8me de haut-parleurs est con\u00e7u pour offrir une exp\u00e9rience sonore \u00e9quilibr\u00e9e et de haute qualit\u00e9, avec des tweeters bomb\u00e9s en soie qui offrent des aigus nets et des basses profondes et vibrantes. Le caisson de basses d\u00e9di\u00e9 offre un son puissant et percutant, procurant un sentiment d\u2019immersion dans les films, les \u00e9missions de t\u00e9l\u00e9vision et les jeux.<\/p>\n<p>Le LG Home Cinema 1000W 5.1CH LHD71C dispose \u00e9galement d\u2019une connectivit\u00e9 polyvalente, vous permettant de lire votre contenu audio pr\u00e9f\u00e9r\u00e9 \u00e0 partir d\u2019une vari\u00e9t\u00e9 de sources, y compris les appareils Bluetooth, USB et AUX, ainsi que d\u2019\u00eatre compatible avec certains formats audio haute r\u00e9solution. En outre, il dispose de fonctionnalit\u00e9s suppl\u00e9mentaires telles que la radio FM et le karaok\u00e9 pour \u00e9largir vos possibilit\u00e9s de divertissement.<\/p>\n<p>Le syst\u00e8me est con\u00e7u avec un look moderne et \u00e9l\u00e9gant, ce qui en fait un compl\u00e9ment parfait \u00e0 tout salon ou cin\u00e9ma maison. Il est facile \u00e0 configurer et \u00e0 utiliser, ce qui vous permet de profiter d\u2019un son de haute qualit\u00e9 en un rien de temps.<\/p>\n","protected":false},"excerpt":{"rendered":"<p>Le LG Home Cinema 1000W 5.1CH LHD71C est un syst\u00e8me de cin\u00e9ma maison qui offre un son puissant et immersif dans un environnement de divertissement \u00e0 domicile. Avec une puissance totale de 1000W, ce syst\u00e8me comprend cinq haut-parleurs satellites et un caisson de basses pour fournir un son immersif 5.1 canaux. Le syst\u00e8me de haut-parleurs [&hellip;]<\/p>\n","protected":false},"featured_media":47652,"comment_status":"open","ping_status":"closed","template":"","meta":[],"product_cat":[15],"product_tag":[],"_links":{"self":[{"href":"https:\/\/shivaplus.com\/index.php\/wp-json\/wp\/v2\/product\/47651"}],"collection":[{"href":"https:\/\/shivaplus.com\/index.php\/wp-json\/wp\/v2\/product"}],"about":[{"href":"https:\/\/shivaplus.com\/index.php\/wp-json\/wp\/v2\/types\/product"}],"replies":[{"embeddable":true,"href":"https:\/\/shivaplus.com\/index.php\/wp-json\/wp\/v2\/comments?post=47651"}],"version-history":[{"count":1,"href":"https:\/\/shivaplus.com\/index.php\/wp-json\/wp\/v2\/product\/47651\/revisions"}],"predecessor-version":[{"id":47653,"href":"https:\/\/shivaplus.com\/index.php\/wp-json\/wp\/v2\/product\/47651\/revisions\/47653"}],"wp:featuredmedia":[{"embeddable":true,"href":"https:\/\/shivaplus.com\/index.php\/wp-json\/wp\/v2\/media\/47652"}],"wp:attachment":[{"href":"https:\/\/shivaplus.com\/index.php\/wp-json\/wp\/v2\/media?parent=47651"}],"wp:term":[{"taxonomy":"product_cat","embeddable":true,"href":"https:\/\/shivaplus.com\/index.php\/wp-json\/wp\/v2\/product_cat?post=47651"},{"taxonomy":"product_tag","embeddable":true,"href":"https:\/\/shivaplus.com\/index.php\/wp-json\/wp\/v2\/product_tag?post=47651"}],"curies":[{"name":"wp","href":"https:\/\/api.w.org\/{rel}","templated":true}]}}