{"id":47647,"date":"2023-08-29T13:45:59","date_gmt":"2023-08-29T11:45:59","guid":{"rendered":"https:\/\/shivaplus.com\/?post_type=product&#038;p=47647"},"modified":"2023-08-29T13:45:59","modified_gmt":"2023-08-29T11:45:59","slug":"lg-lhd657-bluetooth-multi-region-free-5-1-channel-home-cinema-speaker-system-w-free-hdmi-cable-110-240-volt","status":"publish","type":"product","link":"https:\/\/shivaplus.com\/index.php\/produit\/lg-lhd657-bluetooth-multi-region-free-5-1-channel-home-cinema-speaker-system-w-free-hdmi-cable-110-240-volt\/","title":{"rendered":"LG LHD657 Bluetooth Multi Region Free 5.1-Channel Home Cin\u00e9ma Speaker System w \/ Free HDMI Cable, 110-240 Volt"},"content":{"rendered":"<ul class=\"a-unordered-list a-vertical a-spacing-mini\">\n<li class=\"a-spacing-mini\"><span class=\"a-list-item\">Syst\u00e8me de cin\u00e9ma maison gratuit de r\u00e9gion avec prise en charge PAL \/ NTSC. Il lira tous vos DVD (r\u00e9gion 0-9) du monde entier. Tension mondiale de 110 \u00e0 240 volts<\/span><\/li>\n<li class=\"a-spacing-mini\"><span class=\"a-list-item\">Un son pratique et \u00e9l\u00e9gant est arriv\u00e9. Profitez d\u2019un look propre et \u00e9l\u00e9gant dans votre salon, avec une installation facile et pratique. 1000 watts de puissance!<\/span><\/li>\n<li class=\"a-spacing-mini\"><span class=\"a-list-item\">Audio L \/ R Oui, Composition du canal 3, Composite Oui, Optique x1, Sortie HDMI x1, Type de terminal Push in (ressort), Bluetooth, Karaok\u00e9, C\u00c2BLE HDMI GRATUIT \u00c0 L\u2019INT\u00c9RIEUR<\/span><\/li>\n<li class=\"a-spacing-mini\"><span class=\"a-list-item\">Avec le syst\u00e8me de cin\u00e9ma maison LG, Micro et Mini Audio, vous pouvez non seulement lire des fichiers stock\u00e9s sur des p\u00e9riph\u00e9riques USB, mais enregistrer des pistes CD ou des programmes de radio FM sur votre cl\u00e9 USB, tout en \u00e9coutant en m\u00eame temps<\/span><\/li>\n<li class=\"a-spacing-mini\"><span class=\"a-list-item\">Profitez de votre musique pr\u00e9f\u00e9r\u00e9e stock\u00e9e sur les appareils mobiles via le syst\u00e8me audio LG avec streaming audio sans fil via Bluetooth Profitez de la fonction karaok\u00e9 de LG Audio \u00e0 tout moment.<\/span><\/li>\n<\/ul>\n","protected":false},"excerpt":{"rendered":"<p>Syst\u00e8me de cin\u00e9ma maison gratuit de r\u00e9gion avec prise en charge PAL \/ NTSC. Il lira tous vos DVD (r\u00e9gion 0-9) du monde entier. Tension mondiale de 110 \u00e0 240 volts Un son pratique et \u00e9l\u00e9gant est arriv\u00e9. Profitez d\u2019un look propre et \u00e9l\u00e9gant dans votre salon, avec une installation facile et pratique. 1000 watts [&hellip;]<\/p>\n","protected":false},"featured_media":47648,"comment_status":"open","ping_status":"closed","template":"","meta":[],"product_cat":[152,149],"product_tag":[],"_links":{"self":[{"href":"https:\/\/shivaplus.com\/index.php\/wp-json\/wp\/v2\/product\/47647"}],"collection":[{"href":"https:\/\/shivaplus.com\/index.php\/wp-json\/wp\/v2\/product"}],"about":[{"href":"https:\/\/shivaplus.com\/index.php\/wp-json\/wp\/v2\/types\/product"}],"replies":[{"embeddable":true,"href":"https:\/\/shivaplus.com\/index.php\/wp-json\/wp\/v2\/comments?post=47647"}],"version-history":[{"count":1,"href":"https:\/\/shivaplus.com\/index.php\/wp-json\/wp\/v2\/product\/47647\/revisions"}],"predecessor-version":[{"id":47649,"href":"https:\/\/shivaplus.com\/index.php\/wp-json\/wp\/v2\/product\/47647\/revisions\/47649"}],"wp:featuredmedia":[{"embeddable":true,"href":"https:\/\/shivaplus.com\/index.php\/wp-json\/wp\/v2\/media\/47648"}],"wp:attachment":[{"href":"https:\/\/shivaplus.com\/index.php\/wp-json\/wp\/v2\/media?parent=47647"}],"wp:term":[{"taxonomy":"product_cat","embeddable":true,"href":"https:\/\/shivaplus.com\/index.php\/wp-json\/wp\/v2\/product_cat?post=47647"},{"taxonomy":"product_tag","embeddable":true,"href":"https:\/\/shivaplus.com\/index.php\/wp-json\/wp\/v2\/product_tag?post=47647"}],"curies":[{"name":"wp","href":"https:\/\/api.w.org\/{rel}","templated":true}]}}