{"id":47637,"date":"2023-08-29T13:31:12","date_gmt":"2023-08-29T11:31:12","guid":{"rendered":"https:\/\/shivaplus.com\/?post_type=product&#038;p=47637"},"modified":"2023-08-29T13:31:12","modified_gmt":"2023-08-29T11:31:12","slug":"lg-xboom-go-pl7-enceinte-bluetooth-nomade-stereo-etanche-et-technologie-meridian","status":"publish","type":"product","link":"https:\/\/shivaplus.com\/index.php\/produit\/lg-xboom-go-pl7-enceinte-bluetooth-nomade-stereo-etanche-et-technologie-meridian\/","title":{"rendered":"LG Xboom Go PL7 : enceinte Bluetooth nomade st\u00e9r\u00e9o, \u00e9tanche et technologie Meridian"},"content":{"rendered":"<p>Type : 2.0<\/p>\n<p>\u2022 HP Large bande : 2 x 5,84 cm<\/p>\n<p>\u2022 Radiateur passif : oui<\/p>\n<p>\u2022 Puissance : 30\u00a0W<\/p>\n<p>\u2022 Connectique : 1 port USB-C (charge), 1 port\u00a0<a id=\"23451181\" class=\"Lien_Abecedaire\"><\/a>USB\u2011A (PowerBank) et 1\u00a0port mini\u2011Jack 3,5\u00a0mm<\/p>\n<p>\u2022 Autre(s) : mode Sound Boost, possibilit\u00e9 de raccorder deux LG Xboom\u00a0PL7 pour une configuration\u00a02.0 et jusqu&rsquo;\u00e0 100 pour plus de\u00a0puissance<\/p>\n<p>\u2022 Certification(s) : IPX5<\/p>\n<p>\u2022 Compatibilit\u00e9(s)\u00a0<a id=\"31161372\" class=\"Lien_Abecedaire\"><\/a>Bluetooth\u00a05.0<\/p>\n<p>\u2022 Batterie : environ 3 900 mAh, jusqu&rsquo;\u00e0 24 h d&rsquo;\u00e9coute \u00e0 niveau\u00a0raisonnable<\/p>\n<p>\u2022 Dimensions (L x P x H) : 245 x 98 x 98 mm<\/p>\n<p>\u2022 Poids : 1,46 kg<\/p>\n<p>\u2022 Consommation : 10 W (&lt; 0,5 W en veille)<\/p>\n","protected":false},"excerpt":{"rendered":"<p>Type : 2.0 \u2022 HP Large bande : 2 x 5,84 cm \u2022 Radiateur passif : oui \u2022 Puissance : 30\u00a0W \u2022 Connectique : 1 port USB-C (charge), 1 port\u00a0USB\u2011A (PowerBank) et 1\u00a0port mini\u2011Jack 3,5\u00a0mm \u2022 Autre(s) : mode Sound Boost, possibilit\u00e9 de raccorder deux LG Xboom\u00a0PL7 pour une configuration\u00a02.0 et jusqu&rsquo;\u00e0 100 pour plus [&hellip;]<\/p>\n","protected":false},"featured_media":47638,"comment_status":"open","ping_status":"closed","template":"","meta":[],"product_cat":[152],"product_tag":[],"_links":{"self":[{"href":"https:\/\/shivaplus.com\/index.php\/wp-json\/wp\/v2\/product\/47637"}],"collection":[{"href":"https:\/\/shivaplus.com\/index.php\/wp-json\/wp\/v2\/product"}],"about":[{"href":"https:\/\/shivaplus.com\/index.php\/wp-json\/wp\/v2\/types\/product"}],"replies":[{"embeddable":true,"href":"https:\/\/shivaplus.com\/index.php\/wp-json\/wp\/v2\/comments?post=47637"}],"version-history":[{"count":1,"href":"https:\/\/shivaplus.com\/index.php\/wp-json\/wp\/v2\/product\/47637\/revisions"}],"predecessor-version":[{"id":47641,"href":"https:\/\/shivaplus.com\/index.php\/wp-json\/wp\/v2\/product\/47637\/revisions\/47641"}],"wp:featuredmedia":[{"embeddable":true,"href":"https:\/\/shivaplus.com\/index.php\/wp-json\/wp\/v2\/media\/47638"}],"wp:attachment":[{"href":"https:\/\/shivaplus.com\/index.php\/wp-json\/wp\/v2\/media?parent=47637"}],"wp:term":[{"taxonomy":"product_cat","embeddable":true,"href":"https:\/\/shivaplus.com\/index.php\/wp-json\/wp\/v2\/product_cat?post=47637"},{"taxonomy":"product_tag","embeddable":true,"href":"https:\/\/shivaplus.com\/index.php\/wp-json\/wp\/v2\/product_tag?post=47637"}],"curies":[{"name":"wp","href":"https:\/\/api.w.org\/{rel}","templated":true}]}}