{"id":47634,"date":"2023-08-29T13:21:38","date_gmt":"2023-08-29T11:21:38","guid":{"rendered":"https:\/\/shivaplus.com\/?post_type=product&#038;p=47634"},"modified":"2025-11-07T02:36:00","modified_gmt":"2025-11-07T01:36:00","slug":"lg-uhd-4k-tv-55-pouces-uq70-series-4k-active-hdr-webos-smart-ai-thinq","status":"publish","type":"product","link":"https:\/\/shivaplus.com\/index.php\/produit\/lg-uhd-4k-tv-55-pouces-uq70-series-4k-active-hdr-webos-smart-ai-thinq\/","title":{"rendered":"LG UHD 4K TV 55 pouces UQ70 Series, 4K Active HDR WebOS Smart AI ThinQ"},"content":{"rendered":"<ul class=\"feature-list on\">\n<li>Vraie 4K<\/li>\n<li>Design mince<\/li>\n<li>[Processeur \u03b15 Gen5 AI] pour une exp\u00e9rience visuelle am\u00e9lior\u00e9e<\/li>\n<li>[ThinQ AI &amp; WebOS] pour des param\u00e8tres personnalis\u00e9s<\/li>\n<\/ul>\n","protected":false},"excerpt":{"rendered":"<p>Vraie 4K Design mince [Processeur \u03b15 Gen5 AI] pour une exp\u00e9rience visuelle am\u00e9lior\u00e9e [ThinQ AI &amp; WebOS] pour des param\u00e8tres personnalis\u00e9s<\/p>\n","protected":false},"featured_media":47631,"comment_status":"open","ping_status":"closed","template":"","meta":[],"product_cat":[153],"product_tag":[],"_links":{"self":[{"href":"https:\/\/shivaplus.com\/index.php\/wp-json\/wp\/v2\/product\/47634"}],"collection":[{"href":"https:\/\/shivaplus.com\/index.php\/wp-json\/wp\/v2\/product"}],"about":[{"href":"https:\/\/shivaplus.com\/index.php\/wp-json\/wp\/v2\/types\/product"}],"replies":[{"embeddable":true,"href":"https:\/\/shivaplus.com\/index.php\/wp-json\/wp\/v2\/comments?post=47634"}],"version-history":[{"count":1,"href":"https:\/\/shivaplus.com\/index.php\/wp-json\/wp\/v2\/product\/47634\/revisions"}],"predecessor-version":[{"id":47635,"href":"https:\/\/shivaplus.com\/index.php\/wp-json\/wp\/v2\/product\/47634\/revisions\/47635"}],"wp:featuredmedia":[{"embeddable":true,"href":"https:\/\/shivaplus.com\/index.php\/wp-json\/wp\/v2\/media\/47631"}],"wp:attachment":[{"href":"https:\/\/shivaplus.com\/index.php\/wp-json\/wp\/v2\/media?parent=47634"}],"wp:term":[{"taxonomy":"product_cat","embeddable":true,"href":"https:\/\/shivaplus.com\/index.php\/wp-json\/wp\/v2\/product_cat?post=47634"},{"taxonomy":"product_tag","embeddable":true,"href":"https:\/\/shivaplus.com\/index.php\/wp-json\/wp\/v2\/product_tag?post=47634"}],"curies":[{"name":"wp","href":"https:\/\/api.w.org\/{rel}","templated":true}]}}