{"id":47624,"date":"2023-08-29T12:54:22","date_gmt":"2023-08-29T10:54:22","guid":{"rendered":"https:\/\/shivaplus.com\/?post_type=product&#038;p=47624"},"modified":"2023-08-29T12:54:23","modified_gmt":"2023-08-29T10:54:23","slug":"lg-xboom-go-pl5-haut-parleur-bluetooth","status":"publish","type":"product","link":"https:\/\/shivaplus.com\/index.php\/produit\/lg-xboom-go-pl5-haut-parleur-bluetooth\/","title":{"rendered":"LG XBoom Go PL5 Haut-parleur Bluetooth"},"content":{"rendered":"<p>la marque LG a officiellement lanc\u00e9 une s\u00e9rie de haut-parleurs portables appel\u00e9s LG XBOOM GO. Dans lequel\u00a0<strong>LG XBoom Go<\/strong>\u00a0PL5 est l\u2019un des 3 mod\u00e8les de haut-parleurs introduits par la soci\u00e9t\u00e9 dans ce lancement, PL5 poss\u00e8de des sp\u00e9cifications tr\u00e8s impressionnantes telles que puissance 20W, IPX5 \u00e9tanche, batterie 18 heures, support de connexion multi-haut-parleurs, assistant virtuel, conversation mains libres &#8230;<\/p>\n<p>&nbsp;<\/p>\n","protected":false},"excerpt":{"rendered":"<p>la marque LG a officiellement lanc\u00e9 une s\u00e9rie de haut-parleurs portables appel\u00e9s LG XBOOM GO. Dans lequel\u00a0LG XBoom Go\u00a0PL5 est l\u2019un des 3 mod\u00e8les de haut-parleurs introduits par la soci\u00e9t\u00e9 dans ce lancement, PL5 poss\u00e8de des sp\u00e9cifications tr\u00e8s impressionnantes telles que puissance 20W, IPX5 \u00e9tanche, batterie 18 heures, support de connexion multi-haut-parleurs, assistant virtuel, conversation [&hellip;]<\/p>\n","protected":false},"featured_media":47625,"comment_status":"open","ping_status":"closed","template":"","meta":[],"product_cat":[152],"product_tag":[],"_links":{"self":[{"href":"https:\/\/shivaplus.com\/index.php\/wp-json\/wp\/v2\/product\/47624"}],"collection":[{"href":"https:\/\/shivaplus.com\/index.php\/wp-json\/wp\/v2\/product"}],"about":[{"href":"https:\/\/shivaplus.com\/index.php\/wp-json\/wp\/v2\/types\/product"}],"replies":[{"embeddable":true,"href":"https:\/\/shivaplus.com\/index.php\/wp-json\/wp\/v2\/comments?post=47624"}],"version-history":[{"count":1,"href":"https:\/\/shivaplus.com\/index.php\/wp-json\/wp\/v2\/product\/47624\/revisions"}],"predecessor-version":[{"id":47627,"href":"https:\/\/shivaplus.com\/index.php\/wp-json\/wp\/v2\/product\/47624\/revisions\/47627"}],"wp:featuredmedia":[{"embeddable":true,"href":"https:\/\/shivaplus.com\/index.php\/wp-json\/wp\/v2\/media\/47625"}],"wp:attachment":[{"href":"https:\/\/shivaplus.com\/index.php\/wp-json\/wp\/v2\/media?parent=47624"}],"wp:term":[{"taxonomy":"product_cat","embeddable":true,"href":"https:\/\/shivaplus.com\/index.php\/wp-json\/wp\/v2\/product_cat?post=47624"},{"taxonomy":"product_tag","embeddable":true,"href":"https:\/\/shivaplus.com\/index.php\/wp-json\/wp\/v2\/product_tag?post=47624"}],"curies":[{"name":"wp","href":"https:\/\/api.w.org\/{rel}","templated":true}]}}