{"id":47620,"date":"2023-08-28T17:01:13","date_gmt":"2023-08-28T15:01:13","guid":{"rendered":"https:\/\/shivaplus.com\/?post_type=product&#038;p=47620"},"modified":"2023-08-28T17:01:14","modified_gmt":"2023-08-28T15:01:14","slug":"secheur-pompe-a-chaleur-a-double-onduleur-de-9-kg-thinq-vcm9kg-secheur-a-pompe-a-chaleur-double-onduleur-thinq-vcm","status":"publish","type":"product","link":"https:\/\/shivaplus.com\/index.php\/produit\/secheur-pompe-a-chaleur-a-double-onduleur-de-9-kg-thinq-vcm9kg-secheur-a-pompe-a-chaleur-double-onduleur-thinq-vcm\/","title":{"rendered":"S\u00e9cheur pompe \u00e0 chaleur \u00e0 double onduleur de 9 kg ThinQ VCM9kg S\u00e9cheur \u00e0 pompe \u00e0 chaleur double onduleur ThinQ VCM"},"content":{"rendered":"<ul class=\"feature-list on\">\n<li>Pompe\u2122 \u00e0 chaleur \u00e0 double onduleur<\/li>\n<li>\u00c9co Hybride\u2122<\/li>\n<li>Condenseur de nettoyage automatique<\/li>\n<li>Soins contre les allergies<\/li>\n<li>Double filtre<\/li>\n<li>ThinQ\u2122<\/li>\n<\/ul>\n","protected":false},"excerpt":{"rendered":"<p>Pompe\u2122 \u00e0 chaleur \u00e0 double onduleur \u00c9co Hybride\u2122 Condenseur de nettoyage automatique Soins contre les allergies Double filtre ThinQ\u2122<\/p>\n","protected":false},"featured_media":47621,"comment_status":"open","ping_status":"closed","template":"","meta":[],"product_cat":[155],"product_tag":[],"_links":{"self":[{"href":"https:\/\/shivaplus.com\/index.php\/wp-json\/wp\/v2\/product\/47620"}],"collection":[{"href":"https:\/\/shivaplus.com\/index.php\/wp-json\/wp\/v2\/product"}],"about":[{"href":"https:\/\/shivaplus.com\/index.php\/wp-json\/wp\/v2\/types\/product"}],"replies":[{"embeddable":true,"href":"https:\/\/shivaplus.com\/index.php\/wp-json\/wp\/v2\/comments?post=47620"}],"version-history":[{"count":1,"href":"https:\/\/shivaplus.com\/index.php\/wp-json\/wp\/v2\/product\/47620\/revisions"}],"predecessor-version":[{"id":47623,"href":"https:\/\/shivaplus.com\/index.php\/wp-json\/wp\/v2\/product\/47620\/revisions\/47623"}],"wp:featuredmedia":[{"embeddable":true,"href":"https:\/\/shivaplus.com\/index.php\/wp-json\/wp\/v2\/media\/47621"}],"wp:attachment":[{"href":"https:\/\/shivaplus.com\/index.php\/wp-json\/wp\/v2\/media?parent=47620"}],"wp:term":[{"taxonomy":"product_cat","embeddable":true,"href":"https:\/\/shivaplus.com\/index.php\/wp-json\/wp\/v2\/product_cat?post=47620"},{"taxonomy":"product_tag","embeddable":true,"href":"https:\/\/shivaplus.com\/index.php\/wp-json\/wp\/v2\/product_tag?post=47620"}],"curies":[{"name":"wp","href":"https:\/\/api.w.org\/{rel}","templated":true}]}}