{"id":47615,"date":"2023-08-28T16:35:12","date_gmt":"2023-08-28T14:35:12","guid":{"rendered":"https:\/\/shivaplus.com\/?post_type=product&#038;p=47615"},"modified":"2023-08-28T16:35:12","modified_gmt":"2023-08-28T14:35:12","slug":"lg-quadwash-lave-vaisselle-reglage-14-couverts-truesteam-thinq-easyrack-plus-moteur-a-entrainement-direct-inverter-couleur-argent-platine","status":"publish","type":"product","link":"https:\/\/shivaplus.com\/index.php\/produit\/lg-quadwash-lave-vaisselle-reglage-14-couverts-truesteam-thinq-easyrack-plus-moteur-a-entrainement-direct-inverter-couleur-argent-platine\/","title":{"rendered":"LG QuadWash\u2122 Lave-vaisselle, r\u00e9glage 14 couverts, TrueSteam\u2122, ThinQ, EasyRack\u2122 Plus, moteur \u00e0 entra\u00eenement direct Inverter, couleur argent platine"},"content":{"rendered":"<p>La vapeur TrueSteam\u2122 produite par l\u2019eau bouillante atteint toute la surface de chaque<br \/>\nplat \u00e0 l\u2019int\u00e9rieur de la baignoire, ce qui donne une vaisselle propre et \u00e9tincelante. Les particules de vapeur d\u2019eau pure aident \u00e9galement \u00e0 r\u00e9duire les taches d\u2019eau<br \/>\n.<\/p>\n","protected":false},"excerpt":{"rendered":"<p>La vapeur TrueSteam\u2122 produite par l\u2019eau bouillante atteint toute la surface de chaque plat \u00e0 l\u2019int\u00e9rieur de la baignoire, ce qui donne une vaisselle propre et \u00e9tincelante. Les particules de vapeur d\u2019eau pure aident \u00e9galement \u00e0 r\u00e9duire les taches d\u2019eau .<\/p>\n","protected":false},"featured_media":47616,"comment_status":"open","ping_status":"closed","template":"","meta":[],"product_cat":[155],"product_tag":[],"_links":{"self":[{"href":"https:\/\/shivaplus.com\/index.php\/wp-json\/wp\/v2\/product\/47615"}],"collection":[{"href":"https:\/\/shivaplus.com\/index.php\/wp-json\/wp\/v2\/product"}],"about":[{"href":"https:\/\/shivaplus.com\/index.php\/wp-json\/wp\/v2\/types\/product"}],"replies":[{"embeddable":true,"href":"https:\/\/shivaplus.com\/index.php\/wp-json\/wp\/v2\/comments?post=47615"}],"version-history":[{"count":1,"href":"https:\/\/shivaplus.com\/index.php\/wp-json\/wp\/v2\/product\/47615\/revisions"}],"predecessor-version":[{"id":47619,"href":"https:\/\/shivaplus.com\/index.php\/wp-json\/wp\/v2\/product\/47615\/revisions\/47619"}],"wp:featuredmedia":[{"embeddable":true,"href":"https:\/\/shivaplus.com\/index.php\/wp-json\/wp\/v2\/media\/47616"}],"wp:attachment":[{"href":"https:\/\/shivaplus.com\/index.php\/wp-json\/wp\/v2\/media?parent=47615"}],"wp:term":[{"taxonomy":"product_cat","embeddable":true,"href":"https:\/\/shivaplus.com\/index.php\/wp-json\/wp\/v2\/product_cat?post=47615"},{"taxonomy":"product_tag","embeddable":true,"href":"https:\/\/shivaplus.com\/index.php\/wp-json\/wp\/v2\/product_tag?post=47615"}],"curies":[{"name":"wp","href":"https:\/\/api.w.org\/{rel}","templated":true}]}}