{"id":47611,"date":"2023-08-28T13:43:44","date_gmt":"2023-08-28T11:43:44","guid":{"rendered":"https:\/\/shivaplus.com\/?post_type=product&#038;p=47611"},"modified":"2023-11-01T14:13:21","modified_gmt":"2023-11-01T13:13:21","slug":"679-litre-compresseur-lineaire-inverter-flux-dair-multiple-capteurs-multinumeriques-congelation-express-diagnostic-intelligent-refrigerateur-cote-a-cote","status":"publish","type":"product","link":"https:\/\/shivaplus.com\/index.php\/produit\/679-litre-compresseur-lineaire-inverter-flux-dair-multiple-capteurs-multinumeriques-congelation-express-diagnostic-intelligent-refrigerateur-cote-a-cote\/","title":{"rendered":"LG, 679 Litre, compresseur lin\u00e9aire Inverter, flux d\u2019air multiple, capteurs multinum\u00e9riques, cong\u00e9lation express, diagnostic\u2122 intelligent, r\u00e9frig\u00e9rateur c\u00f4te \u00e0 c\u00f4te"},"content":{"rendered":"<ul class=\"feature-list on\">\n<li>COMPRESSEUR LIN\u00c9AIRE INVERTER<\/li>\n<li>M\u00c9GA CAPACIT\u00c9<\/li>\n<li>Flux d\u2019air multiple<\/li>\n<\/ul>\n","protected":false},"excerpt":{"rendered":"<p>COMPRESSEUR LIN\u00c9AIRE INVERTER M\u00c9GA CAPACIT\u00c9 Flux d\u2019air multiple<\/p>\n","protected":false},"featured_media":47612,"comment_status":"open","ping_status":"closed","template":"","meta":[],"product_cat":[149],"product_tag":[],"_links":{"self":[{"href":"https:\/\/shivaplus.com\/index.php\/wp-json\/wp\/v2\/product\/47611"}],"collection":[{"href":"https:\/\/shivaplus.com\/index.php\/wp-json\/wp\/v2\/product"}],"about":[{"href":"https:\/\/shivaplus.com\/index.php\/wp-json\/wp\/v2\/types\/product"}],"replies":[{"embeddable":true,"href":"https:\/\/shivaplus.com\/index.php\/wp-json\/wp\/v2\/comments?post=47611"}],"version-history":[{"count":2,"href":"https:\/\/shivaplus.com\/index.php\/wp-json\/wp\/v2\/product\/47611\/revisions"}],"predecessor-version":[{"id":47988,"href":"https:\/\/shivaplus.com\/index.php\/wp-json\/wp\/v2\/product\/47611\/revisions\/47988"}],"wp:featuredmedia":[{"embeddable":true,"href":"https:\/\/shivaplus.com\/index.php\/wp-json\/wp\/v2\/media\/47612"}],"wp:attachment":[{"href":"https:\/\/shivaplus.com\/index.php\/wp-json\/wp\/v2\/media?parent=47611"}],"wp:term":[{"taxonomy":"product_cat","embeddable":true,"href":"https:\/\/shivaplus.com\/index.php\/wp-json\/wp\/v2\/product_cat?post=47611"},{"taxonomy":"product_tag","embeddable":true,"href":"https:\/\/shivaplus.com\/index.php\/wp-json\/wp\/v2\/product_tag?post=47611"}],"curies":[{"name":"wp","href":"https:\/\/api.w.org\/{rel}","templated":true}]}}