{"id":47588,"date":"2023-08-24T15:25:58","date_gmt":"2023-08-24T13:25:58","guid":{"rendered":"https:\/\/shivaplus.com\/?post_type=product&#038;p=47588"},"modified":"2023-08-24T15:25:59","modified_gmt":"2023-08-24T13:25:59","slug":"ventilateur-de-refroidissement-dair-portable-challenge-de-6-litres-blanc","status":"publish","type":"product","link":"https:\/\/shivaplus.com\/index.php\/produit\/ventilateur-de-refroidissement-dair-portable-challenge-de-6-litres-blanc\/","title":{"rendered":"Ventilateur de refroidissement d\u2019air portable Challenge de 6 litres &#8211; Blanc"},"content":{"rendered":"<p>Restez au frais et d\u00e9tendu dans n\u2019importe quel climat avec ce refroidisseur d\u2019air portable pratique de 6 L.<br \/>\nCapable de fonctionner comme refroidisseur, purificateur ou humidificateur, cet appareil est parfait pour les chaudes journ\u00e9es d\u2019\u00e9t\u00e9.<br \/>\nAvec 3 r\u00e9glages de vitesse au choix et une fonction d\u2019oscillation, votre espace maintiendra une temp\u00e9rature constante m\u00eame dans les nuits les plus chaudes.<br \/>\nVous pouvez facilement le d\u00e9placer d\u2019une pi\u00e8ce \u00e0 l\u2019autre avec les roulettes, afin de vous assurer qu\u2019il est l\u00e0 o\u00f9 vous en avez le plus besoin.<br \/>\nEt vous pouvez charger l\u2019eau des unit\u00e9s sup\u00e9rieures ou inf\u00e9rieures, ce qui fait de cette glaci\u00e8re la machine id\u00e9ale pour votre maison.<\/p>\n<p>3 r\u00e9glages de vitesse.<br \/>\nR\u00e9servoir de 6 litres.<br \/>\nFonction plus froide uniquement.<br \/>\n65 watts.<br \/>\nNiveau sonore 60dB.<br \/>\nBlocs r\u00e9frig\u00e9rants r\u00e9utilisables inclus.<br \/>\nTaille H60, W27, D30cm.<\/p>\n","protected":false},"excerpt":{"rendered":"<p>Restez au frais et d\u00e9tendu dans n\u2019importe quel climat avec ce refroidisseur d\u2019air portable pratique de 6 L. Capable de fonctionner comme refroidisseur, purificateur ou humidificateur, cet appareil est parfait pour les chaudes journ\u00e9es d\u2019\u00e9t\u00e9. Avec 3 r\u00e9glages de vitesse au choix et une fonction d\u2019oscillation, votre espace maintiendra une temp\u00e9rature constante m\u00eame dans les [&hellip;]<\/p>\n","protected":false},"featured_media":47589,"comment_status":"open","ping_status":"closed","template":"","meta":[],"product_cat":[152],"product_tag":[],"_links":{"self":[{"href":"https:\/\/shivaplus.com\/index.php\/wp-json\/wp\/v2\/product\/47588"}],"collection":[{"href":"https:\/\/shivaplus.com\/index.php\/wp-json\/wp\/v2\/product"}],"about":[{"href":"https:\/\/shivaplus.com\/index.php\/wp-json\/wp\/v2\/types\/product"}],"replies":[{"embeddable":true,"href":"https:\/\/shivaplus.com\/index.php\/wp-json\/wp\/v2\/comments?post=47588"}],"version-history":[{"count":1,"href":"https:\/\/shivaplus.com\/index.php\/wp-json\/wp\/v2\/product\/47588\/revisions"}],"predecessor-version":[{"id":47591,"href":"https:\/\/shivaplus.com\/index.php\/wp-json\/wp\/v2\/product\/47588\/revisions\/47591"}],"wp:featuredmedia":[{"embeddable":true,"href":"https:\/\/shivaplus.com\/index.php\/wp-json\/wp\/v2\/media\/47589"}],"wp:attachment":[{"href":"https:\/\/shivaplus.com\/index.php\/wp-json\/wp\/v2\/media?parent=47588"}],"wp:term":[{"taxonomy":"product_cat","embeddable":true,"href":"https:\/\/shivaplus.com\/index.php\/wp-json\/wp\/v2\/product_cat?post=47588"},{"taxonomy":"product_tag","embeddable":true,"href":"https:\/\/shivaplus.com\/index.php\/wp-json\/wp\/v2\/product_tag?post=47588"}],"curies":[{"name":"wp","href":"https:\/\/api.w.org\/{rel}","templated":true}]}}