{"id":47584,"date":"2023-08-24T15:11:34","date_gmt":"2023-08-24T13:11:34","guid":{"rendered":"https:\/\/shivaplus.com\/?post_type=product&#038;p=47584"},"modified":"2023-08-24T15:11:35","modified_gmt":"2023-08-24T13:11:35","slug":"daydays-thermos-de-distributeur-boisson-inox-5-litres","status":"publish","type":"product","link":"https:\/\/shivaplus.com\/index.php\/produit\/daydays-thermos-de-distributeur-boisson-inox-5-litres\/","title":{"rendered":"Daydays Thermos &#8211; De Distributeur Boisson &#8211; Inox &#8211; 5 Litres"},"content":{"rendered":"<p>Thermos De Distributeur Boisson Inox 5 litre\u00a0Construction en acier inoxydable: Fabriqu\u00e9 en acier inoxydable \u00e9l\u00e9gant \u00e0 l&rsquo;ext\u00e9rieur et \u00e0 l&rsquo;int\u00e9rieur. Sans verre, le risque de casse est r\u00e9duit.\u00a0Isolation \u00e0 double paroi: conservez vos boissons\u00a0<b>chaudes et froides jusqu&rsquo;\u00e0 24 heures<\/b>!\u00a0La structure \u00e0 double paroi du r\u00e9servoir d&rsquo;air maintient la temp\u00e9rature du contenu, \u00e9vitant les pertes de chaleur pour les boissons chaudes et \u00e9conomisant la chaleur pour les boissons fra\u00eeches.\u00a0Distribution de l&rsquo;action de la pompe: le service des boissons est facile gr\u00e2ce au distributeur \u00e0 pompe. Appuyez simplement sur le bouton du couvercle pour verser votre boisson. Il y a aussi une fonction de verrouillage de s\u00e9curit\u00e9 pour \u00e9viter les d\u00e9versements accidentels\u00a0\u00a0L\u2019Air pot est la solution id\u00e9ale pour garder l&rsquo;eau et autres boissons chaudes ou froides pendant de longues p\u00e9riodes. La pompe \u00e0 vide en acier inoxydable\u00a0 Air pot\u00a0est \u00e0 la maison ou au bureau, dans le jardin, lors d&rsquo;une r\u00e9union ou d&rsquo;une conf\u00e9rence, lors d&rsquo;une f\u00eate, d&rsquo;un pique-nique ou d&rsquo;un sport.Thermos De Distributeur Boisson Inox 4 litre\u00a0Construction en acier inoxydable: Fabriqu\u00e9 en acier inoxydable \u00e9l\u00e9gant \u00e0 l&rsquo;ext\u00e9rieur et \u00e0 l&rsquo;int\u00e9rieur. Sans verre, le risque de casse est r\u00e9duit. Isolation \u00e0 double paroi: conservez vos boissons\u00a0<b>chaudes et froides jusqu&rsquo;\u00e0 24 heures<\/b>!\u00a0La structure \u00e0 double paroi du r\u00e9servoir d&rsquo;air maintient la temp\u00e9rature du contenu, \u00e9vitant les pertes de chaleur pour les boissons chaudes et \u00e9conomisant la chaleur pour les boissons fra\u00eeches. Distribution de l&rsquo;action de la pompe: le service des boissons est facile gr\u00e2ce au distributeur \u00e0 pompe. Appuyez simplement sur le bouton du couvercle pour verser votre boisson. Il y a aussi une fonction de verrouillage de s\u00e9curit\u00e9 pour \u00e9viter les d\u00e9versements accidentels\u00a0\u00a0L\u2019Air pot est la solution id\u00e9ale pour garder l&rsquo;eau et autres boissons chaudes ou froides pendant de longues p\u00e9riodes. La pompe \u00e0 vide en acier inoxydable\u00a0 Air pot\u00a0est \u00e0 la maison ou au bureau, dans le jardin, lors d&rsquo;une r\u00e9union ou d&rsquo;une conf\u00e9rence, lors d&rsquo;une f\u00eate, d&rsquo;un pique-nique ou d&rsquo;un sport.<\/p>\n","protected":false},"excerpt":{"rendered":"<p>Thermos De Distributeur Boisson Inox 5 litre\u00a0Construction en acier inoxydable: Fabriqu\u00e9 en acier inoxydable \u00e9l\u00e9gant \u00e0 l&rsquo;ext\u00e9rieur et \u00e0 l&rsquo;int\u00e9rieur. Sans verre, le risque de casse est r\u00e9duit.\u00a0Isolation \u00e0 double paroi: conservez vos boissons\u00a0chaudes et froides jusqu&rsquo;\u00e0 24 heures!\u00a0La structure \u00e0 double paroi du r\u00e9servoir d&rsquo;air maintient la temp\u00e9rature du contenu, \u00e9vitant les pertes de [&hellip;]<\/p>\n","protected":false},"featured_media":47585,"comment_status":"open","ping_status":"closed","template":"","meta":[],"product_cat":[149],"product_tag":[],"_links":{"self":[{"href":"https:\/\/shivaplus.com\/index.php\/wp-json\/wp\/v2\/product\/47584"}],"collection":[{"href":"https:\/\/shivaplus.com\/index.php\/wp-json\/wp\/v2\/product"}],"about":[{"href":"https:\/\/shivaplus.com\/index.php\/wp-json\/wp\/v2\/types\/product"}],"replies":[{"embeddable":true,"href":"https:\/\/shivaplus.com\/index.php\/wp-json\/wp\/v2\/comments?post=47584"}],"version-history":[{"count":1,"href":"https:\/\/shivaplus.com\/index.php\/wp-json\/wp\/v2\/product\/47584\/revisions"}],"predecessor-version":[{"id":47586,"href":"https:\/\/shivaplus.com\/index.php\/wp-json\/wp\/v2\/product\/47584\/revisions\/47586"}],"wp:featuredmedia":[{"embeddable":true,"href":"https:\/\/shivaplus.com\/index.php\/wp-json\/wp\/v2\/media\/47585"}],"wp:attachment":[{"href":"https:\/\/shivaplus.com\/index.php\/wp-json\/wp\/v2\/media?parent=47584"}],"wp:term":[{"taxonomy":"product_cat","embeddable":true,"href":"https:\/\/shivaplus.com\/index.php\/wp-json\/wp\/v2\/product_cat?post=47584"},{"taxonomy":"product_tag","embeddable":true,"href":"https:\/\/shivaplus.com\/index.php\/wp-json\/wp\/v2\/product_tag?post=47584"}],"curies":[{"name":"wp","href":"https:\/\/api.w.org\/{rel}","templated":true}]}}