{"id":47579,"date":"2023-08-24T14:22:14","date_gmt":"2023-08-24T12:22:14","guid":{"rendered":"https:\/\/shivaplus.com\/?post_type=product&#038;p=47579"},"modified":"2023-08-24T14:22:14","modified_gmt":"2023-08-24T12:22:14","slug":"regulateur-de-tension-1000va","status":"publish","type":"product","link":"https:\/\/shivaplus.com\/index.php\/produit\/regulateur-de-tension-1000va\/","title":{"rendered":"R\u00c9GULATEUR DE TENSION 1000VA"},"content":{"rendered":"<p>CARACT\u00c9RISTIQUES Entr\u00e9e: 140 ~ 260 Vac Sortie: 220\/110 Vac<\/p>\n<p>Fr\u00e9quence: 50\/60 Hz<\/p>\n<p>Affichage: \u00e9lectrique<\/p>\n<p>Puissance: 1000 VA<\/p>\n<p>D\u00e9lai: 3 ~ 5 secondes \/ 2 ~ 3 minutes<\/p>\n<p>Type: r\u00e9gulateur de tension automatique<\/p>\n","protected":false},"excerpt":{"rendered":"<p>CARACT\u00c9RISTIQUES Entr\u00e9e: 140 ~ 260 Vac Sortie: 220\/110 Vac Fr\u00e9quence: 50\/60 Hz Affichage: \u00e9lectrique Puissance: 1000 VA D\u00e9lai: 3 ~ 5 secondes \/ 2 ~ 3 minutes Type: r\u00e9gulateur de tension automatique<\/p>\n","protected":false},"featured_media":47581,"comment_status":"open","ping_status":"closed","template":"","meta":[],"product_cat":[152],"product_tag":[],"_links":{"self":[{"href":"https:\/\/shivaplus.com\/index.php\/wp-json\/wp\/v2\/product\/47579"}],"collection":[{"href":"https:\/\/shivaplus.com\/index.php\/wp-json\/wp\/v2\/product"}],"about":[{"href":"https:\/\/shivaplus.com\/index.php\/wp-json\/wp\/v2\/types\/product"}],"replies":[{"embeddable":true,"href":"https:\/\/shivaplus.com\/index.php\/wp-json\/wp\/v2\/comments?post=47579"}],"version-history":[{"count":1,"href":"https:\/\/shivaplus.com\/index.php\/wp-json\/wp\/v2\/product\/47579\/revisions"}],"predecessor-version":[{"id":47583,"href":"https:\/\/shivaplus.com\/index.php\/wp-json\/wp\/v2\/product\/47579\/revisions\/47583"}],"wp:featuredmedia":[{"embeddable":true,"href":"https:\/\/shivaplus.com\/index.php\/wp-json\/wp\/v2\/media\/47581"}],"wp:attachment":[{"href":"https:\/\/shivaplus.com\/index.php\/wp-json\/wp\/v2\/media?parent=47579"}],"wp:term":[{"taxonomy":"product_cat","embeddable":true,"href":"https:\/\/shivaplus.com\/index.php\/wp-json\/wp\/v2\/product_cat?post=47579"},{"taxonomy":"product_tag","embeddable":true,"href":"https:\/\/shivaplus.com\/index.php\/wp-json\/wp\/v2\/product_tag?post=47579"}],"curies":[{"name":"wp","href":"https:\/\/api.w.org\/{rel}","templated":true}]}}