{"id":47574,"date":"2023-08-24T14:14:15","date_gmt":"2023-08-24T12:14:15","guid":{"rendered":"https:\/\/shivaplus.com\/?post_type=product&#038;p=47574"},"modified":"2023-08-24T14:14:15","modified_gmt":"2023-08-24T12:14:15","slug":"climatiseur-inventer-dualcool-lg-s4-q12ja3qc-1-5cv-blanc-06mois","status":"publish","type":"product","link":"https:\/\/shivaplus.com\/index.php\/produit\/climatiseur-inventer-dualcool-lg-s4-q12ja3qc-1-5cv-blanc-06mois\/","title":{"rendered":"Climatiseur INVENTER DUALCOOL &#8211; LG &#8211; S4-Q12JA3QC &#8211; 1.5CV &#8211; blanc &#8211; 06Mois"},"content":{"rendered":"<p><strong>Le climatiseur split LG Inventer Dualcool est l&rsquo;appareil qu&rsquo;il vous faut chez vous pour combler le manque de fra\u00eecheur et d&rsquo;a\u00e9ration. Ce\u00a0climatiseur split neuf\u00a0va vous prot\u00e9ger des agressions sonores et de la pollution externe tant bien qu&rsquo;interne. En ce sens, ce\u00a0climatiseur mural\u00a0a pour effet imm\u00e9diat de propulser un jet d\u2019air particuli\u00e8rement rafra\u00eechissant dans la pi\u00e8ce o\u00f9 vous avez besoin d\u2019une temp\u00e9rature constante pour un confort et une meilleure aisance dans vos habitudes quotidiennes.<\/strong><\/p>\n","protected":false},"excerpt":{"rendered":"<p>Le climatiseur split LG Inventer Dualcool est l&rsquo;appareil qu&rsquo;il vous faut chez vous pour combler le manque de fra\u00eecheur et d&rsquo;a\u00e9ration. Ce\u00a0climatiseur split neuf\u00a0va vous prot\u00e9ger des agressions sonores et de la pollution externe tant bien qu&rsquo;interne. En ce sens, ce\u00a0climatiseur mural\u00a0a pour effet imm\u00e9diat de propulser un jet d\u2019air particuli\u00e8rement rafra\u00eechissant dans la pi\u00e8ce [&hellip;]<\/p>\n","protected":false},"featured_media":47575,"comment_status":"open","ping_status":"closed","template":"","meta":[],"product_cat":[152],"product_tag":[],"_links":{"self":[{"href":"https:\/\/shivaplus.com\/index.php\/wp-json\/wp\/v2\/product\/47574"}],"collection":[{"href":"https:\/\/shivaplus.com\/index.php\/wp-json\/wp\/v2\/product"}],"about":[{"href":"https:\/\/shivaplus.com\/index.php\/wp-json\/wp\/v2\/types\/product"}],"replies":[{"embeddable":true,"href":"https:\/\/shivaplus.com\/index.php\/wp-json\/wp\/v2\/comments?post=47574"}],"version-history":[{"count":2,"href":"https:\/\/shivaplus.com\/index.php\/wp-json\/wp\/v2\/product\/47574\/revisions"}],"predecessor-version":[{"id":47580,"href":"https:\/\/shivaplus.com\/index.php\/wp-json\/wp\/v2\/product\/47574\/revisions\/47580"}],"wp:featuredmedia":[{"embeddable":true,"href":"https:\/\/shivaplus.com\/index.php\/wp-json\/wp\/v2\/media\/47575"}],"wp:attachment":[{"href":"https:\/\/shivaplus.com\/index.php\/wp-json\/wp\/v2\/media?parent=47574"}],"wp:term":[{"taxonomy":"product_cat","embeddable":true,"href":"https:\/\/shivaplus.com\/index.php\/wp-json\/wp\/v2\/product_cat?post=47574"},{"taxonomy":"product_tag","embeddable":true,"href":"https:\/\/shivaplus.com\/index.php\/wp-json\/wp\/v2\/product_tag?post=47574"}],"curies":[{"name":"wp","href":"https:\/\/api.w.org\/{rel}","templated":true}]}}