{"id":47571,"date":"2023-08-24T13:21:46","date_gmt":"2023-08-24T11:21:46","guid":{"rendered":"https:\/\/shivaplus.com\/?post_type=product&#038;p=47571"},"modified":"2023-08-24T13:21:46","modified_gmt":"2023-08-24T11:21:46","slug":"machine-a-petit-dejeuner-multifonctionnelle-avec-four-a-pain-grille-machine-a-cafe-cuiseur-a-oeufs-station-de-petit-dejeuner","status":"publish","type":"product","link":"https:\/\/shivaplus.com\/index.php\/produit\/machine-a-petit-dejeuner-multifonctionnelle-avec-four-a-pain-grille-machine-a-cafe-cuiseur-a-oeufs-station-de-petit-dejeuner\/","title":{"rendered":"Machine \u00e0 petit d\u00e9jeuner multifonctionnelle avec four \u00e0 pain grill\u00e9, machine \u00e0 caf\u00e9, cuiseur \u00e0 \u0153ufs, station de petit-d\u00e9jeuner"},"content":{"rendered":"<ul class=\"a-unordered-list a-vertical a-spacing-mini\">\n<li class=\"a-spacing-mini\"><span class=\"a-list-item\">Gagnez du temps : cette station de petit-d\u00e9jeuner polyvalente couvre tout votre petit-d\u00e9jeuner du matin afin que vous puissiez conserver votre boisson chaude (caf\u00e9, lait, th\u00e9), vos toasts \/ pain \/ pizza et vos \u0153ufs au plat en m\u00eame temps.<\/span><\/li>\n<li class=\"a-spacing-mini\"><span class=\"a-list-item\">\u2764Rev\u00eatement antiadh\u00e9sif: il est nettoy\u00e9 avec une lingette l\u00e9g\u00e8re apr\u00e8s utilisation, facile \u00e0 d\u00e9monter et plus pratique \u00e0 nettoyer, les d\u00e9licieuses omelettes deviennent un jeu d\u2019enfant.<\/span><\/li>\n<li class=\"a-spacing-mini\"><span class=\"a-list-item\">Double contr\u00f4le de la temp\u00e9rature: chacun des tuyaux sup\u00e9rieurs et inf\u00e9rieurs dispose d\u2019un thermostat qui peut ajuster de mani\u00e8re flexible la temp\u00e9rature sup\u00e9rieure et inf\u00e9rieure selon les go\u00fbts personnels et cuisiner selon vos souhaits, bonne cuisson.<\/span><\/li>\n<li class=\"a-spacing-mini\"><span class=\"a-list-item\">\u2764Mat\u00e9riau de haute qualit\u00e9: en alliage d\u2019aluminium de haute qualit\u00e9, four multifonction de 9 litres, machine \u00e0 petit-d\u00e9jeuner 3 en 1, la machine est polyvalente.<\/span><\/li>\n<\/ul>\n","protected":false},"excerpt":{"rendered":"<p>Gagnez du temps : cette station de petit-d\u00e9jeuner polyvalente couvre tout votre petit-d\u00e9jeuner du matin afin que vous puissiez conserver votre boisson chaude (caf\u00e9, lait, th\u00e9), vos toasts \/ pain \/ pizza et vos \u0153ufs au plat en m\u00eame temps. \u2764Rev\u00eatement antiadh\u00e9sif: il est nettoy\u00e9 avec une lingette l\u00e9g\u00e8re apr\u00e8s utilisation, facile \u00e0 d\u00e9monter et [&hellip;]<\/p>\n","protected":false},"featured_media":47572,"comment_status":"open","ping_status":"closed","template":"","meta":[],"product_cat":[155],"product_tag":[],"_links":{"self":[{"href":"https:\/\/shivaplus.com\/index.php\/wp-json\/wp\/v2\/product\/47571"}],"collection":[{"href":"https:\/\/shivaplus.com\/index.php\/wp-json\/wp\/v2\/product"}],"about":[{"href":"https:\/\/shivaplus.com\/index.php\/wp-json\/wp\/v2\/types\/product"}],"replies":[{"embeddable":true,"href":"https:\/\/shivaplus.com\/index.php\/wp-json\/wp\/v2\/comments?post=47571"}],"version-history":[{"count":1,"href":"https:\/\/shivaplus.com\/index.php\/wp-json\/wp\/v2\/product\/47571\/revisions"}],"predecessor-version":[{"id":47573,"href":"https:\/\/shivaplus.com\/index.php\/wp-json\/wp\/v2\/product\/47571\/revisions\/47573"}],"wp:featuredmedia":[{"embeddable":true,"href":"https:\/\/shivaplus.com\/index.php\/wp-json\/wp\/v2\/media\/47572"}],"wp:attachment":[{"href":"https:\/\/shivaplus.com\/index.php\/wp-json\/wp\/v2\/media?parent=47571"}],"wp:term":[{"taxonomy":"product_cat","embeddable":true,"href":"https:\/\/shivaplus.com\/index.php\/wp-json\/wp\/v2\/product_cat?post=47571"},{"taxonomy":"product_tag","embeddable":true,"href":"https:\/\/shivaplus.com\/index.php\/wp-json\/wp\/v2\/product_tag?post=47571"}],"curies":[{"name":"wp","href":"https:\/\/api.w.org\/{rel}","templated":true}]}}