{"id":47567,"date":"2023-08-24T12:38:28","date_gmt":"2023-08-24T10:38:28","guid":{"rendered":"https:\/\/shivaplus.com\/?post_type=product&#038;p=47567"},"modified":"2023-08-24T12:38:28","modified_gmt":"2023-08-24T10:38:28","slug":"sokany-kj-507-1100w-roti-maker-32cm-presse-a-tortillas-revetement-antiadhesif-facile-a-nettoyer-presse-tortilla-pour-chapati-tortillas-roti-indien-pataconera","status":"publish","type":"product","link":"https:\/\/shivaplus.com\/index.php\/produit\/sokany-kj-507-1100w-roti-maker-32cm-presse-a-tortillas-revetement-antiadhesif-facile-a-nettoyer-presse-tortilla-pour-chapati-tortillas-roti-indien-pataconera\/","title":{"rendered":"SOKANY KJ-507 1100W Roti Maker, 32cm Presse \u00e0 Tortillas, Rev\u00eatement Antiadh\u00e9sif, Facile \u00e0 Nettoyer, Presse-tortilla pour Chapati, Tortillas, Roti Indien, Pataconera"},"content":{"rendered":"<ul class=\"a-unordered-list a-vertical a-spacing-mini\">\n<li class=\"a-spacing-mini\"><span class=\"a-list-item\">\u3010Multi-Usage\u3011 Gr\u00e2ce \u00e0 cette presse, vous pourrez faire des tortillas, patacones, tostones, empanadas, arepas, quenelles, mini-tartes, patacon pisao et plus encore.<\/span><\/li>\n<li class=\"a-spacing-mini\"><span class=\"a-list-item\">\u3010Puissance de 1100W\u3011 Avec sa puissance de 1100W, Faites des tortillas de mais authentiques \u00e0 la maison en seulement 5 minutes, Savourez des tortillas savoureuses, chaudes et fra\u00eechement pr\u00e9par\u00e9es en un clin d&rsquo;\u0153il.<\/span><\/li>\n<li class=\"a-spacing-mini\"><span class=\"a-list-item\">\u3010Rev\u00eatement Anti-adh\u00e9rite\u3011 Plaques de cuisson antiadh\u00e9sives et le bo\u00eetier r\u00e9sistant \u00e0 la chaleur permet pour faciliter le retrait des aliments et le nettoyage de l&rsquo;appareil.<\/span><\/li>\n<li class=\"a-spacing-mini\"><span class=\"a-list-item\">\u3010Affichage LED\u3011 Green est un \u00e9cran de fonctionnement et l&rsquo;affichage rouge indique que l&rsquo;\u00e9tat est termin\u00e9. Poign\u00e9e isol\u00e9e \u00e0 la chaleur pour une manipulation s\u00fbre.<\/span><\/li>\n<li class=\"a-spacing-mini\"><span class=\"a-list-item\">\u3010La Garantie 100% Satisfaction\u3011 N&rsquo;h\u00e9sitez pas \u00e0 nous contacter en cas de besoin, nous vous r\u00e9pondrons avec plaisir.<\/span><\/li>\n<\/ul>\n","protected":false},"excerpt":{"rendered":"<p>\u3010Multi-Usage\u3011 Gr\u00e2ce \u00e0 cette presse, vous pourrez faire des tortillas, patacones, tostones, empanadas, arepas, quenelles, mini-tartes, patacon pisao et plus encore. \u3010Puissance de 1100W\u3011 Avec sa puissance de 1100W, Faites des tortillas de mais authentiques \u00e0 la maison en seulement 5 minutes, Savourez des tortillas savoureuses, chaudes et fra\u00eechement pr\u00e9par\u00e9es en un clin d&rsquo;\u0153il. \u3010Rev\u00eatement [&hellip;]<\/p>\n","protected":false},"featured_media":47568,"comment_status":"open","ping_status":"closed","template":"","meta":[],"product_cat":[155],"product_tag":[],"_links":{"self":[{"href":"https:\/\/shivaplus.com\/index.php\/wp-json\/wp\/v2\/product\/47567"}],"collection":[{"href":"https:\/\/shivaplus.com\/index.php\/wp-json\/wp\/v2\/product"}],"about":[{"href":"https:\/\/shivaplus.com\/index.php\/wp-json\/wp\/v2\/types\/product"}],"replies":[{"embeddable":true,"href":"https:\/\/shivaplus.com\/index.php\/wp-json\/wp\/v2\/comments?post=47567"}],"version-history":[{"count":1,"href":"https:\/\/shivaplus.com\/index.php\/wp-json\/wp\/v2\/product\/47567\/revisions"}],"predecessor-version":[{"id":47570,"href":"https:\/\/shivaplus.com\/index.php\/wp-json\/wp\/v2\/product\/47567\/revisions\/47570"}],"wp:featuredmedia":[{"embeddable":true,"href":"https:\/\/shivaplus.com\/index.php\/wp-json\/wp\/v2\/media\/47568"}],"wp:attachment":[{"href":"https:\/\/shivaplus.com\/index.php\/wp-json\/wp\/v2\/media?parent=47567"}],"wp:term":[{"taxonomy":"product_cat","embeddable":true,"href":"https:\/\/shivaplus.com\/index.php\/wp-json\/wp\/v2\/product_cat?post=47567"},{"taxonomy":"product_tag","embeddable":true,"href":"https:\/\/shivaplus.com\/index.php\/wp-json\/wp\/v2\/product_tag?post=47567"}],"curies":[{"name":"wp","href":"https:\/\/api.w.org\/{rel}","templated":true}]}}