{"id":47562,"date":"2023-08-24T11:33:12","date_gmt":"2023-08-24T09:33:12","guid":{"rendered":"https:\/\/shivaplus.com\/?post_type=product&#038;p=47562"},"modified":"2023-08-24T11:33:12","modified_gmt":"2023-08-24T09:33:12","slug":"silberthal-lot-de-3-saladiers-avec-couvercles-hermetiques-acier-inoxydable-echelle-graduee-cul-de-poule-inox-ideal-pour-conserver-ou-mixer","status":"publish","type":"product","link":"https:\/\/shivaplus.com\/index.php\/produit\/silberthal-lot-de-3-saladiers-avec-couvercles-hermetiques-acier-inoxydable-echelle-graduee-cul-de-poule-inox-ideal-pour-conserver-ou-mixer\/","title":{"rendered":"SILBERTHAL Lot de 3 Saladiers avec Couvercles Herm\u00e9tiques &#8211; Acier Inoxydable &#8211; \u00c9chelle Gradu\u00e9e &#8211; Cul de Poule Inox &#8211; Id\u00e9al pour Conserver ou Mixer"},"content":{"rendered":"<ul class=\"a-unordered-list a-vertical a-spacing-mini\">\n<li class=\"a-spacing-mini\"><span class=\"a-list-item\">\u2714 \u00c9CHELLE GRADU\u00c9E &#8211; Dosage pratique et facile gr\u00e2ce \u00e0 l&rsquo;\u00e9chelle gradu\u00e9e \u00e0 l&rsquo;int\u00e9rieur du bol en acier inoxydable.<\/span><\/li>\n<li class=\"a-spacing-mini\"><span class=\"a-list-item\">\u2714 HERMETIQUE &#8211; Les 3 bocaux ont leur propre couvercle herm\u00e9tique. Parfait pour les emmener avec vous aux pique-niques ou barbecues.<\/span><\/li>\n<li class=\"a-spacing-mini\"><span class=\"a-list-item\">\u2714 GAIN DE PLACE &#8211; Les bols (petit: 1,4 litres, moyen: 2,8 litres et grand: 4,7 litres) en acier inoxydable s&#8217;empilent les uns dans les autres pour \u00e9conomiser de l&rsquo;espace de stockage.<\/span><\/li>\n<li class=\"a-spacing-mini\"><span class=\"a-list-item\">\u2714 POLYVALENT &#8211; Id\u00e9al pour la patisserie comme cul de poule pour m\u00e9langer vos p\u00e2tes \u00e0 gateaux, fouetter des \u0153ufs, p\u00e9trir vos p\u00e2tes \u00e0 pizza, conserver des biscuits ou comme saladier.<\/span><\/li>\n<li class=\"a-spacing-mini\"><span class=\"a-list-item\">\u2714 FACILE A NETTOYER &#8211; Lavez facilement le bol au lave-vaisselle. Le couvercle se lave UNIQUEMENT \u00e0 la main pour pr\u00e9server l&rsquo;\u00e9tanch\u00e9it\u00e9.<\/span><\/li>\n<\/ul>\n","protected":false},"excerpt":{"rendered":"<p>\u2714 \u00c9CHELLE GRADU\u00c9E &#8211; Dosage pratique et facile gr\u00e2ce \u00e0 l&rsquo;\u00e9chelle gradu\u00e9e \u00e0 l&rsquo;int\u00e9rieur du bol en acier inoxydable. \u2714 HERMETIQUE &#8211; Les 3 bocaux ont leur propre couvercle herm\u00e9tique. Parfait pour les emmener avec vous aux pique-niques ou barbecues. \u2714 GAIN DE PLACE &#8211; Les bols (petit: 1,4 litres, moyen: 2,8 litres et grand: [&hellip;]<\/p>\n","protected":false},"featured_media":47565,"comment_status":"open","ping_status":"closed","template":"","meta":[],"product_cat":[149],"product_tag":[],"_links":{"self":[{"href":"https:\/\/shivaplus.com\/index.php\/wp-json\/wp\/v2\/product\/47562"}],"collection":[{"href":"https:\/\/shivaplus.com\/index.php\/wp-json\/wp\/v2\/product"}],"about":[{"href":"https:\/\/shivaplus.com\/index.php\/wp-json\/wp\/v2\/types\/product"}],"replies":[{"embeddable":true,"href":"https:\/\/shivaplus.com\/index.php\/wp-json\/wp\/v2\/comments?post=47562"}],"version-history":[{"count":1,"href":"https:\/\/shivaplus.com\/index.php\/wp-json\/wp\/v2\/product\/47562\/revisions"}],"predecessor-version":[{"id":47566,"href":"https:\/\/shivaplus.com\/index.php\/wp-json\/wp\/v2\/product\/47562\/revisions\/47566"}],"wp:featuredmedia":[{"embeddable":true,"href":"https:\/\/shivaplus.com\/index.php\/wp-json\/wp\/v2\/media\/47565"}],"wp:attachment":[{"href":"https:\/\/shivaplus.com\/index.php\/wp-json\/wp\/v2\/media?parent=47562"}],"wp:term":[{"taxonomy":"product_cat","embeddable":true,"href":"https:\/\/shivaplus.com\/index.php\/wp-json\/wp\/v2\/product_cat?post=47562"},{"taxonomy":"product_tag","embeddable":true,"href":"https:\/\/shivaplus.com\/index.php\/wp-json\/wp\/v2\/product_tag?post=47562"}],"curies":[{"name":"wp","href":"https:\/\/api.w.org\/{rel}","templated":true}]}}