{"id":47559,"date":"2023-08-23T17:08:37","date_gmt":"2023-08-23T15:08:37","guid":{"rendered":"https:\/\/shivaplus.com\/?post_type=product&#038;p=47559"},"modified":"2023-08-23T17:08:37","modified_gmt":"2023-08-23T15:08:37","slug":"bouilloire-moulinex-principio-17-litres","status":"publish","type":"product","link":"https:\/\/shivaplus.com\/index.php\/produit\/bouilloire-moulinex-principio-17-litres\/","title":{"rendered":"Bouilloire Moulinex Principio 1,7 Litres"},"content":{"rendered":"<p><span class=\"ng-scope\">La bouilloire Moulinex Principio vous offre performance, praticit\u00e9 et facilit\u00e9 d&rsquo;entretien.<\/span><br class=\"ng-scope\" \/><span class=\"ng-scope\">D&rsquo;une capacit\u00e9 de 1,7 litre, elle est parfaite pour pr\u00e9parer une grande quantit\u00e9 d&rsquo;eau chaude.<\/span><br class=\"ng-scope\" \/><span class=\"ng-scope\">La puissance de 2400 Watts vous garantit une mont\u00e9e en temp\u00e9rature rapide.<\/span><br class=\"ng-scope\" \/><br class=\"ng-scope\" \/><span class=\"ng-scope\">Praticit\u00e9 et lutte anti-calcaire :<\/span><br class=\"ng-scope\" \/><span class=\"ng-scope\">Elle est \u00e9quip\u00e9e d&rsquo;un filtre anti-tartre amovible vous permettant d&rsquo;obtenir une eau limpide.<\/span><br class=\"ng-scope\" \/><span class=\"ng-scope\">La bouilloire s&rsquo;arr\u00eate automatiquement \u00e0 \u00e9bullition.<\/span><\/p>\n","protected":false},"excerpt":{"rendered":"<p>La bouilloire Moulinex Principio vous offre performance, praticit\u00e9 et facilit\u00e9 d&rsquo;entretien.D&rsquo;une capacit\u00e9 de 1,7 litre, elle est parfaite pour pr\u00e9parer une grande quantit\u00e9 d&rsquo;eau chaude.La puissance de 2400 Watts vous garantit une mont\u00e9e en temp\u00e9rature rapide.Praticit\u00e9 et lutte anti-calcaire :Elle est \u00e9quip\u00e9e d&rsquo;un filtre anti-tartre amovible vous permettant d&rsquo;obtenir une eau limpide.La bouilloire s&rsquo;arr\u00eate automatiquement [&hellip;]<\/p>\n","protected":false},"featured_media":47560,"comment_status":"open","ping_status":"closed","template":"","meta":[],"product_cat":[155],"product_tag":[],"_links":{"self":[{"href":"https:\/\/shivaplus.com\/index.php\/wp-json\/wp\/v2\/product\/47559"}],"collection":[{"href":"https:\/\/shivaplus.com\/index.php\/wp-json\/wp\/v2\/product"}],"about":[{"href":"https:\/\/shivaplus.com\/index.php\/wp-json\/wp\/v2\/types\/product"}],"replies":[{"embeddable":true,"href":"https:\/\/shivaplus.com\/index.php\/wp-json\/wp\/v2\/comments?post=47559"}],"version-history":[{"count":1,"href":"https:\/\/shivaplus.com\/index.php\/wp-json\/wp\/v2\/product\/47559\/revisions"}],"predecessor-version":[{"id":47561,"href":"https:\/\/shivaplus.com\/index.php\/wp-json\/wp\/v2\/product\/47559\/revisions\/47561"}],"wp:featuredmedia":[{"embeddable":true,"href":"https:\/\/shivaplus.com\/index.php\/wp-json\/wp\/v2\/media\/47560"}],"wp:attachment":[{"href":"https:\/\/shivaplus.com\/index.php\/wp-json\/wp\/v2\/media?parent=47559"}],"wp:term":[{"taxonomy":"product_cat","embeddable":true,"href":"https:\/\/shivaplus.com\/index.php\/wp-json\/wp\/v2\/product_cat?post=47559"},{"taxonomy":"product_tag","embeddable":true,"href":"https:\/\/shivaplus.com\/index.php\/wp-json\/wp\/v2\/product_tag?post=47559"}],"curies":[{"name":"wp","href":"https:\/\/api.w.org\/{rel}","templated":true}]}}