{"id":47552,"date":"2023-08-23T17:01:02","date_gmt":"2023-08-23T15:01:02","guid":{"rendered":"https:\/\/shivaplus.com\/?post_type=product&#038;p=47552"},"modified":"2023-08-23T17:01:02","modified_gmt":"2023-08-23T15:01:02","slug":"nima-electric-grinder","status":"publish","type":"product","link":"https:\/\/shivaplus.com\/index.php\/produit\/nima-electric-grinder\/","title":{"rendered":"Nima Electric Grinder"},"content":{"rendered":"<div id=\"ec_short_desc_desk\" class=\"tor-product-section ec_short_desc\">\n<div class=\"ty-product-block__description\">\n<ul>\n<li>Photos originales du produit<\/li>\n<li>Condition: 100% neuf<\/li>\n<li>Mat\u00e9riel: acier inoxydable<\/li>\n<li>Tension: 220V-240V<\/li>\n<li>Prise: EU<\/li>\n<li>Source d\u2019alimentation: AC220V, 50-60HZ<\/li>\n<li>Puissance du moteur: 150W<\/li>\n<li>Vitesse du moteur: 14500 r.p.m<\/li>\n<li>Contr\u00f4le de commutation: bouton-poussoir<\/li>\n<li>Taille: (L) x (H) 17cm x 10.3cm apprx.<\/li>\n<li>Capacit\u00e9: 50g<\/li>\n<li>220-240V \/ 150W \/ 60Hz \/ 50g<\/li>\n<li>Lame m\u00e9tallique<\/li>\n<li>Bol en acier inoxydable pour moudre le caf\u00e9, la cardamome, les noix et les \u00e9pices<\/li>\n<li>Facile \u00e0 utiliser et \u00e0 nettoyer.<\/li>\n<li>Design unique et style classique<\/li>\n<li>Fabriqu\u00e9 en mat\u00e9riaux en acier inoxydable, r\u00e9sistance \u00e0 la corrosion, non toxique<\/li>\n<li>Lorsque vous \u00eates fatigu\u00e9, vous pouvez moudre manuellement une tasse de caf\u00e9 pour vous aider \u00e0 vous rafra\u00eechir. Emballage inclus: 1 x moulin \u00e0 caf\u00e9 1 x manuel de l\u2019utilisateur<\/li>\n<\/ul>\n<\/div>\n<\/div>\n<div id=\"content_description\" class=\"ty-wysiwyg-content content-description\">\n<p>&nbsp;<\/p>\n<\/div>\n","protected":false},"excerpt":{"rendered":"<p>Photos originales du produit Condition: 100% neuf Mat\u00e9riel: acier inoxydable Tension: 220V-240V Prise: EU Source d\u2019alimentation: AC220V, 50-60HZ Puissance du moteur: 150W Vitesse du moteur: 14500 r.p.m Contr\u00f4le de commutation: bouton-poussoir Taille: (L) x (H) 17cm x 10.3cm apprx. Capacit\u00e9: 50g 220-240V \/ 150W \/ 60Hz \/ 50g Lame m\u00e9tallique Bol en acier inoxydable pour [&hellip;]<\/p>\n","protected":false},"featured_media":47554,"comment_status":"open","ping_status":"closed","template":"","meta":[],"product_cat":[155],"product_tag":[],"_links":{"self":[{"href":"https:\/\/shivaplus.com\/index.php\/wp-json\/wp\/v2\/product\/47552"}],"collection":[{"href":"https:\/\/shivaplus.com\/index.php\/wp-json\/wp\/v2\/product"}],"about":[{"href":"https:\/\/shivaplus.com\/index.php\/wp-json\/wp\/v2\/types\/product"}],"replies":[{"embeddable":true,"href":"https:\/\/shivaplus.com\/index.php\/wp-json\/wp\/v2\/comments?post=47552"}],"version-history":[{"count":1,"href":"https:\/\/shivaplus.com\/index.php\/wp-json\/wp\/v2\/product\/47552\/revisions"}],"predecessor-version":[{"id":47555,"href":"https:\/\/shivaplus.com\/index.php\/wp-json\/wp\/v2\/product\/47552\/revisions\/47555"}],"wp:featuredmedia":[{"embeddable":true,"href":"https:\/\/shivaplus.com\/index.php\/wp-json\/wp\/v2\/media\/47554"}],"wp:attachment":[{"href":"https:\/\/shivaplus.com\/index.php\/wp-json\/wp\/v2\/media?parent=47552"}],"wp:term":[{"taxonomy":"product_cat","embeddable":true,"href":"https:\/\/shivaplus.com\/index.php\/wp-json\/wp\/v2\/product_cat?post=47552"},{"taxonomy":"product_tag","embeddable":true,"href":"https:\/\/shivaplus.com\/index.php\/wp-json\/wp\/v2\/product_tag?post=47552"}],"curies":[{"name":"wp","href":"https:\/\/api.w.org\/{rel}","templated":true}]}}