{"id":47545,"date":"2023-08-23T15:44:40","date_gmt":"2023-08-23T13:44:40","guid":{"rendered":"https:\/\/shivaplus.com\/?post_type=product&#038;p=47545"},"modified":"2023-08-23T15:44:40","modified_gmt":"2023-08-23T13:44:40","slug":"lg-refrigerateur-frigo-americain-2-portes-inox-601l-a-froid-ventile-no-frost-linear-inverter","status":"publish","type":"product","link":"https:\/\/shivaplus.com\/index.php\/produit\/lg-refrigerateur-frigo-americain-2-portes-inox-601l-a-froid-ventile-no-frost-linear-inverter\/","title":{"rendered":"LG REFRIGERATEUR FRIGO AMERICAIN 2 Portes inox 601L A+ Froid ventil\u00e9 No Frost Linear Inverter"},"content":{"rendered":"<div id=\"presContent\" class=\"o-block__content o-block__content--white\">\n<div class=\"fpBlk testSep extCode\" data-provider=\"None\">\n<p>&nbsp;<\/p>\n<p>Clayettes verre<\/p>\n<p>Compartiment sp\u00e9cial Fruits et L\u00e9gumes<\/p>\n<p>2 tiroirs<\/p>\n<p>Fonction Cong\u00e9lation Rapide<\/p>\n<p>Eclairage LED<\/p>\n<p>Distributeur 3 fonctions (eau &#8211; glace pil\u00e9e &#8211; gla\u00e7ons)<\/p>\n<p>R\u00e9gulation \u00e9lectronique<\/p>\n<p>Commandes sensitives<\/p>\n<p>Smart Diagnosis : D\u00e9tection de 34 pannes \u00e0 distance<\/p>\n<p>Compresseur lin\u00e9aire L<\/p>\n<p>Finition inox platine.<\/p>\n<ul>\n<li>Largeur : 91.2 cm<\/li>\n<li>Hauteur : 179 cm<\/li>\n<li>Volume net (total) : 601 L<\/li>\n<li>Type de froid : Total No-Frost<\/li>\n<li>Volume net (r\u00e9f.) : 405 L<\/li>\n<li>Volume net (cong.) : 196 L<\/li>\n<li>Autonomie : 10 heures<\/li>\n<li>Pouvoir de cong\u00e9lation : 12 Kg\/24H<\/li>\n<li>Nombre de compresseurs : 1<\/li>\n<li>Nombre de circuits : 2<\/li>\n<li>R\u00e9gulation : \u00e9lectronique<\/li>\n<li>Affichage T\u00b0 : oui<\/li>\n<li>Alarme : oui<\/li>\n<li>Distributeur d&rsquo;eau : eau + glace pil\u00e9e + gla\u00e7ons<\/li>\n<li>Ouverture facile : Sans<\/li>\n<li>Porte(s) r\u00e9versible(s) : Non<\/li>\n<li>Niveau sonore : 39 dB<\/li>\n<li>Conso \u00e9lec : 419 kWh\/an<\/li>\n<li>Classe climatique : T<\/li>\n<li>Label \u00e9nergie : A+<\/li>\n<li>Le + produit : Compresseur Linear<\/li>\n<li>Dimensions (LxHxP) : 91,2 x 179 x 73,8 cm<\/li>\n<li>Poids net : 124 Kg<\/li>\n<li>Coloris : inox<\/li>\n<\/ul>\n<\/div>\n<\/div>\n","protected":false},"excerpt":{"rendered":"<p>&nbsp; Clayettes verre Compartiment sp\u00e9cial Fruits et L\u00e9gumes 2 tiroirs Fonction Cong\u00e9lation Rapide Eclairage LED Distributeur 3 fonctions (eau &#8211; glace pil\u00e9e &#8211; gla\u00e7ons) R\u00e9gulation \u00e9lectronique Commandes sensitives Smart Diagnosis : D\u00e9tection de 34 pannes \u00e0 distance Compresseur lin\u00e9aire L Finition inox platine. Largeur : 91.2 cm Hauteur : 179 cm Volume net (total) : [&hellip;]<\/p>\n","protected":false},"featured_media":47546,"comment_status":"open","ping_status":"closed","template":"","meta":[],"product_cat":[152,149],"product_tag":[],"_links":{"self":[{"href":"https:\/\/shivaplus.com\/index.php\/wp-json\/wp\/v2\/product\/47545"}],"collection":[{"href":"https:\/\/shivaplus.com\/index.php\/wp-json\/wp\/v2\/product"}],"about":[{"href":"https:\/\/shivaplus.com\/index.php\/wp-json\/wp\/v2\/types\/product"}],"replies":[{"embeddable":true,"href":"https:\/\/shivaplus.com\/index.php\/wp-json\/wp\/v2\/comments?post=47545"}],"version-history":[{"count":1,"href":"https:\/\/shivaplus.com\/index.php\/wp-json\/wp\/v2\/product\/47545\/revisions"}],"predecessor-version":[{"id":47547,"href":"https:\/\/shivaplus.com\/index.php\/wp-json\/wp\/v2\/product\/47545\/revisions\/47547"}],"wp:featuredmedia":[{"embeddable":true,"href":"https:\/\/shivaplus.com\/index.php\/wp-json\/wp\/v2\/media\/47546"}],"wp:attachment":[{"href":"https:\/\/shivaplus.com\/index.php\/wp-json\/wp\/v2\/media?parent=47545"}],"wp:term":[{"taxonomy":"product_cat","embeddable":true,"href":"https:\/\/shivaplus.com\/index.php\/wp-json\/wp\/v2\/product_cat?post=47545"},{"taxonomy":"product_tag","embeddable":true,"href":"https:\/\/shivaplus.com\/index.php\/wp-json\/wp\/v2\/product_tag?post=47545"}],"curies":[{"name":"wp","href":"https:\/\/api.w.org\/{rel}","templated":true}]}}