{"id":47542,"date":"2023-08-23T15:37:36","date_gmt":"2023-08-23T13:37:36","guid":{"rendered":"https:\/\/shivaplus.com\/?post_type=product&#038;p=47542"},"modified":"2023-08-23T15:37:36","modified_gmt":"2023-08-23T13:37:36","slug":"kit-4-en-1-blender-chopper-sokany-tasse-a-mesurer","status":"publish","type":"product","link":"https:\/\/shivaplus.com\/index.php\/produit\/kit-4-en-1-blender-chopper-sokany-tasse-a-mesurer\/","title":{"rendered":"Kit 4 en 1 Blender Chopper Sokany Tasse \u00e0 mesurer"},"content":{"rendered":"<ul>\n<li>4-en-1 multifonctionnel: puissant moteur de 500W qui fonctionne avec un faible bruit.<\/li>\n<li>Rapide : Pr\u00e9parez de d\u00e9licieuses soupes, jus de fruits frais et autres repas en quelques secondes.<\/li>\n<li>Panneau \u00e9l\u00e9gant en acier inoxydable: poign\u00e9e ergonomique pour une prise en main s\u00fbre et une protection contre les \u00e9claboussures pour \u00e9viter les \u00e9claboussures de nourriture. Il offre un excellent confort et une facilit\u00e9 de m\u00e9lange.<\/li>\n<li>Livr\u00e9 avec des accessoires: m\u00e9langeur \u00e0 lame SS pour la pur\u00e9e et les ingr\u00e9dients liquides dans les smoothies.<\/li>\n<li>Fonctionnement \u00e0 2 vitesses: Puissant moteur de 500 watts avec des r\u00e9glages \u00e0 2 vitesses pour s\u2019adapter \u00e0 diff\u00e9rents ingr\u00e9dients et accessoires.<\/li>\n<li>Accessoires amovibles: faciles \u00e0 laver<\/li>\n<li>Apparence compacte, fonctionne efficacement et \u00e9limine le stress des t\u00e2ches quotidiennes de la cuisine. Il s\u2019int\u00e8gre parfaitement dans votre cuisine et votre maison.<\/li>\n<\/ul>\n<div>\n<div>La t\u00eate de mixage florale unique en forme de cloche r\u00e9duit les \u00e9claboussures<\/div>\n<div>Ce m\u00e9langeur \u00e0 main n\u2019est pas con\u00e7u pour \u00eatre utilis\u00e9 par des enfants.<\/div>\n<div><\/div>\n<\/div>\n","protected":false},"excerpt":{"rendered":"<p>4-en-1 multifonctionnel: puissant moteur de 500W qui fonctionne avec un faible bruit. Rapide : Pr\u00e9parez de d\u00e9licieuses soupes, jus de fruits frais et autres repas en quelques secondes. Panneau \u00e9l\u00e9gant en acier inoxydable: poign\u00e9e ergonomique pour une prise en main s\u00fbre et une protection contre les \u00e9claboussures pour \u00e9viter les \u00e9claboussures de nourriture. Il offre [&hellip;]<\/p>\n","protected":false},"featured_media":47543,"comment_status":"open","ping_status":"closed","template":"","meta":[],"product_cat":[155],"product_tag":[],"_links":{"self":[{"href":"https:\/\/shivaplus.com\/index.php\/wp-json\/wp\/v2\/product\/47542"}],"collection":[{"href":"https:\/\/shivaplus.com\/index.php\/wp-json\/wp\/v2\/product"}],"about":[{"href":"https:\/\/shivaplus.com\/index.php\/wp-json\/wp\/v2\/types\/product"}],"replies":[{"embeddable":true,"href":"https:\/\/shivaplus.com\/index.php\/wp-json\/wp\/v2\/comments?post=47542"}],"version-history":[{"count":1,"href":"https:\/\/shivaplus.com\/index.php\/wp-json\/wp\/v2\/product\/47542\/revisions"}],"predecessor-version":[{"id":47544,"href":"https:\/\/shivaplus.com\/index.php\/wp-json\/wp\/v2\/product\/47542\/revisions\/47544"}],"wp:featuredmedia":[{"embeddable":true,"href":"https:\/\/shivaplus.com\/index.php\/wp-json\/wp\/v2\/media\/47543"}],"wp:attachment":[{"href":"https:\/\/shivaplus.com\/index.php\/wp-json\/wp\/v2\/media?parent=47542"}],"wp:term":[{"taxonomy":"product_cat","embeddable":true,"href":"https:\/\/shivaplus.com\/index.php\/wp-json\/wp\/v2\/product_cat?post=47542"},{"taxonomy":"product_tag","embeddable":true,"href":"https:\/\/shivaplus.com\/index.php\/wp-json\/wp\/v2\/product_tag?post=47542"}],"curies":[{"name":"wp","href":"https:\/\/api.w.org\/{rel}","templated":true}]}}