{"id":47533,"date":"2023-08-23T13:03:20","date_gmt":"2023-08-23T11:03:20","guid":{"rendered":"https:\/\/shivaplus.com\/?post_type=product&#038;p=47533"},"modified":"2023-08-23T13:03:20","modified_gmt":"2023-08-23T11:03:20","slug":"rallonge-electrique-lightwave-lw-ext-64u-3m-2500w-6-ports-4-ports-usb-interrupteur-indicateur-lumineux-rallonge-electrique-lightwave-lw-ext-64u-3m-2500w-6-ports-4-ports-usb-interrupteur","status":"publish","type":"product","link":"https:\/\/shivaplus.com\/index.php\/produit\/rallonge-electrique-lightwave-lw-ext-64u-3m-2500w-6-ports-4-ports-usb-interrupteur-indicateur-lumineux-rallonge-electrique-lightwave-lw-ext-64u-3m-2500w-6-ports-4-ports-usb-interrupteur\/","title":{"rendered":"Rallonge Electrique Lightwave LW EXT- 64U, 3m, 2500W, 6 ports, 4 ports usb, interrupteur, indicateur lumineux Rallonge Electrique Lightwave LW EXT- 64U, 3m, 2500W, 6 ports, 4 ports usb, interrupteur, indicateur lumineux   RALLONGE ELECTRIQUE LIGHTWAVE LW EXT- 64U, 3M, 2500W, 6 PORTS, 4 PORTS USB, INTERRUPTEUR, INDICATEUR LUMINEUX"},"content":{"rendered":"<p>Rallonge \u00e9lectrique Lightwave LW EXT-64U Rallonge, 4 ports usb un interrupteur et un indicateur lumineux. Capacit\u00e9 maximum 2500W.<br \/>\nProtection contre les court-circuit et coupures. Un c\u00e2ble de 3m.<br \/>\nCon\u00e7ue pour faciliter la mobilit\u00e9 de vos appareils et combler le d\u00e9ficit de prises \u00e9lectrique cette multiprise vous offre 6 prises pour vous permettre de connecter tous vos appareils \u00e9lectriques avec s\u00fbret\u00e9 et s\u00e9curit\u00e9.<br \/>\nLa Multiprise Prises Terre offre une protection fiable de l&rsquo;alimentation des ordinateurs domestiques et de bureau ou de l&rsquo;\u00e9quipement \u00e9lectronique de la maison ou des petites entreprises.<br \/>\nElle permet de pr\u00e9venir efficacement les risques li\u00e9s aux surtensions et aux variations d&rsquo;intensit\u00e9.<\/p>\n","protected":false},"excerpt":{"rendered":"<p>Rallonge \u00e9lectrique Lightwave LW EXT-64U Rallonge, 4 ports usb un interrupteur et un indicateur lumineux. Capacit\u00e9 maximum 2500W. Protection contre les court-circuit et coupures. Un c\u00e2ble de 3m. Con\u00e7ue pour faciliter la mobilit\u00e9 de vos appareils et combler le d\u00e9ficit de prises \u00e9lectrique cette multiprise vous offre 6 prises pour vous permettre de connecter tous [&hellip;]<\/p>\n","protected":false},"featured_media":47534,"comment_status":"open","ping_status":"closed","template":"","meta":[],"product_cat":[152],"product_tag":[],"_links":{"self":[{"href":"https:\/\/shivaplus.com\/index.php\/wp-json\/wp\/v2\/product\/47533"}],"collection":[{"href":"https:\/\/shivaplus.com\/index.php\/wp-json\/wp\/v2\/product"}],"about":[{"href":"https:\/\/shivaplus.com\/index.php\/wp-json\/wp\/v2\/types\/product"}],"replies":[{"embeddable":true,"href":"https:\/\/shivaplus.com\/index.php\/wp-json\/wp\/v2\/comments?post=47533"}],"version-history":[{"count":1,"href":"https:\/\/shivaplus.com\/index.php\/wp-json\/wp\/v2\/product\/47533\/revisions"}],"predecessor-version":[{"id":47535,"href":"https:\/\/shivaplus.com\/index.php\/wp-json\/wp\/v2\/product\/47533\/revisions\/47535"}],"wp:featuredmedia":[{"embeddable":true,"href":"https:\/\/shivaplus.com\/index.php\/wp-json\/wp\/v2\/media\/47534"}],"wp:attachment":[{"href":"https:\/\/shivaplus.com\/index.php\/wp-json\/wp\/v2\/media?parent=47533"}],"wp:term":[{"taxonomy":"product_cat","embeddable":true,"href":"https:\/\/shivaplus.com\/index.php\/wp-json\/wp\/v2\/product_cat?post=47533"},{"taxonomy":"product_tag","embeddable":true,"href":"https:\/\/shivaplus.com\/index.php\/wp-json\/wp\/v2\/product_tag?post=47533"}],"curies":[{"name":"wp","href":"https:\/\/api.w.org\/{rel}","templated":true}]}}