{"id":47529,"date":"2023-08-23T13:00:49","date_gmt":"2023-08-23T11:00:49","guid":{"rendered":"https:\/\/shivaplus.com\/?post_type=product&#038;p=47529"},"modified":"2023-08-23T13:00:49","modified_gmt":"2023-08-23T11:00:49","slug":"privilegiez-le-support-de-secheuse-en-tissu-de-sol-en-acier-inoxydable","status":"publish","type":"product","link":"https:\/\/shivaplus.com\/index.php\/produit\/privilegiez-le-support-de-secheuse-en-tissu-de-sol-en-acier-inoxydable\/","title":{"rendered":"Privil\u00e9giez le support de s\u00e9cheuse en tissu de sol en acier inoxydable"},"content":{"rendered":"<p>PRIVIL\u00c9GIEZ LE S\u00c9CHOIR EN TISSU PLIABLE \u2022 Grande taille : (75-12) x 75 x 175 cm ( FOLDABLE Length x Breath x Height ) s\u00e8che-linge, id\u00e9al pour chaque maison, peut contenir un grand nombre de v\u00eatements Plusieurs tiges pour accueillir la charge de lavage utilitaire quotidienne. \u2022 Mat\u00e9riel: acier inoxydable + plastique, couleur: bleu \/ j-bleu, bleu ciel, multicolor \u2022 Cadres suspendus pliables diff\u00e9rentes combinaisons. Exemple &#8211; Pliez le cadre du milieu si vous devez s\u00e9cher un drap sur le cadre sup\u00e9rieur car il n\u00e9cessite plus d\u2019espace pour suspendre. \u2022 6 cadres suspendus (3 de chaque c\u00f4t\u00e9 du rack). 4 rails sur chaque cadre pour s\u00e9cher beaucoup de v\u00eatements \u00e0 la fois, 2 accessoires en plastique avec des trous. Utilisez-les pour accrocher des cintres avec des chemises, des pantalons, etc. \u2022 Roues en bas pour d\u00e9placer le support facilement. Les rails en acier de haute qualit\u00e9 et durables peuvent supporter le poids de v\u00eatements lourds et mouill\u00e9s. Se replie pour faciliter le stockage.<\/p>\n","protected":false},"excerpt":{"rendered":"<p>PRIVIL\u00c9GIEZ LE S\u00c9CHOIR EN TISSU PLIABLE \u2022 Grande taille : (75-12) x 75 x 175 cm ( FOLDABLE Length x Breath x Height ) s\u00e8che-linge, id\u00e9al pour chaque maison, peut contenir un grand nombre de v\u00eatements Plusieurs tiges pour accueillir la charge de lavage utilitaire quotidienne. \u2022 Mat\u00e9riel: acier inoxydable + plastique, couleur: bleu \/ [&hellip;]<\/p>\n","protected":false},"featured_media":47530,"comment_status":"open","ping_status":"closed","template":"","meta":[],"product_cat":[149],"product_tag":[],"_links":{"self":[{"href":"https:\/\/shivaplus.com\/index.php\/wp-json\/wp\/v2\/product\/47529"}],"collection":[{"href":"https:\/\/shivaplus.com\/index.php\/wp-json\/wp\/v2\/product"}],"about":[{"href":"https:\/\/shivaplus.com\/index.php\/wp-json\/wp\/v2\/types\/product"}],"replies":[{"embeddable":true,"href":"https:\/\/shivaplus.com\/index.php\/wp-json\/wp\/v2\/comments?post=47529"}],"version-history":[{"count":2,"href":"https:\/\/shivaplus.com\/index.php\/wp-json\/wp\/v2\/product\/47529\/revisions"}],"predecessor-version":[{"id":47532,"href":"https:\/\/shivaplus.com\/index.php\/wp-json\/wp\/v2\/product\/47529\/revisions\/47532"}],"wp:featuredmedia":[{"embeddable":true,"href":"https:\/\/shivaplus.com\/index.php\/wp-json\/wp\/v2\/media\/47530"}],"wp:attachment":[{"href":"https:\/\/shivaplus.com\/index.php\/wp-json\/wp\/v2\/media?parent=47529"}],"wp:term":[{"taxonomy":"product_cat","embeddable":true,"href":"https:\/\/shivaplus.com\/index.php\/wp-json\/wp\/v2\/product_cat?post=47529"},{"taxonomy":"product_tag","embeddable":true,"href":"https:\/\/shivaplus.com\/index.php\/wp-json\/wp\/v2\/product_tag?post=47529"}],"curies":[{"name":"wp","href":"https:\/\/api.w.org\/{rel}","templated":true}]}}