{"id":47516,"date":"2023-08-21T16:36:49","date_gmt":"2023-08-21T14:36:49","guid":{"rendered":"https:\/\/shivaplus.com\/?post_type=product&#038;p=47516"},"modified":"2023-08-21T16:36:49","modified_gmt":"2023-08-21T14:36:49","slug":"telionix-7-en1-robot-culinairetsb1950","status":"publish","type":"product","link":"https:\/\/shivaplus.com\/index.php\/produit\/telionix-7-en1-robot-culinairetsb1950\/","title":{"rendered":"Telionix 7 EN1 Robot culinaire,TSB1950"},"content":{"rendered":"<ul class=\"a-unordered-list a-vertical a-spacing-mini\">\n<li class=\"a-spacing-mini\"><span class=\"a-list-item\">Robot culinaire 7 EN 1<\/span><\/li>\n<li class=\"a-spacing-mini\"><span class=\"a-list-item\">Fonction \u00e0 deux vitesses et impulsions<\/span><\/li>\n<li class=\"a-spacing-mini\"><span class=\"a-list-item\">Protection contre la surchauffe<\/span><\/li>\n<li class=\"a-spacing-mini\"><span class=\"a-list-item\">M\u00e9langeur rapide de presse-agrumes -M\u00e9langeur &#8211; Broyeur sec<\/span><\/li>\n<li class=\"a-spacing-mini\"><span class=\"a-list-item\">Ac220-240V.50-60Hz.600Watt<\/span><\/li>\n<\/ul>\n","protected":false},"excerpt":{"rendered":"<p>Robot culinaire 7 EN 1 Fonction \u00e0 deux vitesses et impulsions Protection contre la surchauffe M\u00e9langeur rapide de presse-agrumes -M\u00e9langeur &#8211; Broyeur sec Ac220-240V.50-60Hz.600Watt<\/p>\n","protected":false},"featured_media":47517,"comment_status":"open","ping_status":"closed","template":"","meta":[],"product_cat":[155],"product_tag":[],"_links":{"self":[{"href":"https:\/\/shivaplus.com\/index.php\/wp-json\/wp\/v2\/product\/47516"}],"collection":[{"href":"https:\/\/shivaplus.com\/index.php\/wp-json\/wp\/v2\/product"}],"about":[{"href":"https:\/\/shivaplus.com\/index.php\/wp-json\/wp\/v2\/types\/product"}],"replies":[{"embeddable":true,"href":"https:\/\/shivaplus.com\/index.php\/wp-json\/wp\/v2\/comments?post=47516"}],"version-history":[{"count":1,"href":"https:\/\/shivaplus.com\/index.php\/wp-json\/wp\/v2\/product\/47516\/revisions"}],"predecessor-version":[{"id":47521,"href":"https:\/\/shivaplus.com\/index.php\/wp-json\/wp\/v2\/product\/47516\/revisions\/47521"}],"wp:featuredmedia":[{"embeddable":true,"href":"https:\/\/shivaplus.com\/index.php\/wp-json\/wp\/v2\/media\/47517"}],"wp:attachment":[{"href":"https:\/\/shivaplus.com\/index.php\/wp-json\/wp\/v2\/media?parent=47516"}],"wp:term":[{"taxonomy":"product_cat","embeddable":true,"href":"https:\/\/shivaplus.com\/index.php\/wp-json\/wp\/v2\/product_cat?post=47516"},{"taxonomy":"product_tag","embeddable":true,"href":"https:\/\/shivaplus.com\/index.php\/wp-json\/wp\/v2\/product_tag?post=47516"}],"curies":[{"name":"wp","href":"https:\/\/api.w.org\/{rel}","templated":true}]}}