{"id":47508,"date":"2023-08-21T14:45:55","date_gmt":"2023-08-21T12:45:55","guid":{"rendered":"https:\/\/shivaplus.com\/?post_type=product&#038;p=47508"},"modified":"2023-08-21T14:45:55","modified_gmt":"2023-08-21T12:45:55","slug":"ventilateur-a1695-binatone","status":"publish","type":"product","link":"https:\/\/shivaplus.com\/index.php\/produit\/ventilateur-a1695-binatone\/","title":{"rendered":"Ventilateur \u2013 A1695 Binatone"},"content":{"rendered":"<p>Adaptable pour le salon, les chambres et les bureaux, le ventilateur Binatone avec\u00a0<strong>a<\/strong><strong>ffichage num\u00e9rique et tactile \u00e0 \u00e9t\u00e9 con\u00e7u\u00a0<\/strong>avec \u00e9l\u00e9gance et robuste pour vous permettre de vous d\u00e9barrasser de la chaleur et de profiter de la fra\u00eecheur.<\/p>\n<p>Plus particuli\u00e8rement, le\u00a0<strong>ventilateur Binatone A1695\u00a0<\/strong>comporte des lames fonctionnant avec une efficacit\u00e9 \u00e9lev\u00e9e vous offrant une fra\u00eecheur maximale. Ce ventilateur est simple \u00e0 utiliser avec\u00a0<strong>4 boutons de vitesse<\/strong>. Les lames \u00e0\u00a0<strong>5 ailettes<\/strong>\u00a0fournissent un flux d\u2019air doux et venteux, \u00e0 plein r\u00e9gime, tout en restant silencieuses dans tous les r\u00e9glages. Sa hauteur est r\u00e9glable jusqu\u2019\u00e0\u00a0<strong>1,6 m<\/strong>\u00a0et il peut pivoter.\u00a0En plus c\u2019est un ventilateur sur pied de longue dur\u00e9e.<\/p>\n<p>La s\u00e9curit\u00e9 des enfants est la principale pr\u00e9occupation des parents. \u00c0 la fois fonctionnel et esth\u00e9tique, ce mod\u00e8le est un gagnant qui durera!<\/p>\n","protected":false},"excerpt":{"rendered":"<p>Adaptable pour le salon, les chambres et les bureaux, le ventilateur Binatone avec\u00a0affichage num\u00e9rique et tactile \u00e0 \u00e9t\u00e9 con\u00e7u\u00a0avec \u00e9l\u00e9gance et robuste pour vous permettre de vous d\u00e9barrasser de la chaleur et de profiter de la fra\u00eecheur. Plus particuli\u00e8rement, le\u00a0ventilateur Binatone A1695\u00a0comporte des lames fonctionnant avec une efficacit\u00e9 \u00e9lev\u00e9e vous offrant une fra\u00eecheur maximale. Ce [&hellip;]<\/p>\n","protected":false},"featured_media":47509,"comment_status":"open","ping_status":"closed","template":"","meta":[],"product_cat":[152,149],"product_tag":[],"_links":{"self":[{"href":"https:\/\/shivaplus.com\/index.php\/wp-json\/wp\/v2\/product\/47508"}],"collection":[{"href":"https:\/\/shivaplus.com\/index.php\/wp-json\/wp\/v2\/product"}],"about":[{"href":"https:\/\/shivaplus.com\/index.php\/wp-json\/wp\/v2\/types\/product"}],"replies":[{"embeddable":true,"href":"https:\/\/shivaplus.com\/index.php\/wp-json\/wp\/v2\/comments?post=47508"}],"version-history":[{"count":1,"href":"https:\/\/shivaplus.com\/index.php\/wp-json\/wp\/v2\/product\/47508\/revisions"}],"predecessor-version":[{"id":47511,"href":"https:\/\/shivaplus.com\/index.php\/wp-json\/wp\/v2\/product\/47508\/revisions\/47511"}],"wp:featuredmedia":[{"embeddable":true,"href":"https:\/\/shivaplus.com\/index.php\/wp-json\/wp\/v2\/media\/47509"}],"wp:attachment":[{"href":"https:\/\/shivaplus.com\/index.php\/wp-json\/wp\/v2\/media?parent=47508"}],"wp:term":[{"taxonomy":"product_cat","embeddable":true,"href":"https:\/\/shivaplus.com\/index.php\/wp-json\/wp\/v2\/product_cat?post=47508"},{"taxonomy":"product_tag","embeddable":true,"href":"https:\/\/shivaplus.com\/index.php\/wp-json\/wp\/v2\/product_tag?post=47508"}],"curies":[{"name":"wp","href":"https:\/\/api.w.org\/{rel}","templated":true}]}}