{"id":47505,"date":"2023-08-21T14:35:56","date_gmt":"2023-08-21T12:35:56","guid":{"rendered":"https:\/\/shivaplus.com\/?post_type=product&#038;p=47505"},"modified":"2023-08-21T14:35:56","modified_gmt":"2023-08-21T12:35:56","slug":"ventilateur-sur-pied-binatone-18-pouces-ts-1880-mk2","status":"publish","type":"product","link":"https:\/\/shivaplus.com\/index.php\/produit\/ventilateur-sur-pied-binatone-18-pouces-ts-1880-mk2\/","title":{"rendered":"Ventilateur sur pied Binatone 18 pouces TS-1880 \u2013 MK2"},"content":{"rendered":"<p>Les ailettes en aluminium \u00e0 bord incurv\u00e9 de ces ventilateurs hautes performances de la s\u00e9rie\u00a0<b>Binatone Typhoon<\/b>\u00a0distribuent un flux d\u2019air sans pr\u00e9c\u00e9dent pendant des ann\u00e9es et gr\u00e2ce \u00e0 son moteur longue dur\u00e9e.<img decoding=\"async\" loading=\"lazy\" class=\"alignnone\" src=\"https:\/\/ng.jumia.is\/cms\/external\/pet\/BI681HL0GCCMTNAFAMZ\/614f86ff5eaa2c7266241fe1cc91c31e.jpg\" alt=\"\" width=\"121\" height=\"122\" data-src=\"https:\/\/ng.jumia.is\/cms\/external\/pet\/BI681HL0GCCMTNAFAMZ\/614f86ff5eaa2c7266241fe1cc91c31e.jpg\" \/><\/p>\n<p><span style=\"vertical-align: inherit;\">Lames 18 pouces 45 cm<\/span><\/p>\n<p><img decoding=\"async\" src=\"https:\/\/ng.jumia.is\/cms\/external\/pet\/BI681HL0GCCMTNAFAMZ\/298e360fbc9f2e54d443841cbf3a91b0.jpg\" alt=\"\" data-src=\"https:\/\/ng.jumia.is\/cms\/external\/pet\/BI681HL0GCCMTNAFAMZ\/298e360fbc9f2e54d443841cbf3a91b0.jpg\" \/><\/p>\n<p><span style=\"vertical-align: inherit;\">Puissance 130w<\/span><\/p>\n<p><span style=\"vertical-align: inherit;\">La technologie et le design font l\u2019objet d\u2019une attention toute particuli\u00e8re au si\u00e8ge social de Binatone, mais pas au d\u00e9triment de la s\u00e9curit\u00e9.\u00a0Tous les produits sont s\u00fbrs pour \u00eatre utilis\u00e9s r\u00e9guli\u00e8rement par les clients.\u00a0Un de ces produits qui efface tous les tests de s\u00e9curit\u00e9 est le\u00a0<\/span><b>TS-1880 MK2<\/b><span style=\"vertical-align: inherit;\">\u00a0.\u00a0Avec une grille de s\u00e9curit\u00e9 \u00e0 135 nervures, c\u2019est l\u2019un des ventilateurs les plus s\u00fbrs du march\u00e9.\u00a0\u00c9quip\u00e9 d\u2019un moteur durable \u00e0 haut rendement qui fonctionne sur une alimentation de 130 watts, vous \u00eates s\u00fbr de recevoir les meilleurs r\u00e9sultats de distribution d\u2019air.\u00a0Le m\u00e9tal de haute qualit\u00e9 utilis\u00e9 dans le corps du ventilateur lui permet d\u2019\u00eatre robuste.\u00a0Les trois pales \u00e0 trois ailettes de 18 pouces de long sont en aluminium et fournissent donc un d\u00e9bit d\u2019air \u00e0 3 vitesses diff\u00e9rentes.<\/span><\/p>\n","protected":false},"excerpt":{"rendered":"<p>Les ailettes en aluminium \u00e0 bord incurv\u00e9 de ces ventilateurs hautes performances de la s\u00e9rie\u00a0Binatone Typhoon\u00a0distribuent un flux d\u2019air sans pr\u00e9c\u00e9dent pendant des ann\u00e9es et gr\u00e2ce \u00e0 son moteur longue dur\u00e9e. Lames 18 pouces 45 cm Puissance 130w La technologie et le design font l\u2019objet d\u2019une attention toute particuli\u00e8re au si\u00e8ge social de Binatone, mais [&hellip;]<\/p>\n","protected":false},"featured_media":47506,"comment_status":"open","ping_status":"closed","template":"","meta":[],"product_cat":[149],"product_tag":[],"_links":{"self":[{"href":"https:\/\/shivaplus.com\/index.php\/wp-json\/wp\/v2\/product\/47505"}],"collection":[{"href":"https:\/\/shivaplus.com\/index.php\/wp-json\/wp\/v2\/product"}],"about":[{"href":"https:\/\/shivaplus.com\/index.php\/wp-json\/wp\/v2\/types\/product"}],"replies":[{"embeddable":true,"href":"https:\/\/shivaplus.com\/index.php\/wp-json\/wp\/v2\/comments?post=47505"}],"version-history":[{"count":1,"href":"https:\/\/shivaplus.com\/index.php\/wp-json\/wp\/v2\/product\/47505\/revisions"}],"predecessor-version":[{"id":47507,"href":"https:\/\/shivaplus.com\/index.php\/wp-json\/wp\/v2\/product\/47505\/revisions\/47507"}],"wp:featuredmedia":[{"embeddable":true,"href":"https:\/\/shivaplus.com\/index.php\/wp-json\/wp\/v2\/media\/47506"}],"wp:attachment":[{"href":"https:\/\/shivaplus.com\/index.php\/wp-json\/wp\/v2\/media?parent=47505"}],"wp:term":[{"taxonomy":"product_cat","embeddable":true,"href":"https:\/\/shivaplus.com\/index.php\/wp-json\/wp\/v2\/product_cat?post=47505"},{"taxonomy":"product_tag","embeddable":true,"href":"https:\/\/shivaplus.com\/index.php\/wp-json\/wp\/v2\/product_tag?post=47505"}],"curies":[{"name":"wp","href":"https:\/\/api.w.org\/{rel}","templated":true}]}}